{"id":17488,"date":"2026-03-18T22:04:42","date_gmt":"2026-03-18T21:04:42","guid":{"rendered":"https:\/\/gltestm.webology.pl\/produkt\/schneiderkreide-in-bleistift-selbstschuettelnd-blau\/"},"modified":"2026-03-22T21:15:05","modified_gmt":"2026-03-22T20:15:05","slug":"schneiderkreide-in-bleistift-selbstschuettelnd-blau","status":"publish","type":"product","link":"https:\/\/gltestm.webology.pl\/de\/produkt\/schneiderkreide-in-bleistift-selbstschuettelnd-blau\/","title":{"rendered":"Schneiderkreide in Bleistift selbstsch\u00fcttelnd blau"},"content":{"rendered":"<h2><strong>Einfache und bequeme Bedienung<\/strong><\/h2>\n<p>Haben Sie sich jemals gefragt, wie Sie sich Ihre N\u00e4harbeit erleichtern und Zeit f\u00fcr das st\u00e4ndige Sch\u00e4rfen der Kreide sparen k\u00f6nnen? Wir haben eine L\u00f6sung f\u00fcr Sie! Eine Schneiderkreide, die sich selbst sch\u00e4rft, ist die Antwort auf Ihre Bed\u00fcrfnisse. Machen Sie sich bereit f\u00fcr eine Revolution in der Welt der Schneiderei.<\/p>\n<h2><strong>Wie funktioniert sie? <\/strong><\/h2>\n<p>Das ist ganz einfach! Diese Schneiderkreide ist so konzipiert, dass Sie sie ganz einfach und ohne zus\u00e4tzliches Werkzeug sch\u00e4rfen k\u00f6nnen. Sie m\u00fcssen nur die mitgelieferte Schnur verwenden, die die Kreide &#8222;schneidet&#8220;, und dann das Papier, in das sie eingewickelt ist, abwickeln. Sie brauchen sich weder die H\u00e4nde schmutzig zu machen noch andere Werkzeuge zu benutzen &#8211; unsere Kreide ist \u00e4u\u00dferst praktisch in der Anwendung.<\/p>\n<h2><strong>Multifunktionalit\u00e4t und Pr\u00e4zision<\/strong><\/h2>\n<p>Und das ist noch nicht alles! Die Schneiderkreide eignet sich perfekt zum Anbringen von Schnitten an Stoffen und f\u00fcr andere N\u00e4hkorrekturen. Ihre Vielseitigkeit bedeutet, dass Sie sie nicht nur f\u00fcr Stoffe, sondern beispielsweise auch f\u00fcr Leder verwenden k\u00f6nnen. So werden Ihre Entw\u00fcrfe noch pr\u00e4ziser und professioneller.<\/p>\n<h2><strong>Ideal f\u00fcr Stoffe<\/strong><\/h2>\n<p>Ganz gleich, ob Sie ein Werkzeug zum Anbringen eines Schnitts auf Stoffen oder zum Markieren von Schneiderkorrekturen suchen, unsere Schneiderkreide ist die perfekte L\u00f6sung. Durch die pr\u00e4zise Markierung erhalten Ihre Entw\u00fcrfe ein professionelles Aussehen.<\/p>\n<h2><strong>Vorteile der selbstsch\u00e4rfenden Kreide<\/strong><\/h2>\n<ul>\n<li>Automatische Sch\u00e4rfung: Immer scharf, kein manuelles Sch\u00e4rfen erforderlich.<\/li>\n<li>Bequemer Gebrauch: Einfach zu benutzen, keine schmutzigen H\u00e4nde.<\/li>\n<li>Multifunktionalit\u00e4t: Ideal f\u00fcr Stoff und Leder<\/li>\n<\/ul>\n<h2><strong>Leichteres und pr\u00e4ziseres Schneidern<\/strong><\/h2>\n<p>Mit unserer Schneiderkreide, die sich selbst sch\u00e4rft, k\u00f6nnen Sie jetzt noch einfacher und pr\u00e4ziser schneidern. Mit einer L\u00e4nge von 16,7 cm liegt sie bequem und sicher in der Hand. Entscheiden Sie sich f\u00fcr Innovation und bestellen Sie unsere Schneiderkreide noch heute!<\/p>\n","protected":false},"excerpt":{"rendered":"<p>Blaue Schneiderkreide in einem 16,7 cm langen Bleistift. Selbstsch\u00e4rfend.<\/p>\n","protected":false},"featured_media":13221,"comment_status":"open","ping_status":"closed","template":"","meta":[],"product_brand":[],"product_cat":[745],"product_tag":[],"class_list":{"0":"post-17488","1":"product","2":"type-product","3":"status-publish","4":"has-post-thumbnail","6":"product_cat-mydelka-krawieckie-i-ich-zamienniki","8":"first","9":"instock","10":"taxable","11":"shipping-taxable","12":"purchasable","13":"product-type-simple"},"_links":{"self":[{"href":"https:\/\/gltestm.webology.pl\/de\/wp-json\/wp\/v2\/product\/17488","targetHints":{"allow":["GET"]}}],"collection":[{"href":"https:\/\/gltestm.webology.pl\/de\/wp-json\/wp\/v2\/product"}],"about":[{"href":"https:\/\/gltestm.webology.pl\/de\/wp-json\/wp\/v2\/types\/product"}],"replies":[{"embeddable":true,"href":"https:\/\/gltestm.webology.pl\/de\/wp-json\/wp\/v2\/comments?post=17488"}],"version-history":[{"count":0,"href":"https:\/\/gltestm.webology.pl\/de\/wp-json\/wp\/v2\/product\/17488\/revisions"}],"wp:featuredmedia":[{"embeddable":true,"href":"https:\/\/gltestm.webology.pl\/de\/wp-json\/wp\/v2\/media\/13221"}],"wp:attachment":[{"href":"https:\/\/gltestm.webology.pl\/de\/wp-json\/wp\/v2\/media?parent=17488"}],"wp:term":[{"taxonomy":"product_brand","embeddable":true,"href":"https:\/\/gltestm.webology.pl\/de\/wp-json\/wp\/v2\/product_brand?post=17488"},{"taxonomy":"product_cat","embeddable":true,"href":"https:\/\/gltestm.webology.pl\/de\/wp-json\/wp\/v2\/product_cat?post=17488"},{"taxonomy":"product_tag","embeddable":true,"href":"https:\/\/gltestm.webology.pl\/de\/wp-json\/wp\/v2\/product_tag?post=17488"}],"curies":[{"name":"wp","href":"https:\/\/api.w.org\/{rel}","templated":true}]}}