{"id":17484,"date":"2026-03-18T22:04:42","date_gmt":"2026-03-18T21:04:42","guid":{"rendered":"https:\/\/gltestm.webology.pl\/produkt\/stifte-mit-glaskopf-34-mm-lang\/"},"modified":"2026-03-22T21:15:04","modified_gmt":"2026-03-22T20:15:04","slug":"stifte-mit-glaskopf-34-mm-lang","status":"publish","type":"product","link":"https:\/\/gltestm.webology.pl\/de\/produkt\/stifte-mit-glaskopf-34-mm-lang\/","title":{"rendered":"Stifte mit Glaskopf 34 mm lang"},"content":{"rendered":"<h2><strong>Was sind die besonderen Merkmale von Schneiderstiften?<\/strong><\/h2>\n<p>Schneiderstifte mit glasfarbenen K\u00f6pfen sind gut zu sehen, stechen ein und halten gut. Die Nadeln sind von hoher Qualit\u00e4t, unzerbrechlich und im Vergleich zu Metallnadeln etwas flexibler. Sie eignen sich sowohl zum N\u00e4hen als auch f\u00fcr den Einsatz im B\u00fcro.<\/p>\n<h2><strong>Abmessungen der Stecknadeln mit Glaskopf<\/strong><\/h2>\n<p>Abmessungen:<\/p>\n<ul>\n<li>L\u00e4nge: <strong>34 mm<\/strong><\/li>\n<li>Durchmesser des Drahtes:  0<strong>,4 mm<\/strong><\/li>\n<li>Durchmesser des Kopfes:  2<strong>,7 mm<\/strong><\/li>\n<\/ul>\n<h2><strong>Anzahl der Stifte pro Packung<\/strong><\/h2>\n<p>Die Stifte sind in einer Kunststoffbox verpackt. In der Packung befinden sich 12 g Stifte, also etwa 80 St\u00fcck.<\/p>\n","protected":false},"excerpt":{"rendered":"<p>Satz Stoffnadeln mit Glaskopf in Kunststoffbox, 34 mm lang.  80 St\u00fcck. 12 g.<\/p>\n","protected":false},"featured_media":14970,"comment_status":"open","ping_status":"closed","template":"","meta":[],"product_brand":[],"product_cat":[740],"product_tag":[],"class_list":{"0":"post-17484","1":"product","2":"type-product","3":"status-publish","4":"has-post-thumbnail","6":"product_cat-szpilki-agrafki-i-poduszeczki","8":"first","9":"instock","10":"taxable","11":"shipping-taxable","12":"purchasable","13":"product-type-simple"},"_links":{"self":[{"href":"https:\/\/gltestm.webology.pl\/de\/wp-json\/wp\/v2\/product\/17484","targetHints":{"allow":["GET"]}}],"collection":[{"href":"https:\/\/gltestm.webology.pl\/de\/wp-json\/wp\/v2\/product"}],"about":[{"href":"https:\/\/gltestm.webology.pl\/de\/wp-json\/wp\/v2\/types\/product"}],"replies":[{"embeddable":true,"href":"https:\/\/gltestm.webology.pl\/de\/wp-json\/wp\/v2\/comments?post=17484"}],"version-history":[{"count":0,"href":"https:\/\/gltestm.webology.pl\/de\/wp-json\/wp\/v2\/product\/17484\/revisions"}],"wp:featuredmedia":[{"embeddable":true,"href":"https:\/\/gltestm.webology.pl\/de\/wp-json\/wp\/v2\/media\/14970"}],"wp:attachment":[{"href":"https:\/\/gltestm.webology.pl\/de\/wp-json\/wp\/v2\/media?parent=17484"}],"wp:term":[{"taxonomy":"product_brand","embeddable":true,"href":"https:\/\/gltestm.webology.pl\/de\/wp-json\/wp\/v2\/product_brand?post=17484"},{"taxonomy":"product_cat","embeddable":true,"href":"https:\/\/gltestm.webology.pl\/de\/wp-json\/wp\/v2\/product_cat?post=17484"},{"taxonomy":"product_tag","embeddable":true,"href":"https:\/\/gltestm.webology.pl\/de\/wp-json\/wp\/v2\/product_tag?post=17484"}],"curies":[{"name":"wp","href":"https:\/\/api.w.org\/{rel}","templated":true}]}}