{"id":17476,"date":"2026-03-18T22:04:41","date_gmt":"2026-03-18T21:04:41","guid":{"rendered":"https:\/\/gltestm.webology.pl\/produkt\/overlock-2023\/"},"modified":"2026-03-22T21:15:00","modified_gmt":"2026-03-22T20:15:00","slug":"overlock-2023","status":"publish","type":"product","link":"https:\/\/gltestm.webology.pl\/de\/produkt\/overlock-2023\/","title":{"rendered":"Overlock 2023"},"content":{"rendered":"<h2>Entdecken Sie die Welt des kreativen N\u00e4hens mit der Overlock 2023!<\/h2>\n<p>Unsere neueste Overlock <strong>2023<\/strong> wird Ihre N\u00e4hk\u00fcnste auf ein <strong>ganz neues Niveau<\/strong> heben. Machen Sie sich bereit f\u00fcr eine faszinierende Reise durch die Welt des <strong>Pr\u00e4zisionsn\u00e4hens<\/strong> und der <strong>unbegrenzten<\/strong> kreativen M\u00f6glichkeiten!<\/p>\n<h2>Die wichtigsten Merkmale der Overlock 2023<\/h2>\n<ul>\n<li>Leistung <strong>100 W<\/strong><\/li>\n<li>Anzahl der <strong>F\u00e4den<\/strong>: <strong>4<\/strong><\/li>\n<li>Anzahl der <strong>Nadeln<\/strong>: <strong>2<\/strong><\/li>\n<li>Anzahl der <strong>Stiche<\/strong>: <strong>12<\/strong><\/li>\n<li>Sticharten: <strong>Overlock-<\/strong>, <strong>Roll-<\/strong> und <strong>Plattstich<\/strong> <\/li>\n<li><strong>Stichbreitenverstellung<\/strong> 1-7 mm<\/li>\n<li><strong>Stichl\u00e4ngenverstellung<\/strong> 1,1-4 mm<\/li>\n<li>Einstellung der <strong>Fadenspannung<\/strong> 0-9<\/li>\n<li>Einstellung des <strong>Fu\u00dfdrucks<\/strong> <\/li>\n<li><strong>Differentialtransport<\/strong><strong>(Differenzial<\/strong>) 0,7-2 mm<\/li>\n<li>Einfaches Einf\u00e4deln<strong>(Farbcodierungssystem<\/strong>)<\/li>\n<li><strong>N\u00e4hgeschwindigkeit 1300 RPM<\/strong><\/li>\n<li>Vergr\u00f6\u00dferte N\u00e4hfl\u00e4che (11 cm)<\/li>\n<li>Abgerundeter Freiarm f\u00fcr einfachen Stofftransport<\/li>\n<li>Fu\u00dfst\u00fctzen mit einem Durchmesser von 4 cm, um die Stabilit\u00e4t der Maschine zu gew\u00e4hrleisten<\/li>\n<li>Eingebaute LED-Beleuchtung<\/li>\n<\/ul>\n<h2>Standard-Ausstattung<\/h2>\n<ul>\n<li>Fu\u00df zum Einn\u00e4hen von <strong>Paspeln mit Kordel<\/strong><\/li>\n<li>Fu\u00df zum Einn\u00e4hen von <strong>elastischen B\u00e4ndern<\/strong><\/li>\n<li><strong>Abdeckstich-Fu\u00df<\/strong> <\/li>\n<li><strong>Nadelsatz<\/strong> (zwei Nadeln in der Verpackung und zwei auf der Overlock montiert)<\/li>\n<li><strong>4 Spulen mit<\/strong> wei\u00dfem Garn<\/li>\n<li><strong>4<\/strong> <strong>Schutzh\u00fcllen<\/strong> f\u00fcr Garnspulen w\u00e4hrend der Aufbewahrung<\/li>\n<li><strong>4<\/strong> Spulenzentrier- und <strong>Stabilisierungskappen<\/strong> <\/li>\n<li><strong>4 Spulenanschl\u00e4ge<\/strong> <\/li>\n<li>Konverter f\u00fcr <strong>2-Faden-N\u00e4hen<\/strong> <\/li>\n<li>Fu\u00dfgeschwindigkeitsregler<\/li>\n<li>B\u00fcrste<\/li>\n<li>Staubschutzhaube<\/li>\n<li>Beh\u00e4lter f\u00fcr Schnittgut<\/li>\n<li>Pinzette<\/li>\n<li>Inbusschl\u00fcssel zum Wechseln der Nadeln<\/li>\n<li>Schraubendreher<\/li>\n<\/ul>\n<h2>Sch\u00f6nheit in jedem Stich<\/h2>\n<p>Die Overlock 2023 ist ein Ger\u00e4t, mit dem Sie zuverl\u00e4ssig <strong>hervorragende<\/strong> <strong>N\u00e4hergebnisse<\/strong> erzielen. Mit seiner Hilfe k\u00f6nnen Sie die haltbarsten und professionellsten Stiche machen. Die Anzahl der F\u00e4den &#8211; 2, 3 oder 4 &#8211; gibt Ihnen gro\u00dfe <strong>Flexibilit\u00e4t<\/strong> bei der Erstellung einer Vielzahl von Projekten. Die Verwendung von <strong>1<\/strong> oder <strong>2 Nadeln<\/strong> erm\u00f6glicht es Ihnen, noch pr\u00e4ziser im Detail zu sein.<\/p>\n<h2>Entdecken Sie das Geheimnis f\u00fcr perfekte Stiche<\/h2>\n<p>Was auch immer Sie n\u00e4hen m\u00f6chten, die Overlock 2023 hat die richtige L\u00f6sung f\u00fcr Sie. W\u00e4hlen Sie aus <strong>12 verschiedenen Stichen<\/strong>, die Ihnen die T\u00fcren zu <strong>unz\u00e4hligen Projekten<\/strong> \u00f6ffnen werden. Die einstellbare <strong>Stichbreite<\/strong> von <strong>1<\/strong> bis <strong>7 mm<\/strong> und die <strong>Stichl\u00e4nge<\/strong> von <strong>1,1<\/strong> bis <strong>4 mm<\/strong> geben Ihnen die volle Kontrolle \u00fcber jedes Detail Ihres Meisterwerks. Au\u00dferdem sorgen die <strong>einstellbare Fadenspannung<\/strong> von <strong>0<\/strong> bis <strong>9<\/strong> und der <strong>Fu\u00dfdruck<\/strong> daf\u00fcr, dass Ihre Stiche immer perfekt sind.<\/p>\n<h2>Verl\u00e4sslichkeit, die Ihnen den Atem raubt<\/h2>\n<p>Bei der Entwicklung der Overlock 2023 stand <strong>Ihr Komfort<\/strong> im Vordergrund. Dank eines <strong>Differentialtransports<\/strong> (Differential) mit einem Bereich von <strong>0,7<\/strong> bis <strong>2 mm<\/strong> <strong>laufen<\/strong> Ihre Stoffe immer <strong>gleichm\u00e4\u00dfig<\/strong> und <strong>reibungslos<\/strong> <strong>unter dem Fu\u00df<\/strong> durch.<\/p>\n<p>Und das Wichtigste: Das <strong>einfache Einf\u00e4deln macht<\/strong> die Benutzung dieser Overlockmaschine zu einem Vergn\u00fcgen. Vergessen Sie die <strong>frustrierende Zeitverschwendung<\/strong> f\u00fcr kompliziertes Einf\u00e4deln &#8211; dank des <strong>farbcodierten Markierungssystems<\/strong> gelingt es Ihnen jetzt im Handumdrehen.<\/p>\n<h2>Technologie und Innovation f\u00fcr Ihre Leidenschaft<\/h2>\n<p>Die Overlock 2023 ist nicht nur <strong>zuverl\u00e4ssig<\/strong>, sondern auch <strong>leistungsstark<\/strong> und technologisch <strong>fortschrittlich<\/strong>. Mit einer N\u00e4hgeschwindigkeit von <strong>1300 U\/min<\/strong> k\u00f6nnen Sie Ihre Projekte <strong>schnell<\/strong> und <strong>effizient<\/strong> umsetzen. Die <strong>100 Watt<\/strong> Leistung sorgen f\u00fcr einen reibungslosen und zuverl\u00e4ssigen Betrieb unter allen Bedingungen.<\/p>\n<p><strong>Eine vergr\u00f6\u00dferte N\u00e4hfl\u00e4che<\/strong> mit einer Breite von <strong>11 cm<\/strong>, ein <strong>abgerundeter Freiarm<\/strong> f\u00fcr den einfachen Transport von Stoffen und <strong>stabile Fu\u00dfst\u00fctzen<\/strong> mit einem Durchmesser von 4 cm garantieren dar\u00fcber hinaus <strong>Komfort<\/strong> und <strong>Pr\u00e4zision<\/strong> beim Arbeiten.<\/p>\n<h2>Entdecken Sie eine Welt voller M\u00f6glichkeiten<\/h2>\n<p>Die Overlock 2023 w\u00e4re nicht komplett ohne das <strong>Zubeh\u00f6r<\/strong>, das Sie mit ihr erhalten.<\/p>\n<p>Zusammen mit der Overlock erhalten Sie <strong>3 Spezialf\u00fc\u00dfe<\/strong>:<\/p>\n<ul>\n<li>einen Fu\u00df zum Einn\u00e4hen von Paspeln mit Schnur,<\/li>\n<li>fu\u00df zum Einn\u00e4hen von Gummib\u00e4ndern<\/li>\n<li>verdeckter Nahtfu\u00df<\/li>\n<\/ul>\n<p>Weitere <strong>Overlockf\u00fc\u00dfe<\/strong> finden Sie in unserem Angebot auf <strong><span><a href=\"https:\/\/galerialucznik.pl\/pl\/menu\/czesci-i-akcesoria\/stopki-i-lamowniki\/stopki-do-overlockow-664.html\" target=\"_blank\" rel=\"noopener\">dieser Seite<\/a><\/span>.<\/strong> <\/p>\n<p>Ein Satz <strong>Nadeln<\/strong>, eine <strong>Pinzette<\/strong>, <strong>ein Inbusschl\u00fcssel<\/strong> zum Wechseln der Nadeln, ein <strong>Schraubenzieher<\/strong> &#8211; alles, was Sie brauchen, damit Ihre Overlock 2023 perfekt funktioniert. Wenn Sie mehr Nadeln ben\u00f6tigen, schauen Sie <strong><span><a href=\"https:\/\/galerialucznik.pl\/pl\/menu\/czesci-i-akcesoria\/akcesoria-do-maszyn-do-szycia\/igly-do-maszyn-676.html\" target=\"_blank\" rel=\"noopener\">hier<\/a><\/span><\/strong> nach <strong>.<\/strong><\/p>\n<p>Au\u00dferdem gibt es <strong>4 Spulenzentrier- und Stabilisierungskappen<\/strong>, <strong>4 Spulenstopper<\/strong>, eine B\u00fcrste, eine <strong>Staubschutzh\u00fclle<\/strong>, 4 <strong>Netze zum Schutz<\/strong> Ihrer Fadenspulen w\u00e4hrend der Aufbewahrung<strong>, 4 Spulen mit wei\u00dfem Garn<\/strong> und einen <strong>2-Faden-Stichkonverter<\/strong>. Suchen Sie nach anderen fantastischen Garnfarben f\u00fcr Ihre neue Overlockmaschine? Sehen Sie sich unser Angebot auf <span><strong><a href=\"https:\/\/galerialucznik.pl\/pl\/menu\/przybory-do-szycia\/nici\/nici-do-overlockow-694.html\" target=\"_blank\" rel=\"noopener\">dieser Seite<\/a><\/strong><\/span> an.<\/p>\n<p>Hier erhalten Sie alles aus <strong>einer Hand<\/strong>, um das Beste aus Ihrer Overlock 2023 herauszuholen.<\/p>\n<h2>Schlie\u00dfen Sie sich der N\u00e4hrevolution mit Archer an!<\/h2>\n<p>Lassen Sie unsere neueste Overlockmaschine Ihre Ideen in die Realit\u00e4t umsetzen. Entdecken Sie Ihre <strong>k\u00fcnstlerischen M\u00f6glichkeiten<\/strong> und genie\u00dfen Sie eine <strong>Zuverl\u00e4ssigkeit<\/strong> und <strong>Pr\u00e4zision<\/strong>, wie Sie sie noch nie zuvor erlebt haben. Entscheiden Sie sich f\u00fcr die Overlock 2023 und betreten Sie eine neue Ebene des kreativen N\u00e4hens!<\/p>\n","protected":false},"excerpt":{"rendered":"<p>4-Faden, 2-Nadel Overlocker mit 100 W. 1300 RPM. 12 Stiche einschlie\u00dflich Overlock, Rollstich und Flatlock. N\u00e4hen mit 1 oder 2 Nadeln. Einstellbare Stichbreite und -l\u00e4nge, Fadenspannung und Fu\u00dfdruck. Differentialtransport und leichtes Einf\u00e4deln.<\/p>\n","protected":false},"featured_media":13681,"comment_status":"open","ping_status":"closed","template":"","meta":[],"product_brand":[],"product_cat":[435],"product_tag":[],"class_list":{"0":"post-17476","1":"product","2":"type-product","3":"status-publish","4":"has-post-thumbnail","6":"product_cat-overlocki","8":"first","9":"instock","10":"taxable","11":"shipping-taxable","12":"purchasable","13":"product-type-simple"},"_links":{"self":[{"href":"https:\/\/gltestm.webology.pl\/de\/wp-json\/wp\/v2\/product\/17476","targetHints":{"allow":["GET"]}}],"collection":[{"href":"https:\/\/gltestm.webology.pl\/de\/wp-json\/wp\/v2\/product"}],"about":[{"href":"https:\/\/gltestm.webology.pl\/de\/wp-json\/wp\/v2\/types\/product"}],"replies":[{"embeddable":true,"href":"https:\/\/gltestm.webology.pl\/de\/wp-json\/wp\/v2\/comments?post=17476"}],"version-history":[{"count":0,"href":"https:\/\/gltestm.webology.pl\/de\/wp-json\/wp\/v2\/product\/17476\/revisions"}],"wp:featuredmedia":[{"embeddable":true,"href":"https:\/\/gltestm.webology.pl\/de\/wp-json\/wp\/v2\/media\/13681"}],"wp:attachment":[{"href":"https:\/\/gltestm.webology.pl\/de\/wp-json\/wp\/v2\/media?parent=17476"}],"wp:term":[{"taxonomy":"product_brand","embeddable":true,"href":"https:\/\/gltestm.webology.pl\/de\/wp-json\/wp\/v2\/product_brand?post=17476"},{"taxonomy":"product_cat","embeddable":true,"href":"https:\/\/gltestm.webology.pl\/de\/wp-json\/wp\/v2\/product_cat?post=17476"},{"taxonomy":"product_tag","embeddable":true,"href":"https:\/\/gltestm.webology.pl\/de\/wp-json\/wp\/v2\/product_tag?post=17476"}],"curies":[{"name":"wp","href":"https:\/\/api.w.org\/{rel}","templated":true}]}}