{"id":17464,"date":"2026-03-18T22:04:40","date_gmt":"2026-03-18T21:04:40","guid":{"rendered":"https:\/\/gltestm.webology.pl\/produkt\/doppelnadel-fuer-naehmaschine\/"},"modified":"2026-03-22T21:59:56","modified_gmt":"2026-03-22T20:59:56","slug":"doppelnadel-fuer-naehmaschine","status":"publish","type":"product","link":"https:\/\/gltestm.webology.pl\/de\/produkt\/doppelnadel-fuer-naehmaschine\/","title":{"rendered":"Doppelnadel f\u00fcr N\u00e4hmaschine"},"content":{"rendered":"<h2>Doppelnadel f\u00fcr die N\u00e4hmaschine<\/h2>\n<p>Die Doppelnadel wird am h\u00e4ufigsten f\u00fcr <strong>unterf\u00fctterte<\/strong> \u00c4rmel, Unterteile von Blusen sowie f\u00fcr dekorative N\u00e4hte verwendet (z. B. k\u00f6nnen wir mit zwei verschiedenen Garnfarben n\u00e4hen).<br \/>Beim N\u00e4hen mit einer Doppelnadel entstehen zwei parallele Geradstiche und ein Zickzackstich darunter.<\/p>\n<ul>\n<li><strong>dicke 90<\/strong><\/li>\n<li><strong>abstand 2 mm<\/strong><\/li>\n<\/ul>\n<p>Wenn wir sie verwenden wollen, m\u00fcssen wir in der Anleitung pr\u00fcfen, ob unsere Maschine f\u00fcr das N\u00e4hen mit einer Doppelnadel geeignet ist. Die Maschine muss auf jeden Fall \u00fcber einen Zickzackstich verf\u00fcgen, um eine solche Nadel verwenden zu k\u00f6nnen (dies ist jedoch nicht das einzige Kriterium, daher m\u00fcssen Sie die Anleitung lesen).<\/p>\n<h2>Nicht vergessen!<\/h2>\n<p>\u00dcberpr\u00fcfen Sie auch regelm\u00e4\u00dfig die Nadelspitze. Wenn Sie Abnutzungserscheinungen feststellen, sollten Sie die Nadel durch eine neue ersetzen. Der Zustand der Nadel wirkt sich auf die Qualit\u00e4t des Stichs aus, eine besch\u00e4digte Nadelspitze kann den gen\u00e4hten Stoff zerst\u00f6ren. Nadeln sollten in ihrer Originalverpackung aufbewahrt werden, um Besch\u00e4digungen zu vermeiden.<\/p>\n","protected":false},"excerpt":{"rendered":"<p>Doppelnadel f\u00fcr N\u00e4hmaschine. Dicke 90. Abstand 2 mm.<\/p>\n","protected":false},"featured_media":13401,"comment_status":"open","ping_status":"closed","template":"","meta":[],"product_brand":[],"product_cat":[520],"product_tag":[],"class_list":{"0":"post-17464","1":"product","2":"type-product","3":"status-publish","4":"has-post-thumbnail","6":"product_cat-igly-do-maszyn","8":"first","9":"instock","10":"taxable","11":"shipping-taxable","12":"purchasable","13":"product-type-simple"},"_links":{"self":[{"href":"https:\/\/gltestm.webology.pl\/de\/wp-json\/wp\/v2\/product\/17464","targetHints":{"allow":["GET"]}}],"collection":[{"href":"https:\/\/gltestm.webology.pl\/de\/wp-json\/wp\/v2\/product"}],"about":[{"href":"https:\/\/gltestm.webology.pl\/de\/wp-json\/wp\/v2\/types\/product"}],"replies":[{"embeddable":true,"href":"https:\/\/gltestm.webology.pl\/de\/wp-json\/wp\/v2\/comments?post=17464"}],"version-history":[{"count":0,"href":"https:\/\/gltestm.webology.pl\/de\/wp-json\/wp\/v2\/product\/17464\/revisions"}],"wp:featuredmedia":[{"embeddable":true,"href":"https:\/\/gltestm.webology.pl\/de\/wp-json\/wp\/v2\/media\/13401"}],"wp:attachment":[{"href":"https:\/\/gltestm.webology.pl\/de\/wp-json\/wp\/v2\/media?parent=17464"}],"wp:term":[{"taxonomy":"product_brand","embeddable":true,"href":"https:\/\/gltestm.webology.pl\/de\/wp-json\/wp\/v2\/product_brand?post=17464"},{"taxonomy":"product_cat","embeddable":true,"href":"https:\/\/gltestm.webology.pl\/de\/wp-json\/wp\/v2\/product_cat?post=17464"},{"taxonomy":"product_tag","embeddable":true,"href":"https:\/\/gltestm.webology.pl\/de\/wp-json\/wp\/v2\/product_tag?post=17464"}],"curies":[{"name":"wp","href":"https:\/\/api.w.org\/{rel}","templated":true}]}}