{"id":17452,"date":"2026-03-18T22:04:39","date_gmt":"2026-03-18T21:04:39","guid":{"rendered":"https:\/\/gltestm.webology.pl\/produkt\/entsafter-jc-2005-s\/"},"modified":"2026-03-22T21:14:47","modified_gmt":"2026-03-22T20:14:47","slug":"entsafter-jc-2005-s","status":"publish","type":"product","link":"https:\/\/gltestm.webology.pl\/de\/produkt\/entsafter-jc-2005-s\/","title":{"rendered":"Entsafter JC-2005 S"},"content":{"rendered":"<p>Der Entsafter JC-2005 S ist eine ausgezeichnete Wahl f\u00fcr alle, die <strong>gesunde<\/strong> und <strong>vitaminreiche<\/strong> Mahlzeiten zu sch\u00e4tzen wissen, die in Form von <strong>k\u00f6stlichen S\u00e4ften<\/strong> ohne <strong>Zuckerzusatz<\/strong> oder <strong>Konservierungsstoffe<\/strong> zubereitet werden k\u00f6nnen. Dank des Entsafters k\u00f6nnen Sie <strong>ganz einfach<\/strong> Obst und Gem\u00fcse verwenden, das normalerweise <strong>ungenutzt<\/strong> bleibt und <strong>verschwendet wird<\/strong>. Wer einen Entsafter zu Hause hat, spart au\u00dferdem <strong>Zeit<\/strong> und <strong>Geld<\/strong>, da er keine <strong>fertigen S\u00e4fte<\/strong> mehr im Laden kaufen muss.<\/p>\n<h2>Wichtigste Merkmale<\/h2>\n<ul>\n<li><strong>600 W<\/strong> Leistung<\/li>\n<li><strong>2<\/strong> <strong>Saftpressengeschwindigkeiten<\/strong> <\/li>\n<li>Geh\u00e4use aus <strong>INOX-Edelstahl<\/strong> <\/li>\n<li><strong>Maschenfilter<\/strong> mit <strong>INOX-Edelstahlkorb<\/strong> <\/li>\n<li>Sicherheitsschalter mit <strong>Schloss<\/strong><\/li>\n<li>Sicherheitshebel mit <strong>Verriegelungsmechanismus<\/strong> <\/li>\n<li>Abnehmbarer Saftbeh\u00e4lter f\u00fcr einfache Reinigung<\/li>\n<li>Leicht zu reinigen\n<\/li>\n<\/ul>\n<h2>Mitgeliefertes Zubeh\u00f6r<\/h2>\n<ul>\n<li>Saftbeh\u00e4lter<\/li>\n<li>R\u00fcckstandsbeh\u00e4lter<\/li>\n<li>St\u00f6\u00dfel\n<\/li>\n<\/ul>\n<h2>Filter aus rostfreiem Stahl<\/h2>\n<p>Mit einer Leistung von <strong>600 Watt<\/strong> und <strong>einem speziellen<\/strong> <strong>Siebfilter<\/strong> mit Edelstahlkorb k\u00f6nnen Sie sicher sein, dass die gepressten S\u00e4fte <strong>sauber<\/strong> und <strong>glatt<\/strong> sind, ohne <strong>Fruchtfleisch<\/strong> oder <strong>R\u00fcckst\u00e4nde<\/strong>. Mit dem Entsafter k\u00f6nnen Sie sogar <strong>hartes Obst<\/strong> und <strong>Gem\u00fcse<\/strong> auspressen.<\/p>\n<h2>Sicher in der Anwendung<\/h2>\n<p>Der verriegelnde <strong>Sicherheitshebel<\/strong> und der Sicherheitsschalter tragen zur sicheren Verwendung des JC-2005 S Entsafters bei.<\/p>\n<h2>Bequemes Ausgie\u00dfen und sp\u00fclmaschinenfest<\/h2>\n<p>Der abnehmbare <strong>, geformte<\/strong> Krug mit <strong>Flip-Top-Deckel<\/strong> erm\u00f6glicht ein einfaches und<strong> bequemes Aus<\/strong> gie\u00dfen des gepressten Saftes, ohne dass dieser \u00fcber den Rand hinausl\u00e4uft. Der Einf\u00fcllstutzen, der transparente Deckel, der Tresterbeh\u00e4lter, der Krug, der Rand und das Sieb sind <strong>sp\u00fclmaschinenfest<\/strong>.<\/p>\n<h2>2 Auspressgeschwindigkeiten<\/h2>\n<p>Passen Sie die Pressgeschwindigkeit an den <strong>H\u00e4rtegrad der<\/strong> <strong>Fr\u00fcchte<\/strong> an und genie\u00dfen Sie frischen, weichen Saft ohne schwimmende R\u00fcckst\u00e4nde.<\/p>\n<h2>24-monatige Garantie<\/h2>\n<p>Der Lucznik JC-2005 S Entsafter wird mit <strong>einer zweij\u00e4hrigen<\/strong> Garantie des <strong>Importeurs<\/strong> geliefert. Der Packung liegt au\u00dferdem eine Bedienungsanleitung in polnischer Sprache bei, die Sie vor der Benutzung des Ger\u00e4ts lesen sollten.<\/p>\n","protected":false},"excerpt":{"rendered":"<p>Entsafter f\u00fcr den Hausgebrauch mit einer Leistung von 600 Watt. Zwei Saftpressengeschwindigkeiten. Pressen Sie saubere und glatte S\u00e4fte aus weichen und harten Fr\u00fcchten.<\/p>\n","protected":false},"featured_media":14779,"comment_status":"open","ping_status":"closed","template":"","meta":[],"product_brand":[],"product_cat":[580],"product_tag":[],"class_list":{"0":"post-17452","1":"product","2":"type-product","3":"status-publish","4":"has-post-thumbnail","6":"product_cat-sokowirowki-i-wyciskarki","8":"first","9":"outofstock","10":"sale","11":"taxable","12":"shipping-taxable","13":"purchasable","14":"product-type-simple"},"_links":{"self":[{"href":"https:\/\/gltestm.webology.pl\/de\/wp-json\/wp\/v2\/product\/17452","targetHints":{"allow":["GET"]}}],"collection":[{"href":"https:\/\/gltestm.webology.pl\/de\/wp-json\/wp\/v2\/product"}],"about":[{"href":"https:\/\/gltestm.webology.pl\/de\/wp-json\/wp\/v2\/types\/product"}],"replies":[{"embeddable":true,"href":"https:\/\/gltestm.webology.pl\/de\/wp-json\/wp\/v2\/comments?post=17452"}],"version-history":[{"count":0,"href":"https:\/\/gltestm.webology.pl\/de\/wp-json\/wp\/v2\/product\/17452\/revisions"}],"wp:featuredmedia":[{"embeddable":true,"href":"https:\/\/gltestm.webology.pl\/de\/wp-json\/wp\/v2\/media\/14779"}],"wp:attachment":[{"href":"https:\/\/gltestm.webology.pl\/de\/wp-json\/wp\/v2\/media?parent=17452"}],"wp:term":[{"taxonomy":"product_brand","embeddable":true,"href":"https:\/\/gltestm.webology.pl\/de\/wp-json\/wp\/v2\/product_brand?post=17452"},{"taxonomy":"product_cat","embeddable":true,"href":"https:\/\/gltestm.webology.pl\/de\/wp-json\/wp\/v2\/product_cat?post=17452"},{"taxonomy":"product_tag","embeddable":true,"href":"https:\/\/gltestm.webology.pl\/de\/wp-json\/wp\/v2\/product_tag?post=17452"}],"curies":[{"name":"wp","href":"https:\/\/api.w.org\/{rel}","templated":true}]}}