{"id":17440,"date":"2026-03-18T22:04:39","date_gmt":"2026-03-18T21:04:39","guid":{"rendered":"https:\/\/gltestm.webology.pl\/produkt\/nadelsatz-2020-fuer-620d-maschinen-und-overlocks\/"},"modified":"2026-03-22T21:14:45","modified_gmt":"2026-03-22T20:14:45","slug":"nadelsatz-2020-fuer-620d-maschinen-und-overlocks","status":"publish","type":"product","link":"https:\/\/gltestm.webology.pl\/de\/produkt\/nadelsatz-2020-fuer-620d-maschinen-und-overlocks\/","title":{"rendered":"Nadelsatz 2020 f\u00fcr 620D Maschinen und Overlocks"},"content":{"rendered":"<h2><strong>Lucznik 2020 Nadelsatz<\/strong><\/h2>\n<p>Wir k\u00f6nnen diese Nadeln sowohl f\u00fcr N\u00e4hmaschinen als auch f\u00fcr 620D Overlocks der Marke Lucznik verwenden. Lucznik Nadeln mit cob  FLAT passen auf alle N\u00e4hmaschinen und Overlocker der Marke Lucznik aus dem aktuellen Verkaufsangebot.<\/p>\n<h2>Inhalt des Sets<\/h2>\n<p>Lucznik 2020 Nadeln sind verpackt von  <strong>5St\u00fcck<\/strong> in<strong> 2 Gr\u00f6\u00dfen<\/strong> (von Dicke 80 bis Dicke 90).<\/p>\n<p><strong>80\/12 &#8211; 2 St\u00fcck.<\/strong><br \/><strong>90\/14 &#8211; 3 St\u00fcck.<\/strong><\/p>\n<h2><strong>Wie w\u00e4hlt man die Nadelst\u00e4rke?<\/strong><\/h2>\n<p>Bei der Wahl der Nadelst\u00e4rke gilt eine einfache Regel: Wir w\u00e4hlen immer die kleinstm\u00f6gliche Gr\u00f6\u00dfe, um den gen\u00e4hten Stoff nicht unn\u00f6tig zu perforieren. Es ist jedoch zu bedenken, dass die Gr\u00f6\u00dfe der Nadel die Gr\u00f6\u00dfe des \u00d6hrs bestimmt, und das \u00d6hr muss gro\u00df genug sein, damit sich der Faden frei bewegen kann.<\/p>\n<h2>\u00dcberpr\u00fcfen Sie immer den Zustand der Nadelspitze!<\/h2>\n<p>\u00dcberpr\u00fcfen Sie auch die Nadelspitze regelm\u00e4\u00dfig. Wenn Sie Anzeichen von Abnutzung feststellen, sollten Sie die Nadel durch eine neue ersetzen. Der Zustand der Nadel wirkt sich auf die Qualit\u00e4t des Stichs aus, eine besch\u00e4digte Nadelspitze kann den gen\u00e4hten Stoff besch\u00e4digen. Nadeln sollten in ihrer Originalverpackung aufbewahrt werden, um Sch\u00e4den zu vermeiden. <\/p>\n","protected":false},"excerpt":{"rendered":"<p>Nadelset f\u00fcr N\u00e4hmaschinen und Overlock 620D. 5 St\u00fcck halbflache Nadeln in 2 Gr\u00f6\u00dfen (80 und 90).<\/p>\n","protected":false},"featured_media":13920,"comment_status":"open","ping_status":"closed","template":"","meta":[],"product_brand":[],"product_cat":[520],"product_tag":[],"class_list":{"0":"post-17440","1":"product","2":"type-product","3":"status-publish","4":"has-post-thumbnail","6":"product_cat-igly-do-maszyn","8":"first","9":"instock","10":"taxable","11":"shipping-taxable","12":"purchasable","13":"product-type-simple"},"_links":{"self":[{"href":"https:\/\/gltestm.webology.pl\/de\/wp-json\/wp\/v2\/product\/17440","targetHints":{"allow":["GET"]}}],"collection":[{"href":"https:\/\/gltestm.webology.pl\/de\/wp-json\/wp\/v2\/product"}],"about":[{"href":"https:\/\/gltestm.webology.pl\/de\/wp-json\/wp\/v2\/types\/product"}],"replies":[{"embeddable":true,"href":"https:\/\/gltestm.webology.pl\/de\/wp-json\/wp\/v2\/comments?post=17440"}],"version-history":[{"count":0,"href":"https:\/\/gltestm.webology.pl\/de\/wp-json\/wp\/v2\/product\/17440\/revisions"}],"wp:featuredmedia":[{"embeddable":true,"href":"https:\/\/gltestm.webology.pl\/de\/wp-json\/wp\/v2\/media\/13920"}],"wp:attachment":[{"href":"https:\/\/gltestm.webology.pl\/de\/wp-json\/wp\/v2\/media?parent=17440"}],"wp:term":[{"taxonomy":"product_brand","embeddable":true,"href":"https:\/\/gltestm.webology.pl\/de\/wp-json\/wp\/v2\/product_brand?post=17440"},{"taxonomy":"product_cat","embeddable":true,"href":"https:\/\/gltestm.webology.pl\/de\/wp-json\/wp\/v2\/product_cat?post=17440"},{"taxonomy":"product_tag","embeddable":true,"href":"https:\/\/gltestm.webology.pl\/de\/wp-json\/wp\/v2\/product_tag?post=17440"}],"curies":[{"name":"wp","href":"https:\/\/api.w.org\/{rel}","templated":true}]}}