{"id":17436,"date":"2026-03-18T22:04:38","date_gmt":"2026-03-18T21:04:38","guid":{"rendered":"https:\/\/gltestm.webology.pl\/produkt\/staubbehaelter-fuer-staubsauger-op-2018\/"},"modified":"2026-03-22T21:59:54","modified_gmt":"2026-03-22T20:59:54","slug":"staubbehaelter-fuer-staubsauger-op-2018","status":"publish","type":"product","link":"https:\/\/gltestm.webology.pl\/de\/produkt\/staubbehaelter-fuer-staubsauger-op-2018\/","title":{"rendered":"Staubbeh\u00e4lter f\u00fcr Staubsauger OP-2018"},"content":{"rendered":"<h2>Staubbeh\u00e4lter 0,5 l mit Sicherheitsvorrichtung<\/h2>\n<p>Der Staubbeh\u00e4lter aus strapazierf\u00e4higem Kunststoff hat ein Fassungsverm\u00f6gen von 0,5 l. Der Beh\u00e4lter wird mit einem Gummiband, das das Herausfallen von Staub verhindert, und einem kompletten 2-Elemente-Filter geliefert.<\/p>\n<h2>Inhalt des Sets<\/h2>\n<ul>\n<li>staubbeh\u00e4lter<\/li>\n<li>schutzgummiband<\/li>\n<li>waschbarer 2-Element-Filter f\u00fcr Staubsauger OP-2018<\/li>\n<\/ul>\n<p>Der Beh\u00e4lter ist f\u00fcr den Gebrauch mit dem Lucznik OP-2018 Staubsauger bestimmt.<\/p>\n","protected":false},"excerpt":{"rendered":"<p>Kunststoffbeh\u00e4lter mit Gummidichtung und komplettem 2-teiligem, waschbarem Innenfilter<\/p>\n","protected":false},"featured_media":15835,"comment_status":"open","ping_status":"closed","template":"","meta":[],"product_brand":[],"product_cat":[630],"product_tag":[],"class_list":{"0":"post-17436","1":"product","2":"type-product","3":"status-publish","4":"has-post-thumbnail","6":"product_cat-odkurzacze","8":"first","9":"instock","10":"taxable","11":"shipping-taxable","12":"purchasable","13":"product-type-simple"},"_links":{"self":[{"href":"https:\/\/gltestm.webology.pl\/de\/wp-json\/wp\/v2\/product\/17436","targetHints":{"allow":["GET"]}}],"collection":[{"href":"https:\/\/gltestm.webology.pl\/de\/wp-json\/wp\/v2\/product"}],"about":[{"href":"https:\/\/gltestm.webology.pl\/de\/wp-json\/wp\/v2\/types\/product"}],"replies":[{"embeddable":true,"href":"https:\/\/gltestm.webology.pl\/de\/wp-json\/wp\/v2\/comments?post=17436"}],"version-history":[{"count":0,"href":"https:\/\/gltestm.webology.pl\/de\/wp-json\/wp\/v2\/product\/17436\/revisions"}],"wp:featuredmedia":[{"embeddable":true,"href":"https:\/\/gltestm.webology.pl\/de\/wp-json\/wp\/v2\/media\/15835"}],"wp:attachment":[{"href":"https:\/\/gltestm.webology.pl\/de\/wp-json\/wp\/v2\/media?parent=17436"}],"wp:term":[{"taxonomy":"product_brand","embeddable":true,"href":"https:\/\/gltestm.webology.pl\/de\/wp-json\/wp\/v2\/product_brand?post=17436"},{"taxonomy":"product_cat","embeddable":true,"href":"https:\/\/gltestm.webology.pl\/de\/wp-json\/wp\/v2\/product_cat?post=17436"},{"taxonomy":"product_tag","embeddable":true,"href":"https:\/\/gltestm.webology.pl\/de\/wp-json\/wp\/v2\/product_tag?post=17436"}],"curies":[{"name":"wp","href":"https:\/\/api.w.org\/{rel}","templated":true}]}}