{"id":17432,"date":"2026-03-18T22:04:38","date_gmt":"2026-03-18T21:04:38","guid":{"rendered":"https:\/\/gltestm.webology.pl\/produkt\/ladegeraet-fuer-staubsauger-lucznik-op-2018\/"},"modified":"2026-03-22T21:59:53","modified_gmt":"2026-03-22T20:59:53","slug":"ladegeraet-fuer-staubsauger-lucznik-op-2018","status":"publish","type":"product","link":"https:\/\/gltestm.webology.pl\/de\/produkt\/ladegeraet-fuer-staubsauger-lucznik-op-2018\/","title":{"rendered":"Ladeger\u00e4t f\u00fcr Staubsauger Lucznik OP-2018"},"content":{"rendered":"<h2>Ladeger\u00e4t f\u00fcr Staubsauger Lucznik OP-2018<\/h2>\n<p>Kompaktes<strong> Ladeger\u00e4t<\/strong><strong>(Stromversorgung<\/strong>) f\u00fcr den <strong>Lucznik OP-2018<\/strong> Staubsauger. Das Ladeger\u00e4t hat einen EU-Stecker, der ideal f\u00fcr die Steckdosen in unseren H\u00e4usern geeignet ist (europ\u00e4ischer Stecker).<\/p>\n<h2>Technische Parameter<\/h2>\n<ul>\n<li><strong>Ladeger\u00e4tEingang<\/strong> 100-240 V, 50-60 Hz<\/li>\n<li><strong>Ladeger\u00e4t-Ausgang<\/strong> 18 V, 500 mA<\/li>\n<li><strong>Europ\u00e4ischer Stecker (EU),<\/strong> 2-polig<\/li>\n<li>Kompatibel mit dem Staubsauger Archer OP-2018<\/li>\n<\/ul>\n","protected":false},"excerpt":{"rendered":"<p>Ladeger\u00e4t f\u00fcr Bodenstaubsauger Lucznik OP-2018<\/p>\n","protected":false},"featured_media":14586,"comment_status":"open","ping_status":"closed","template":"","meta":[],"product_brand":[],"product_cat":[630],"product_tag":[],"class_list":{"0":"post-17432","1":"product","2":"type-product","3":"status-publish","4":"has-post-thumbnail","6":"product_cat-odkurzacze","8":"first","9":"instock","10":"taxable","11":"shipping-taxable","12":"purchasable","13":"product-type-simple"},"_links":{"self":[{"href":"https:\/\/gltestm.webology.pl\/de\/wp-json\/wp\/v2\/product\/17432","targetHints":{"allow":["GET"]}}],"collection":[{"href":"https:\/\/gltestm.webology.pl\/de\/wp-json\/wp\/v2\/product"}],"about":[{"href":"https:\/\/gltestm.webology.pl\/de\/wp-json\/wp\/v2\/types\/product"}],"replies":[{"embeddable":true,"href":"https:\/\/gltestm.webology.pl\/de\/wp-json\/wp\/v2\/comments?post=17432"}],"version-history":[{"count":0,"href":"https:\/\/gltestm.webology.pl\/de\/wp-json\/wp\/v2\/product\/17432\/revisions"}],"wp:featuredmedia":[{"embeddable":true,"href":"https:\/\/gltestm.webology.pl\/de\/wp-json\/wp\/v2\/media\/14586"}],"wp:attachment":[{"href":"https:\/\/gltestm.webology.pl\/de\/wp-json\/wp\/v2\/media?parent=17432"}],"wp:term":[{"taxonomy":"product_brand","embeddable":true,"href":"https:\/\/gltestm.webology.pl\/de\/wp-json\/wp\/v2\/product_brand?post=17432"},{"taxonomy":"product_cat","embeddable":true,"href":"https:\/\/gltestm.webology.pl\/de\/wp-json\/wp\/v2\/product_cat?post=17432"},{"taxonomy":"product_tag","embeddable":true,"href":"https:\/\/gltestm.webology.pl\/de\/wp-json\/wp\/v2\/product_tag?post=17432"}],"curies":[{"name":"wp","href":"https:\/\/api.w.org\/{rel}","templated":true}]}}