{"id":17428,"date":"2026-03-18T22:04:38","date_gmt":"2026-03-18T21:04:38","guid":{"rendered":"https:\/\/gltestm.webology.pl\/produkt\/satz-saugnaepfe-fuer-staubsauger-lucznik-op-2018\/"},"modified":"2026-03-22T21:14:40","modified_gmt":"2026-03-22T20:14:40","slug":"satz-saugnaepfe-fuer-staubsauger-lucznik-op-2018","status":"publish","type":"product","link":"https:\/\/gltestm.webology.pl\/de\/produkt\/satz-saugnaepfe-fuer-staubsauger-lucznik-op-2018\/","title":{"rendered":"Satz Saugn\u00e4pfe f\u00fcr Staubsauger Lucznik OP-2018"},"content":{"rendered":"<p>Ein Set kleiner und \u00e4u\u00dferst praktischer Saugn\u00e4pfe, die zum <strong><a href=\"https:\/\/galerialucznik.pl\/pl\/products\/agd\/agd-do-domu\/odkurzacze\/odkurzacz-pionowy-lucznik-2w1-op-2018-810.html\" target=\"_blank\" rel=\"noopener\">Lucznik OP-2018 Staubsauger<\/a><\/strong> passen. Das Set besteht aus einer Fugend\u00fcse und einer Polsterd\u00fcse.<\/p>\n<h2><strong>Fugend\u00fcse<\/strong><\/h2>\n<p><strong>Die<\/strong> Fugend\u00fcse<span> ist ideal zum Saugen von Heizk\u00f6rpern oder schwer zug\u00e4nglichen Stellen wie Ecken im Autoinnenraum.<\/span><\/p>\n<h2>Polsterd\u00fcse<\/h2>\n<p><strong>Die <\/strong>Polsterd\u00fcse<span>eignet sich hervorragend zum Saugen von Polstern und anderen Stoffen, insbesondere wenn Sie unerw\u00fcnschte Haare oder das Fell Ihrer Haustiere entfernen m\u00f6chten. Dank der Tatsache, dass<\/span> die Polsterd\u00fcse<span>  durch Reibung elektrifiziert wird, k\u00f6nnen Haare und Hautschuppen leicht daran haften bleiben, und Sie brauchen sich keine Sorgen mehr \u00fcber diese R\u00fcckst\u00e4nde zu machen, denn jetzt reinigen Sie sie einfach und schnell<\/span>.<\/p>\n","protected":false},"excerpt":{"rendered":"<p>Das Saugerset besteht aus einer Fugend\u00fcse und einer Polsterd\u00fcse.<\/p>\n","protected":false},"featured_media":15805,"comment_status":"open","ping_status":"closed","template":"","meta":[],"product_brand":[],"product_cat":[630],"product_tag":[],"class_list":{"0":"post-17428","1":"product","2":"type-product","3":"status-publish","4":"has-post-thumbnail","6":"product_cat-odkurzacze","8":"first","9":"instock","10":"taxable","11":"shipping-taxable","12":"purchasable","13":"product-type-simple"},"_links":{"self":[{"href":"https:\/\/gltestm.webology.pl\/de\/wp-json\/wp\/v2\/product\/17428","targetHints":{"allow":["GET"]}}],"collection":[{"href":"https:\/\/gltestm.webology.pl\/de\/wp-json\/wp\/v2\/product"}],"about":[{"href":"https:\/\/gltestm.webology.pl\/de\/wp-json\/wp\/v2\/types\/product"}],"replies":[{"embeddable":true,"href":"https:\/\/gltestm.webology.pl\/de\/wp-json\/wp\/v2\/comments?post=17428"}],"version-history":[{"count":0,"href":"https:\/\/gltestm.webology.pl\/de\/wp-json\/wp\/v2\/product\/17428\/revisions"}],"wp:featuredmedia":[{"embeddable":true,"href":"https:\/\/gltestm.webology.pl\/de\/wp-json\/wp\/v2\/media\/15805"}],"wp:attachment":[{"href":"https:\/\/gltestm.webology.pl\/de\/wp-json\/wp\/v2\/media?parent=17428"}],"wp:term":[{"taxonomy":"product_brand","embeddable":true,"href":"https:\/\/gltestm.webology.pl\/de\/wp-json\/wp\/v2\/product_brand?post=17428"},{"taxonomy":"product_cat","embeddable":true,"href":"https:\/\/gltestm.webology.pl\/de\/wp-json\/wp\/v2\/product_cat?post=17428"},{"taxonomy":"product_tag","embeddable":true,"href":"https:\/\/gltestm.webology.pl\/de\/wp-json\/wp\/v2\/product_tag?post=17428"}],"curies":[{"name":"wp","href":"https:\/\/api.w.org\/{rel}","templated":true}]}}