{"id":17420,"date":"2026-03-18T22:04:37","date_gmt":"2026-03-18T21:04:37","guid":{"rendered":"https:\/\/gltestm.webology.pl\/produkt\/naehwerkzeugkasten-in-einer-grossen-metalldose\/"},"modified":"2026-03-22T21:14:36","modified_gmt":"2026-03-22T20:14:36","slug":"naehwerkzeugkasten-in-einer-grossen-metalldose","status":"publish","type":"product","link":"https:\/\/gltestm.webology.pl\/de\/produkt\/naehwerkzeugkasten-in-einer-grossen-metalldose\/","title":{"rendered":"N\u00e4hwerkzeugkasten in einer gro\u00dfen Metalldose"},"content":{"rendered":"<h2>Ein unverzichtbares N\u00e4hset<\/h2>\n<p>Das N\u00e4hset in einer stilvollen Blechdose ist ein unverzichtbares Produkt in jedem Haushalt. Es enth\u00e4lt alle grundlegenden Elemente, die bei schnellen N\u00e4harbeiten und mehr Verwendung finden.<\/p>\n<p>Auf der Metalldose mit Schneidermotiv ist zus\u00e4tzlich ein Ma\u00dfband aufgeklebt, das wir ebenfalls verwenden k\u00f6nnen.<\/p>\n<h2>Im Set enthaltene Gegenst\u00e4nde<\/h2>\n<p>Der Werkzeugkasten enth\u00e4lt grundlegendes N\u00e4hzubeh\u00f6r:<\/p>\n<ul>\n<li>6 Spulen mit Polyestergarn in verschiedenen Farben<\/li>\n<li>ein Satz von 10 Sicherheitsnadeln mit einer L\u00e4nge von etwa 2,8 cm<\/li>\n<li>doppelseitiges Schneider-Zentimeter (auf einer Seite &#8211; Zoll &#8211; 45&#8243;, auf der anderen &#8211; Zentimeter &#8211; 150 cm)<\/li>\n<li>mei\u00dfel<\/li>\n<li>eine Schere,<\/li>\n<li>ein Satz Nadeln in verschiedenen Gr\u00f6\u00dfen f\u00fcr Handn\u00e4harbeiten in einem praktischen Beh\u00e4lter<\/li>\n<li>ein Satz Stecknadeln mit einem Kunststoffkopf<\/li>\n<li>einf\u00e4dler<\/li>\n<li>fingerhut<\/li>\n<li>kleine Kn\u00f6pfe (2 wei\u00dfe, 2 schwarze)<\/li>\n<\/ul>\n<p>Mit einem solchen Set kann man sich aus mehr als einem Problem befreien.<\/p>\n<p>Die Box misst 14,5 x 10 x 5,6 cm und kommt nur in schwarz.<\/p>\n","protected":false},"excerpt":{"rendered":"<p>Gro\u00dfes Set mit N\u00e4hzubeh\u00f6r in einer Metalldose.<\/p>\n","protected":false},"featured_media":13283,"comment_status":"open","ping_status":"closed","template":"","meta":[],"product_brand":[],"product_cat":[765],"product_tag":[],"class_list":{"0":"post-17420","1":"product","2":"type-product","3":"status-publish","4":"has-post-thumbnail","6":"product_cat-przyborniki-i-zestawy-do-szycia","8":"first","9":"instock","10":"taxable","11":"shipping-taxable","12":"purchasable","13":"product-type-simple"},"_links":{"self":[{"href":"https:\/\/gltestm.webology.pl\/de\/wp-json\/wp\/v2\/product\/17420","targetHints":{"allow":["GET"]}}],"collection":[{"href":"https:\/\/gltestm.webology.pl\/de\/wp-json\/wp\/v2\/product"}],"about":[{"href":"https:\/\/gltestm.webology.pl\/de\/wp-json\/wp\/v2\/types\/product"}],"replies":[{"embeddable":true,"href":"https:\/\/gltestm.webology.pl\/de\/wp-json\/wp\/v2\/comments?post=17420"}],"version-history":[{"count":0,"href":"https:\/\/gltestm.webology.pl\/de\/wp-json\/wp\/v2\/product\/17420\/revisions"}],"wp:featuredmedia":[{"embeddable":true,"href":"https:\/\/gltestm.webology.pl\/de\/wp-json\/wp\/v2\/media\/13283"}],"wp:attachment":[{"href":"https:\/\/gltestm.webology.pl\/de\/wp-json\/wp\/v2\/media?parent=17420"}],"wp:term":[{"taxonomy":"product_brand","embeddable":true,"href":"https:\/\/gltestm.webology.pl\/de\/wp-json\/wp\/v2\/product_brand?post=17420"},{"taxonomy":"product_cat","embeddable":true,"href":"https:\/\/gltestm.webology.pl\/de\/wp-json\/wp\/v2\/product_cat?post=17420"},{"taxonomy":"product_tag","embeddable":true,"href":"https:\/\/gltestm.webology.pl\/de\/wp-json\/wp\/v2\/product_tag?post=17420"}],"curies":[{"name":"wp","href":"https:\/\/api.w.org\/{rel}","templated":true}]}}