{"id":17404,"date":"2026-03-18T22:04:36","date_gmt":"2026-03-18T21:04:36","guid":{"rendered":"https:\/\/gltestm.webology.pl\/produkt\/verschwindender-stoffstift-rot\/"},"modified":"2026-03-22T21:14:31","modified_gmt":"2026-03-22T20:14:31","slug":"verschwindender-stoffstift-rot","status":"publish","type":"product","link":"https:\/\/gltestm.webology.pl\/de\/produkt\/verschwindender-stoffstift-rot\/","title":{"rendered":"Verschwindender Stoffstift rot"},"content":{"rendered":"<h2><strong>Anwendung des Markers<\/strong><\/h2>\n<p>Der Stoffmarkierstift eignet sich hervorragend zum \u00dcbertragen von Zuschnitten auf Stoff, zum Erstellen eigener Designs sowie f\u00fcr andere N\u00e4harbeiten. Der Marker hinterl\u00e4sst sehr klare, pr\u00e4zise Linien, die auf vielen Stoffen gut funktionieren.<\/p>\n<h2><strong>Entfernen der gezeichneten Linien<\/strong><\/h2>\n<p>Unter Hitzeeinwirkung verschwinden die gezeichneten Linien. B\u00fcgeln Sie den Stoff einfach mit einem B\u00fcgeleisen oder verwenden Sie hei\u00dfes Wasser oder einen warmen Luftstrom.<\/p>\n<p>Der Stift wird in Form einer Patrone geliefert, so dass man ihn in andere Stifte einsetzen oder allein verwenden kann.<\/p>\n<p>Wir empfehlen, vorher einen Test auf einem St\u00fcck gebrauchten Stoffs zu machen.<\/p>\n","protected":false},"excerpt":{"rendered":"<p>Verschwindender Marker zum Markieren von N\u00e4hlinien auf dem Stoff.<\/p>\n","protected":false},"featured_media":13461,"comment_status":"open","ping_status":"closed","template":"","meta":[],"product_brand":[],"product_cat":[745],"product_tag":[],"class_list":{"0":"post-17404","1":"product","2":"type-product","3":"status-publish","4":"has-post-thumbnail","6":"product_cat-mydelka-krawieckie-i-ich-zamienniki","8":"first","9":"instock","10":"taxable","11":"shipping-taxable","12":"purchasable","13":"product-type-simple"},"_links":{"self":[{"href":"https:\/\/gltestm.webology.pl\/de\/wp-json\/wp\/v2\/product\/17404","targetHints":{"allow":["GET"]}}],"collection":[{"href":"https:\/\/gltestm.webology.pl\/de\/wp-json\/wp\/v2\/product"}],"about":[{"href":"https:\/\/gltestm.webology.pl\/de\/wp-json\/wp\/v2\/types\/product"}],"replies":[{"embeddable":true,"href":"https:\/\/gltestm.webology.pl\/de\/wp-json\/wp\/v2\/comments?post=17404"}],"version-history":[{"count":0,"href":"https:\/\/gltestm.webology.pl\/de\/wp-json\/wp\/v2\/product\/17404\/revisions"}],"wp:featuredmedia":[{"embeddable":true,"href":"https:\/\/gltestm.webology.pl\/de\/wp-json\/wp\/v2\/media\/13461"}],"wp:attachment":[{"href":"https:\/\/gltestm.webology.pl\/de\/wp-json\/wp\/v2\/media?parent=17404"}],"wp:term":[{"taxonomy":"product_brand","embeddable":true,"href":"https:\/\/gltestm.webology.pl\/de\/wp-json\/wp\/v2\/product_brand?post=17404"},{"taxonomy":"product_cat","embeddable":true,"href":"https:\/\/gltestm.webology.pl\/de\/wp-json\/wp\/v2\/product_cat?post=17404"},{"taxonomy":"product_tag","embeddable":true,"href":"https:\/\/gltestm.webology.pl\/de\/wp-json\/wp\/v2\/product_tag?post=17404"}],"curies":[{"name":"wp","href":"https:\/\/api.w.org\/{rel}","templated":true}]}}