{"id":17340,"date":"2026-03-18T22:04:33","date_gmt":"2026-03-18T21:04:33","guid":{"rendered":"https:\/\/gltestm.webology.pl\/produkt\/schneiderkreide-in-bleistift-weiss\/"},"modified":"2026-03-22T21:59:46","modified_gmt":"2026-03-22T20:59:46","slug":"schneiderkreide-in-bleistift-weiss","status":"publish","type":"product","link":"https:\/\/gltestm.webology.pl\/de\/produkt\/schneiderkreide-in-bleistift-weiss\/","title":{"rendered":"Schneiderkreide in Bleistift wei\u00df"},"content":{"rendered":"<h2>Schneiderkreide in Form eines Buntstifts<\/h2>\n<p>Kreide in Bleistiftform ist ein praktischer Helfer f\u00fcr jede N\u00e4herin. Sie spitzt sich sehr leicht und bricht nicht. Mit ihr k\u00f6nnen Sie genaue Zeichnungen auf dem Stoff anfertigen. Sie ist wei\u00df, so dass sie auf dunklen Stoffen gut sichtbar ist.<\/p>\n<p>Dank der Form des Bleistifts wird er nicht schmutzig. Man kann die Kreide mit einem gew\u00f6hnlichen Spitzer oder Anspitzer spitzen.<\/p>\n<p>Die Kreide im Bleistift ist 17 cm lang.<\/p>\n<p>Testen Sie die Kreide vor dem Gebrauch auf dem Stoff.<\/p>\n","protected":false},"excerpt":{"rendered":"<p>Wei\u00dfe Schneiderkreide in einem Bleistift mit einer L\u00e4nge von 17 cm. Er spitzt sich leicht und bricht nicht.<\/p>\n","protected":false},"featured_media":14290,"comment_status":"open","ping_status":"closed","template":"","meta":[],"product_brand":[],"product_cat":[745],"product_tag":[],"class_list":{"0":"post-17340","1":"product","2":"type-product","3":"status-publish","4":"has-post-thumbnail","6":"product_cat-mydelka-krawieckie-i-ich-zamienniki","8":"first","9":"instock","10":"taxable","11":"shipping-taxable","12":"purchasable","13":"product-type-simple"},"_links":{"self":[{"href":"https:\/\/gltestm.webology.pl\/de\/wp-json\/wp\/v2\/product\/17340","targetHints":{"allow":["GET"]}}],"collection":[{"href":"https:\/\/gltestm.webology.pl\/de\/wp-json\/wp\/v2\/product"}],"about":[{"href":"https:\/\/gltestm.webology.pl\/de\/wp-json\/wp\/v2\/types\/product"}],"replies":[{"embeddable":true,"href":"https:\/\/gltestm.webology.pl\/de\/wp-json\/wp\/v2\/comments?post=17340"}],"version-history":[{"count":0,"href":"https:\/\/gltestm.webology.pl\/de\/wp-json\/wp\/v2\/product\/17340\/revisions"}],"wp:featuredmedia":[{"embeddable":true,"href":"https:\/\/gltestm.webology.pl\/de\/wp-json\/wp\/v2\/media\/14290"}],"wp:attachment":[{"href":"https:\/\/gltestm.webology.pl\/de\/wp-json\/wp\/v2\/media?parent=17340"}],"wp:term":[{"taxonomy":"product_brand","embeddable":true,"href":"https:\/\/gltestm.webology.pl\/de\/wp-json\/wp\/v2\/product_brand?post=17340"},{"taxonomy":"product_cat","embeddable":true,"href":"https:\/\/gltestm.webology.pl\/de\/wp-json\/wp\/v2\/product_cat?post=17340"},{"taxonomy":"product_tag","embeddable":true,"href":"https:\/\/gltestm.webology.pl\/de\/wp-json\/wp\/v2\/product_tag?post=17340"}],"curies":[{"name":"wp","href":"https:\/\/api.w.org\/{rel}","templated":true}]}}