{"id":17320,"date":"2026-03-18T22:04:32","date_gmt":"2026-03-18T21:04:32","guid":{"rendered":"https:\/\/gltestm.webology.pl\/produkt\/lucznik-lr-2020-rasierapparat\/"},"modified":"2026-03-22T21:59:28","modified_gmt":"2026-03-22T20:59:28","slug":"lucznik-lr-2020-rasierapparat","status":"publish","type":"product","link":"https:\/\/gltestm.webology.pl\/de\/produkt\/lucznik-lr-2020-rasierapparat\/","title":{"rendered":"Lucznik LR-2020 Rasierapparat"},"content":{"rendered":"<h2>Der Kleiderrasierer LR-2020 k\u00fcmmert sich um Ihren Kleiderschrank. Pr\u00e4zise und sicher!<\/h2>\n<p>Die dreiarmige<strong>Klinge des<\/strong> Rasierers aus rostfreiem <strong>Stahl Whirlwind<\/strong> wird m\u00fchelos mit Fusseln auf Ihrer Kleidung, Bettw\u00e4sche oder anderen Materialien fertig. Und das Wichtigste: Nach der Anwendung bleiben keine Spuren zur\u00fcck! Wie ist das m\u00f6glich? Die pr\u00e4zise und schnelle Klinge wird durch ein spezielles <strong>Wabengitter<\/strong> gesch\u00fctzt, das sich um Kleidung und andere Dinge k\u00fcmmert. <\/p>\n<p>Der<strong>Rasierer LR-2020<\/strong> hat auch Ihre Sicherheit im Blick. Sie finden <strong>einen magnetischen Klingenschutz<\/strong>, der nicht nur die <strong>Klinge<\/strong> sch\u00fctzt, sondern auch den Rasierer vor Besch\u00e4digungen bewahrt. Die Sicherheitssperre wiederum verhindert ein versehentliches Einschalten des Ger\u00e4ts.<\/p>\n<h2>Wichtigste Merkmale<\/h2>\n<ul>\n<li>dreiarmige Klinge aus <strong>rostfreiem Stahl<\/strong> Wirbelwind<\/li>\n<li>spezielles<strong> Schutzgitter<\/strong> mit Wabenstruktur<\/li>\n<li><strong>gr\u00fcndliche<\/strong> Rasur ohne Besch\u00e4digung der Kleidung<\/li>\n<li><strong>magnetischer<\/strong> <strong>Klingenschutz<\/strong><\/li>\n<li><strong>sicher<\/strong> im Gebrauch (spezielles Sicherheitsschloss)<\/li>\n<li><strong>zu \u00f6ffnender Beh\u00e4lter<\/strong> f\u00fcr Flusen\/M\u00fcll<\/li>\n<li><strong>ergonomische<\/strong> Form zur Erleichterung der Arbeit.<\/li>\n<li>einfaches Einschalten<\/li>\n<li>schnelles und bequemes Aufladen<strong>(USB-Anschluss<\/strong>)<\/li>\n<li>betriebsdauer ca. 60 min<\/li>\n<li>ladezeit ca. 4 h<\/li>\n<\/ul>\n<h2>Inhalt der Packung<\/h2>\n<ul>\n<li><strong>Rasierer<\/strong> f\u00fcr Kleidung LR-2020<\/li>\n<li><strong>uSB-Kabel<\/strong><\/li>\n<li><strong>spezialb\u00fcrste<\/strong>   f\u00fcr die Reinigung<\/li>\n<\/ul>\n<h2><strong>Lange Betriebszeit und bequemes Aufladen<\/strong><\/h2>\n<p>Der Kleiderrasierer<strong>LR-2020<\/strong> kann bei voller Geschwindigkeit bis zu <strong>60 Minuten lang<\/strong> arbeiten. W\u00e4hrend dieser Zeit leuchtet die im Ger\u00e4t integrierte LED gr\u00fcn. Wenn sich der Rasierer entl\u00e4dt, k\u00f6nnen Sie ihn schnell und bequem \u00fcber den USB-Anschluss aufladen. Das daf\u00fcr notwendige Kabel liegt dem Produkt bei. Es dauert ca. 4 Stunden, bis der Rasierer &#8222;voll&#8220; ist, dann leuchtet die LED rot.<\/p>\n<h2><strong>Keine Sauerei und keine Fussel<\/strong><\/h2>\n<p>Die Reinigung des <strong>Rasierers LR-2020<\/strong> stellt kein Problem dar. Schlie\u00dflich liegt dem Produkt eine spezielle B\u00fcrste bei, und das Ger\u00e4t selbst ist mit einem zu \u00f6ffnenden Fusselbeh\u00e4lter ausgestattet, den Sie nach getaner Arbeit sofort entleeren k\u00f6nnen, ohne eine unn\u00f6tige Sauerei zu verursachen.<\/p>\n<p><span>Damit Sie m\u00f6glichst lange Freude an unserem Rasierapparat haben, reinigen Sie ihn wie folgt: kreisen Sie die transparente Kunststoffabdeckung ein, dann den Klingenschutz &#8211; ein Metallsieb mit schwarzem Rand. Reinigen Sie die Klinge mit der mitgelieferten B\u00fcrste und drehen Sie das Ger\u00e4t vorsichtig. Wiederholen Sie diesen Vorgang regelm\u00e4\u00dfig, immer bevor Sie den Rasierer wieder in Betrieb nehmen<\/span><\/p>\n<h2>24-monatige Garantie<\/h2>\n<p><strong>Der LR-2020<\/strong> <strong>Rasierer<\/strong> kommt mit <strong>24-monatiger Garantie<\/strong>, sowie einer \u00fcbersichtlichen<strong> Bedienungsanleitung in polnischer Sprache<\/strong>.<\/p>\n<div> Lesen Sie mehr<\/p>\n<h2>Lucznik-Kleiderrasierer &#8211; hohe Verarbeitungsqualit\u00e4t und Effizienz kombiniert<\/h2>\n<p>Es ist kein Geheimnis, dass h\u00e4ufig benutzte Kleidung nach einiger Zeit nicht mehr wie neu aussieht und aufgefrischt werden muss. Viele Menschen machen jedoch den Fehler zu denken, dass es notwendig sei, eine professionelle W\u00e4scherei aufzusuchen, die sich um die Erneuerung der betreffenden Kleidung k\u00fcmmert und sie in einen sehr guten Zustand versetzt. In den meisten F\u00e4llen gen\u00fcgt ein hochwertiger elektrischer Rasierapparat, der alle Arten von Falten und unansehnlichen abstehenden F\u00e4den effektiv entfernt und so das Material auffrischt. Aus diesem Grund bieten wir einen funktionalen Lucznik-Kleiderrasierer an, der sich durch seine zuverl\u00e4ssige Leistung und einfache Bedienung auszeichnet. Was macht ihn sonst noch w\u00e4hlenswert?<\/p>\n<h2>Was zeichnet den Lucznik Pullover-Rasierer aus?<\/h2>\n<p>Zwar geh\u00f6rt Lucznik zu den Unternehmen, die sich in Polen seit vielen Jahren ungebrochener Beliebtheit erfreuen. Die ersten Ger\u00e4te unter dem Namen dieser Marke erschienen 1925 auf dem heimischen Markt und fanden sehr schnell allgemeine Anerkennung. Um die gr\u00f6\u00dftm\u00f6gliche Zufriedenheit der Kunden zu gew\u00e4hrleisten, bietet Lucznik moderne Ger\u00e4te an, die die Haushaltsf\u00fchrung erleichtern und den Komfort im Alltag erh\u00f6hen. Und auch wenn es vielen nicht bewusst ist: Der technologische Wandel ist auch an den beliebten Kleiderrasierern nicht vorbeigegangen, die sich heute durch eine Reihe interessanter Funktionen auszeichnen.<\/p>\n<p>Obwohl viele Jahre lang der batteriebetriebene Rasierapparat am beliebtesten war, setzt sich in letzter Zeit der elektrische Rasierapparat durch, der sich nicht nur als umweltfreundlicher, sondern auch als bequemer erweist. Jeder von Lucznik angebotene Rasierer kann bis zu einer Stunde lang ununterbrochen arbeiten. Mit einer hochwertigen Klinge sollte es nicht l\u00e4nger als 15 Minuten dauern, einen zerknitterten Pullover zu rasieren, und mit einer einzigen Ladung kann der elektrische Rasierer einen gro\u00dfen Teil des Kleiderschranks auffrischen. Dar\u00fcber hinaus ist es erw\u00e4hnenswert, dass sich der vorgeschlagene Lucznik Pullover-Rasierer durch eine spezielle LED auszeichnet, die den Ladezustand des Ger\u00e4ts anzeigt.<\/p>\n<h2>Wird der elektrische Rasierer empfindliche Kleidungsst\u00fccke nicht besch\u00e4digen?<\/h2>\n<p>Kunden, die erw\u00e4gen, in ein solches Produkt wie einen Kleiderrasierer zu investieren, sind oft besorgt, dass er empfindliche Blusen und Pullover besch\u00e4digen k\u00f6nnte, indem er am Material zieht oder es perforiert. Aus diesem Grund zeichnet sich jeder elektrische Kleiderrasierer, den wir anbieten, durch eine spezielle wabenf\u00f6rmige Scheibe aus, die die Kleidung wirksam vor jeder Art von mechanischer Besch\u00e4digung sch\u00fctzt.<\/p>\n<p>Dar\u00fcber hinaus ist der vorgeschlagene Lucznik-Kleiderrasierer mit einer dauerhaften Magnetkappe ausgestattet, die das Netz und die Klingen abdeckt, sowie mit einem Sicherheitsverschluss, der vor direktem Kontakt mit der Klinge sch\u00fctzt. So kann man den Rasierer problemlos in der Handtasche oder im Koffer transportieren, ohne sich Sorgen machen zu m\u00fcssen, dass er an irgendetwas h\u00e4ngen bleiben und Schaden anrichten k\u00f6nnte. Das macht einen Rasierer von einer Marke wie Lucznik zu einem idealen Begleiter auf Reisen.<\/p>\n<p>Lucznik Kleiderrasierer &#8211; Bewertungen, die seine Funktionalit\u00e4t best\u00e4tigen<\/p>\n<p>Wenn man eine Investition in ein Zubeh\u00f6rteil wie einen Kleiderrasierer in Erw\u00e4gung zieht, lohnt es sich, auf seine Haltbarkeit und die Qualit\u00e4t der Klingen zu achten. Bei namhaften Produkten sollte sich das Geh\u00e4use durch seine Langlebigkeit und Bruchsicherheit auszeichnen, und die Klingen sollten ein einfaches und effizientes Auffrischen der Kleidung gew\u00e4hrleisten, ohne dass mehrere Wiederholungen erforderlich sind. Dar\u00fcber hinaus werden sorgf\u00e4ltig ausgew\u00e4hlte Klingen auch bei intensiver Nutzung des Rasierers nicht stumpf, so dass das Ger\u00e4t nicht durch ein neues ersetzt werden muss.<\/p>\n<p>Bei einem Produkt wie dem Lucznik-Kleiderrasierer zeugen die Bewertungen der Kunden, die sich f\u00fcr den Kauf entschieden haben, von der Langlebigkeit und Funktionalit\u00e4t des Rasierers. Ein unbestrittener Vorteil ist die handliche Gr\u00f6\u00dfe, dank derer der elektrische Rasierer nicht zu viel Platz in der Schublade einnimmt. Gleichzeitig ist es erw\u00e4hnenswert, dass die Reinigung des angebotenen Rasierers selbst mit Hilfe spezieller B\u00fcrsten, die an ihm angebracht sind, \u00e4u\u00dferst effizient ist.<\/p>\n<\/div>\n","protected":false},"excerpt":{"rendered":"<p>Der ergonomische Kleiderrasierer LR-2020 mit speziellem Schutzwabengewebe entfernt schnell und effektiv Flusen von Kleidung, Wollprodukten, Bettw\u00e4sche und M\u00f6beln und schont dabei die Materialien und die Sicherheit des Benutzers.<\/p>\n","protected":false},"featured_media":14981,"comment_status":"open","ping_status":"closed","template":"","meta":[],"product_brand":[],"product_cat":[645],"product_tag":[],"class_list":{"0":"post-17320","1":"product","2":"type-product","3":"status-publish","4":"has-post-thumbnail","6":"product_cat-golarki-do-swetrow","8":"first","9":"instock","10":"taxable","11":"shipping-taxable","12":"purchasable","13":"product-type-simple"},"_links":{"self":[{"href":"https:\/\/gltestm.webology.pl\/de\/wp-json\/wp\/v2\/product\/17320","targetHints":{"allow":["GET"]}}],"collection":[{"href":"https:\/\/gltestm.webology.pl\/de\/wp-json\/wp\/v2\/product"}],"about":[{"href":"https:\/\/gltestm.webology.pl\/de\/wp-json\/wp\/v2\/types\/product"}],"replies":[{"embeddable":true,"href":"https:\/\/gltestm.webology.pl\/de\/wp-json\/wp\/v2\/comments?post=17320"}],"version-history":[{"count":0,"href":"https:\/\/gltestm.webology.pl\/de\/wp-json\/wp\/v2\/product\/17320\/revisions"}],"wp:featuredmedia":[{"embeddable":true,"href":"https:\/\/gltestm.webology.pl\/de\/wp-json\/wp\/v2\/media\/14981"}],"wp:attachment":[{"href":"https:\/\/gltestm.webology.pl\/de\/wp-json\/wp\/v2\/media?parent=17320"}],"wp:term":[{"taxonomy":"product_brand","embeddable":true,"href":"https:\/\/gltestm.webology.pl\/de\/wp-json\/wp\/v2\/product_brand?post=17320"},{"taxonomy":"product_cat","embeddable":true,"href":"https:\/\/gltestm.webology.pl\/de\/wp-json\/wp\/v2\/product_cat?post=17320"},{"taxonomy":"product_tag","embeddable":true,"href":"https:\/\/gltestm.webology.pl\/de\/wp-json\/wp\/v2\/product_tag?post=17320"}],"curies":[{"name":"wp","href":"https:\/\/api.w.org\/{rel}","templated":true}]}}