{"id":17316,"date":"2026-03-18T22:04:31","date_gmt":"2026-03-18T21:04:31","guid":{"rendered":"https:\/\/gltestm.webology.pl\/produkt\/mixer-mit-rotierender-schuessel-lucznik-ms-2019\/"},"modified":"2026-03-22T21:59:22","modified_gmt":"2026-03-22T20:59:22","slug":"mixer-mit-rotierender-schuessel-lucznik-ms-2019","status":"publish","type":"product","link":"https:\/\/gltestm.webology.pl\/de\/produkt\/mixer-mit-rotierender-schuessel-lucznik-ms-2019\/","title":{"rendered":"Mixer mit rotierender Sch\u00fcssel Lucznik MS-2019"},"content":{"rendered":"<h2><strong>MS-2019 Backassistentin<\/strong><\/h2>\n<p><strong><span>Die K\u00fcche ist Ihr Reich, das Sie unteilbar beherrschen und sich darin wie ein Fisch im Wasser f\u00fchlen? Oder vielleicht machst du gerade deine ersten kulinarischen Schritte im Bereich des Backens? Wir haben den perfekten Helfer f\u00fcr Sie, der Sie bei Ihren Bem\u00fchungen unterst\u00fctzt!<\/span><\/strong><\/p>\n<p><strong><span>Der Mixer mit rotierender Sch\u00fcssel MS-2019, wie er genannt wird, verf\u00fcgt \u00fcber eine <strong>5-stufige Geschwindigkeitsregelung<\/strong>, dank der Sie die Geschwindigkeit des <strong>Mixens<\/strong> oder <strong>Knetens<\/strong> bequem an das aktuelle Stadium der Teigzubereitung anpassen k\u00f6nnen. Das Ger\u00e4t ist au\u00dferdem mit einer <strong>TURBO-Funktion<\/strong> ausgestattet, mit der Sie sofort auf schnellere Geschwindigkeiten und die h\u00f6chste Leistung umschalten k\u00f6nnen.<\/span><\/strong><\/p>\n<h2><strong>Robustes, handliches 2-in-1-Ger\u00e4t<\/strong><\/h2>\n<p><strong><span>Dank einfacher, aber effektiver L\u00f6sungen ist die MS-2019 ein <strong>2-in-1-Ger\u00e4t<\/strong>, denn sie besteht aus einer ger\u00e4umigen <strong>3-Liter-Drehsch\u00fcssel<\/strong>, einem sorgf\u00e4ltig verarbeiteten, robusten Geh\u00e4use (einschlie\u00dflich eines beweglichen Arms mit Feststellmechanismus) und einem daran befestigten Mixer. Ein einziger Knopfdruck gen\u00fcgt, um ihn vom Geh\u00e4use zu l\u00f6sen, und schon wird aus der rotierenden Sch\u00fcssel ein <strong>Handmixer<\/strong>.<\/span><\/strong><\/p>\n<p><strong><span>Der Mixer verf\u00fcgt \u00fcber <strong>zwei Mixer-Sets<\/strong> &#8211; jeweils zwei Mixer zum Schlagen und Kneten und Kneten. Wichtig ist, dass sie mit einem Knopfdruck abnehmbar sind. Bemerkenswert ist auch, dass die Mixer <strong>verchromt<\/strong> sind, was bedeutet, dass sie haltbarer und widerstandsf\u00e4higer sind als bei Ger\u00e4ten mit niedrigerem Standard.<\/span><\/strong><\/p>\n<h2><strong>Der MS-2019 wird Ihnen viele Jahre lang dienen<\/strong><\/h2>\n<p><strong><span>Der MS-19-Mixer ist ein Ger\u00e4t f\u00fcr viele Jahre, das sich in jeder K\u00fcche gut machen wird. Dank seiner Vielseitigkeit ist er sowohl f\u00fcr diejenigen geeignet, die gerade erst mit dem Backen beginnen, als auch f\u00fcr diejenigen, die es schon seit Jahren tun.<\/span><\/strong><\/p>\n<h2>24-monatige Garantie<\/h2>\n<p><span>Das Ger\u00e4t wird mit <\/span><strong>einer 24-monatigen Garantie<\/strong><span>und<\/span><strong>der<\/strong><strong>polnischen Anleitung<\/strong><span>geliefert <\/span>, die<span> vor der Verwendung des Ger\u00e4ts gelesen werden sollte, um seine F\u00e4higkeiten sicher und bestimmungsgem\u00e4\u00df nutzen<\/span> zu k\u00f6nnen.<\/p>\n","protected":false},"excerpt":{"rendered":"<p>Sorgf\u00e4ltig hergestellt, einfach zu bedienen, aber effektiv und funktionell. Das ist der Mixer mit rotierender Sch\u00fcssel Lucznik MS-2019. Hefekuchen, K\u00e4sekuchen oder Biskuit &#8211; mit seiner Hilfe k\u00f6nnen Sie leicht jeden Kuchen, jedes Dessert oder jede Creme zu<\/p>\n","protected":false},"featured_media":14947,"comment_status":"open","ping_status":"closed","template":"","meta":[],"product_brand":[],"product_cat":[575],"product_tag":[],"class_list":{"0":"post-17316","1":"product","2":"type-product","3":"status-publish","4":"has-post-thumbnail","6":"product_cat-miksery","8":"first","9":"instock","10":"taxable","11":"shipping-taxable","12":"purchasable","13":"product-type-simple"},"_links":{"self":[{"href":"https:\/\/gltestm.webology.pl\/de\/wp-json\/wp\/v2\/product\/17316","targetHints":{"allow":["GET"]}}],"collection":[{"href":"https:\/\/gltestm.webology.pl\/de\/wp-json\/wp\/v2\/product"}],"about":[{"href":"https:\/\/gltestm.webology.pl\/de\/wp-json\/wp\/v2\/types\/product"}],"replies":[{"embeddable":true,"href":"https:\/\/gltestm.webology.pl\/de\/wp-json\/wp\/v2\/comments?post=17316"}],"version-history":[{"count":0,"href":"https:\/\/gltestm.webology.pl\/de\/wp-json\/wp\/v2\/product\/17316\/revisions"}],"wp:featuredmedia":[{"embeddable":true,"href":"https:\/\/gltestm.webology.pl\/de\/wp-json\/wp\/v2\/media\/14947"}],"wp:attachment":[{"href":"https:\/\/gltestm.webology.pl\/de\/wp-json\/wp\/v2\/media?parent=17316"}],"wp:term":[{"taxonomy":"product_brand","embeddable":true,"href":"https:\/\/gltestm.webology.pl\/de\/wp-json\/wp\/v2\/product_brand?post=17316"},{"taxonomy":"product_cat","embeddable":true,"href":"https:\/\/gltestm.webology.pl\/de\/wp-json\/wp\/v2\/product_cat?post=17316"},{"taxonomy":"product_tag","embeddable":true,"href":"https:\/\/gltestm.webology.pl\/de\/wp-json\/wp\/v2\/product_tag?post=17316"}],"curies":[{"name":"wp","href":"https:\/\/api.w.org\/{rel}","templated":true}]}}