{"id":17304,"date":"2026-03-18T22:04:30","date_gmt":"2026-03-18T21:04:30","guid":{"rendered":"https:\/\/gltestm.webology.pl\/produkt\/lucznik-es-2019-herren-rasierer\/"},"modified":"2026-03-22T21:58:51","modified_gmt":"2026-03-22T20:58:51","slug":"lucznik-es-2019-herren-rasierer","status":"publish","type":"product","link":"https:\/\/gltestm.webology.pl\/de\/produkt\/lucznik-es-2019-herren-rasierer\/","title":{"rendered":"Lucznik ES-2019 Herren-Rasierer"},"content":{"rendered":"<h2>Herrenrasierer ES-2019 &#8211; schnelle und gr\u00fcndliche Rasur ohne Hautirritationen<\/h2>\n<p>Dass Rasieren eine Kunst ist, wei\u00df jeder Mann, der sich in seiner Haut wohl und vor allem sicher f\u00fchlen m\u00f6chte. Ein ordentlich gestutzter Bart oder glatt rasierte Haut (nat\u00fcrlich ohne Hautirritationen) sind die Attribute eines jeden gepflegten Mannes, sowohl im Privat- als auch im Berufsleben. Hier gibt es keinen Platz f\u00fcr Kompromisse!<\/p>\n<h2>Die wichtigsten Merkmale<\/h2>\n<ul>\n<li><strong>3 unabh\u00e4ngige<\/strong>, <strong>bewegliche<\/strong> Klingen<\/li>\n<li><strong>eingebauter<\/strong>, schwenkbarer <strong>Trimmer<\/strong> zum Trimmen<\/li>\n<li><strong>gro\u00dfe<\/strong> <strong>Rasierfl\u00e4che<\/strong><\/li>\n<li><strong>austauschbarer<\/strong> <strong>Kopf<\/strong> (erh\u00e4ltlich in unseren anderen Angeboten)<\/li>\n<li>eingebauter <strong>wiederaufladbarer Akku<\/strong><\/li>\n<li>betriebsdauer 45 Min.<\/li>\n<li><strong>rasieren<\/strong> <strong>nass<\/strong> <strong>nass<\/strong> und <strong>trocken<\/strong><\/li>\n<li>inklusive<strong>Reinigungsb\u00fcrste<\/strong> <\/li>\n<li>ladezeit 8 Std.<\/li>\n<\/ul>\n<h2>Schnell, gr\u00fcndlich und ohne Hautirritationen<\/h2>\n<p>Mit dem <strong>ES-2019<\/strong> <strong>Herrenrasierer<\/strong> k\u00f6nnen Sie sich <strong>sowohl nass als auch trocken rasieren<\/strong> &#8211; ohne Ihre normalerweise empfindliche Haut zu reizen. Sp\u00fclen Sie die Klingen nach dem Gebrauch unter Wasser ab, aber tauchen Sie das Ger\u00e4t nicht in Wasser ein.<\/p>\n<p><strong>Der Rasierer ES-2019<\/strong> verf\u00fcgt \u00fcber <strong>einen Rasierkopf mit<\/strong> <strong>drei rotierenden Klingen<\/strong> und einer <strong>gro\u00dfen Rasierfl\u00e4che<\/strong>, die sich perfekt an die Gesichtskonturen eines Mannes anpassen. Die Klingen sind mit <strong>einer speziellen Besch<\/strong> ichtung versehen, die den <strong>Komfort<\/strong> und die <strong>Effizienz der<\/strong> Rasur weiter erh\u00f6ht. <strong>Der Rasierer ist f\u00fcr die t\u00e4gliche Rasur von Tagesb\u00e4rten konzipiert. <\/strong>Unser neuester Rasierer eignet sich nicht nur f\u00fcr M\u00e4nner, die \u00fcberhaupt keine Gesichtsbehaarung dulden.<\/p>\n<h2><strong>Eingebauter Trimmer<\/strong><\/h2>\n<p>Mit dem<strong>integrierten<\/strong> <strong>Trimmer<\/strong> zum pr\u00e4zisen <strong>Trimmen<\/strong> und <strong>Formen des<\/strong> Bartes ist der <strong>ES-2019<\/strong> auch f\u00fcr b\u00e4rtige M\u00e4nner perfekt geeignet!<\/p>\n<h2>Kein Kabelwirrwarr!<\/h2>\n<p>Der <strong>ES-2019<\/strong> Herrenrasierer ist mit einer <strong>kabellosen<\/strong> Stromversorgung ausgestattet. <strong>100% sorgen f\u00fcr bis zu 45 Minuten effektive Rasur<\/strong>! Schlie\u00dfen Sie ihn einfach abends an die Steckdose an, um ihn bis zu 8 Stunden lang aufzuladen, und am n\u00e4chsten Morgen ist er wieder voll einsatzbereit &#8211; genau wie Sie! Dank des <strong>abnehmbaren Scherkopfes<\/strong> ist die Reinigung des Rasierers einfach und schnell. Abgerundet wird das Vorteilsset durch ein <strong>Reiseetui<\/strong>, ideal f\u00fcr weitere und n\u00e4here Reisen.<\/p>\n<p><strong>Hinweis<\/strong>: Benutzen Sie den Rasierer nicht, w\u00e4hrend er <strong>an das Ladeger\u00e4t angeschlossen<\/strong> ist.<\/p>\n<h2>24-monatige Garantie<\/h2>\n<p>Der Elektrorasierer <strong>ES-2019 <\/strong> <strong>wird mit einer 24-monatigen Garantie <\/strong>und einer Anleitung in polnischer Sprache <strong>geliefert <\/strong>, die Sie vor der Verwendung des Produkts lesen sollten.<\/p>\n","protected":false},"excerpt":{"rendered":"<p>Der kabellose Herrenrasierer mit drei beweglichen Klingen, die sich perfekt an die Konturen des Gesichts anpassen, ist eine Kombination aus Sanftheit und Effizienz. Dank des integrierten Trimmers wird dieses Modell auch von Anh\u00e4ngern langer B\u00e4rte geliebt<\/p>\n","protected":false},"featured_media":15579,"comment_status":"open","ping_status":"closed","template":"","meta":[],"product_brand":[],"product_cat":[670],"product_tag":[],"class_list":{"0":"post-17304","1":"product","2":"type-product","3":"status-publish","4":"has-post-thumbnail","6":"product_cat-maszynki-i-golarki-meskie","8":"first","9":"instock","10":"taxable","11":"shipping-taxable","12":"purchasable","13":"product-type-simple"},"_links":{"self":[{"href":"https:\/\/gltestm.webology.pl\/de\/wp-json\/wp\/v2\/product\/17304","targetHints":{"allow":["GET"]}}],"collection":[{"href":"https:\/\/gltestm.webology.pl\/de\/wp-json\/wp\/v2\/product"}],"about":[{"href":"https:\/\/gltestm.webology.pl\/de\/wp-json\/wp\/v2\/types\/product"}],"replies":[{"embeddable":true,"href":"https:\/\/gltestm.webology.pl\/de\/wp-json\/wp\/v2\/comments?post=17304"}],"version-history":[{"count":0,"href":"https:\/\/gltestm.webology.pl\/de\/wp-json\/wp\/v2\/product\/17304\/revisions"}],"wp:featuredmedia":[{"embeddable":true,"href":"https:\/\/gltestm.webology.pl\/de\/wp-json\/wp\/v2\/media\/15579"}],"wp:attachment":[{"href":"https:\/\/gltestm.webology.pl\/de\/wp-json\/wp\/v2\/media?parent=17304"}],"wp:term":[{"taxonomy":"product_brand","embeddable":true,"href":"https:\/\/gltestm.webology.pl\/de\/wp-json\/wp\/v2\/product_brand?post=17304"},{"taxonomy":"product_cat","embeddable":true,"href":"https:\/\/gltestm.webology.pl\/de\/wp-json\/wp\/v2\/product_cat?post=17304"},{"taxonomy":"product_tag","embeddable":true,"href":"https:\/\/gltestm.webology.pl\/de\/wp-json\/wp\/v2\/product_tag?post=17304"}],"curies":[{"name":"wp","href":"https:\/\/api.w.org\/{rel}","templated":true}]}}