{"id":17300,"date":"2026-03-18T22:04:30","date_gmt":"2026-03-18T21:04:30","guid":{"rendered":"https:\/\/gltestm.webology.pl\/produkt\/tisch-fuer-lucznik-marilyn-2018-hd-naehmaschine\/"},"modified":"2026-03-22T21:58:37","modified_gmt":"2026-03-22T20:58:37","slug":"tisch-fuer-lucznik-marilyn-2018-hd-naehmaschine","status":"publish","type":"product","link":"https:\/\/gltestm.webology.pl\/de\/produkt\/tisch-fuer-lucznik-marilyn-2018-hd-naehmaschine\/","title":{"rendered":"Tisch f\u00fcr Lucznik Marilyn 2018 HD N\u00e4hmaschine"},"content":{"rendered":"<p><strong>Ein Tisch, der den Arbeitsbereich<\/strong> der<strong> Marilyn 2018 HD<\/strong> Maschine<strong>erweitert<\/strong>. Ideal, um das <strong>Quilten<\/strong> oder<strong> N\u00e4hen von Materialien<\/strong> mit einer gro\u00dfen Oberfl\u00e4che zu erleichtern, wie z. B. <strong>Gardinen<\/strong>, <strong>Tischdecken<\/strong>, <strong>Vorh\u00e4nge<\/strong> oder <strong>Bettzeug<\/strong>. Zu diesem Zweck verbessert er den Arbeitskomfort enorm.<\/p>\n<p><strong>Der Tisch, der die Arbeitsfl\u00e4che vergr\u00f6\u00dfert<\/strong>, ist auch eine geeignete Stabilisierung beim N\u00e4hen von <strong>Stoffen<\/strong>.<\/p>\n<p>Der<strong>Tisch <\/strong>ist aus Kunststoff gefertigt und eignet sich ideal zum Manipulieren und Bewegen verschiedener Materialien<strong>. <\/strong>Die L\u00e4nge des <strong>Tisches<\/strong> d\u00fcrfte auch die anspruchsvollsten Kunden zufriedenstellen, f\u00fcr die <strong>N\u00e4hen <\/strong>eine Leidenschaft ist.<\/p>\n<p><img decoding=\"async\" src=\"\/data\/include\/cms\/Zdjecia-produktow\/Marilyn\/Marylin_ze_stolikiem_male_foto.jpg\" alt=\"\" width=\"900\" \/><\/p>\n","protected":false},"excerpt":{"rendered":"<p>Arbeitsbereichserweiterungstisch f\u00fcr die Marilyn 2018 HD Maschine Ideal zum Erleichtern des Quiltens oder N\u00e4hens von Materialien mit einer gro\u00dfen Oberfl\u00e4che, wie z. B. Gardinen, Tischdecken, Vorh\u00e4nge oder Bettw\u00e4sche.<\/p>\n","protected":false},"featured_media":15196,"comment_status":"open","ping_status":"closed","template":"","meta":[],"product_brand":[],"product_cat":[545],"product_tag":[],"class_list":{"0":"post-17300","1":"product","2":"type-product","3":"status-publish","4":"has-post-thumbnail","6":"product_cat-stoliki-do-maszyn","8":"first","9":"instock","10":"taxable","11":"shipping-taxable","12":"purchasable","13":"product-type-simple"},"_links":{"self":[{"href":"https:\/\/gltestm.webology.pl\/de\/wp-json\/wp\/v2\/product\/17300","targetHints":{"allow":["GET"]}}],"collection":[{"href":"https:\/\/gltestm.webology.pl\/de\/wp-json\/wp\/v2\/product"}],"about":[{"href":"https:\/\/gltestm.webology.pl\/de\/wp-json\/wp\/v2\/types\/product"}],"replies":[{"embeddable":true,"href":"https:\/\/gltestm.webology.pl\/de\/wp-json\/wp\/v2\/comments?post=17300"}],"version-history":[{"count":0,"href":"https:\/\/gltestm.webology.pl\/de\/wp-json\/wp\/v2\/product\/17300\/revisions"}],"wp:featuredmedia":[{"embeddable":true,"href":"https:\/\/gltestm.webology.pl\/de\/wp-json\/wp\/v2\/media\/15196"}],"wp:attachment":[{"href":"https:\/\/gltestm.webology.pl\/de\/wp-json\/wp\/v2\/media?parent=17300"}],"wp:term":[{"taxonomy":"product_brand","embeddable":true,"href":"https:\/\/gltestm.webology.pl\/de\/wp-json\/wp\/v2\/product_brand?post=17300"},{"taxonomy":"product_cat","embeddable":true,"href":"https:\/\/gltestm.webology.pl\/de\/wp-json\/wp\/v2\/product_cat?post=17300"},{"taxonomy":"product_tag","embeddable":true,"href":"https:\/\/gltestm.webology.pl\/de\/wp-json\/wp\/v2\/product_tag?post=17300"}],"curies":[{"name":"wp","href":"https:\/\/api.w.org\/{rel}","templated":true}]}}