{"id":17264,"date":"2026-03-18T22:04:28","date_gmt":"2026-03-18T21:04:28","guid":{"rendered":"https:\/\/gltestm.webology.pl\/produkt\/pedal-fuer-lucznik-naehmaschine-modell-c-8001-fuer-elektronische-maschinen\/"},"modified":"2026-03-22T21:58:00","modified_gmt":"2026-03-22T20:58:00","slug":"pedal-fuer-lucznik-naehmaschine-modell-c-8001-fuer-elektronische-maschinen","status":"publish","type":"product","link":"https:\/\/gltestm.webology.pl\/de\/produkt\/pedal-fuer-lucznik-naehmaschine-modell-c-8001-fuer-elektronische-maschinen\/","title":{"rendered":"Pedal f\u00fcr Lucznik N\u00e4hmaschine, Modell C-8001, f\u00fcr elektronische Maschinen"},"content":{"rendered":"<p>Geschwindigkeitsregler f\u00fcr die Steuerung der N\u00e4hgeschwindigkeit, speziell f\u00fcr die elektronischen N\u00e4hmaschinen Lucznik <strong>Marilyn 2018 HD, Patrycja 2090 <\/strong>und<strong> Martyna 2080<\/strong><strong>.<\/strong> Es erm\u00f6glicht eine komfortable und reibungslose Einstellung der N\u00e4hgeschwindigkeit.<\/p>\n<p>Er passt auch auf verschiedene Modelle \u00e4lterer elektronischer N\u00e4hmaschinen.<\/p>\n<p><strong>HINWEIS:<\/strong> Der Starter <strong>hat KEIN<\/strong> Kabel f\u00fcr den Netzanschluss.<\/p>\n","protected":false},"excerpt":{"rendered":"<p>Antriebseinheit f\u00fcr elektronische Lucznik-Maschinen. Regelt die Geschwindigkeit von Motoren in N\u00e4hmaschinen.<\/p>\n","protected":false},"featured_media":14441,"comment_status":"open","ping_status":"closed","template":"","meta":[],"product_brand":[],"product_cat":[480],"product_tag":[],"class_list":{"0":"post-17264","1":"product","2":"type-product","3":"status-publish","4":"has-post-thumbnail","6":"product_cat-pedaly-do-maszyn-i-regulatory-obrotow","8":"first","9":"instock","10":"sale","11":"taxable","12":"shipping-taxable","13":"purchasable","14":"product-type-simple"},"_links":{"self":[{"href":"https:\/\/gltestm.webology.pl\/de\/wp-json\/wp\/v2\/product\/17264","targetHints":{"allow":["GET"]}}],"collection":[{"href":"https:\/\/gltestm.webology.pl\/de\/wp-json\/wp\/v2\/product"}],"about":[{"href":"https:\/\/gltestm.webology.pl\/de\/wp-json\/wp\/v2\/types\/product"}],"replies":[{"embeddable":true,"href":"https:\/\/gltestm.webology.pl\/de\/wp-json\/wp\/v2\/comments?post=17264"}],"version-history":[{"count":0,"href":"https:\/\/gltestm.webology.pl\/de\/wp-json\/wp\/v2\/product\/17264\/revisions"}],"wp:featuredmedia":[{"embeddable":true,"href":"https:\/\/gltestm.webology.pl\/de\/wp-json\/wp\/v2\/media\/14441"}],"wp:attachment":[{"href":"https:\/\/gltestm.webology.pl\/de\/wp-json\/wp\/v2\/media?parent=17264"}],"wp:term":[{"taxonomy":"product_brand","embeddable":true,"href":"https:\/\/gltestm.webology.pl\/de\/wp-json\/wp\/v2\/product_brand?post=17264"},{"taxonomy":"product_cat","embeddable":true,"href":"https:\/\/gltestm.webology.pl\/de\/wp-json\/wp\/v2\/product_cat?post=17264"},{"taxonomy":"product_tag","embeddable":true,"href":"https:\/\/gltestm.webology.pl\/de\/wp-json\/wp\/v2\/product_tag?post=17264"}],"curies":[{"name":"wp","href":"https:\/\/api.w.org\/{rel}","templated":true}]}}