{"id":17232,"date":"2026-03-18T22:04:26","date_gmt":"2026-03-18T21:04:26","guid":{"rendered":"https:\/\/gltestm.webology.pl\/produkt\/fingerhut-fuer-maenner\/"},"modified":"2026-03-22T21:13:27","modified_gmt":"2026-03-22T20:13:27","slug":"fingerhut-fuer-maenner","status":"publish","type":"product","link":"https:\/\/gltestm.webology.pl\/de\/produkt\/fingerhut-fuer-maenner\/","title":{"rendered":"Fingerhut f\u00fcr M\u00e4nner"},"content":{"rendered":"<p><span>Fingerhut f\u00fcr M\u00e4nner aus Metall. Bequem zu bedienen durch seinen gr\u00f6\u00dferen Durchmesser als ein traditioneller. <\/span><\/p>\n","protected":false},"excerpt":{"rendered":"<p>Fingerhut f\u00fcr M\u00e4nner aus Metall.<\/p>\n","protected":false},"featured_media":14070,"comment_status":"open","ping_status":"closed","template":"","meta":[],"product_brand":[],"product_cat":[345],"product_tag":[],"class_list":{"0":"post-17232","1":"product","2":"type-product","3":"status-publish","4":"has-post-thumbnail","6":"product_cat-naparstki","8":"first","9":"instock","10":"taxable","11":"shipping-taxable","12":"purchasable","13":"product-type-simple"},"_links":{"self":[{"href":"https:\/\/gltestm.webology.pl\/de\/wp-json\/wp\/v2\/product\/17232","targetHints":{"allow":["GET"]}}],"collection":[{"href":"https:\/\/gltestm.webology.pl\/de\/wp-json\/wp\/v2\/product"}],"about":[{"href":"https:\/\/gltestm.webology.pl\/de\/wp-json\/wp\/v2\/types\/product"}],"replies":[{"embeddable":true,"href":"https:\/\/gltestm.webology.pl\/de\/wp-json\/wp\/v2\/comments?post=17232"}],"version-history":[{"count":0,"href":"https:\/\/gltestm.webology.pl\/de\/wp-json\/wp\/v2\/product\/17232\/revisions"}],"wp:featuredmedia":[{"embeddable":true,"href":"https:\/\/gltestm.webology.pl\/de\/wp-json\/wp\/v2\/media\/14070"}],"wp:attachment":[{"href":"https:\/\/gltestm.webology.pl\/de\/wp-json\/wp\/v2\/media?parent=17232"}],"wp:term":[{"taxonomy":"product_brand","embeddable":true,"href":"https:\/\/gltestm.webology.pl\/de\/wp-json\/wp\/v2\/product_brand?post=17232"},{"taxonomy":"product_cat","embeddable":true,"href":"https:\/\/gltestm.webology.pl\/de\/wp-json\/wp\/v2\/product_cat?post=17232"},{"taxonomy":"product_tag","embeddable":true,"href":"https:\/\/gltestm.webology.pl\/de\/wp-json\/wp\/v2\/product_tag?post=17232"}],"curies":[{"name":"wp","href":"https:\/\/api.w.org\/{rel}","templated":true}]}}