{"id":17216,"date":"2026-03-18T22:04:24","date_gmt":"2026-03-18T21:04:24","guid":{"rendered":"https:\/\/gltestm.webology.pl\/produkt\/baumwollzwirn-nr-0205\/"},"modified":"2026-03-22T21:57:45","modified_gmt":"2026-03-22T20:57:45","slug":"baumwollzwirn-nr-0205","status":"publish","type":"product","link":"https:\/\/gltestm.webology.pl\/de\/produkt\/baumwollzwirn-nr-0205\/","title":{"rendered":"Baumwollzwirn Nr. 0205"},"content":{"rendered":"<p>Dieses Dekogarn aus 100% nat\u00fcrlicher<strong>Baumwolle<\/strong> , hergestellt aus <strong>nat\u00fcrlicher Baumwolle<\/strong>, mit einer St\u00e4rke von 12 Lagen und einer Wicklung von 100 Metern, wird eine ideale Erg\u00e4nzung nicht nur zu den kreativeren N\u00e4hprodukten, sondern auch zu allen Arten von DIY-Produkten sein. Es eignet sich perfekt f\u00fcr , und <strong>, zum Verzieren von<\/strong> , f\u00fcr alle Arten von Maskottchen-Anh\u00e4ngern, Ornamenten, Traumf\u00e4ngern oder Beuteln und auch f\u00fcr die Herstellung von Quasten oder Pompons. <\/p>\n<p>Au\u00dferdem eignet es sich gut als Ersatz f\u00fcr das klassische<strong> Geschenkband<\/strong>, findet aber auch in der K\u00fcche Verwendung&#8230;.<\/p>\n<p><strong>HINWEIS: <\/strong>Die auf dem Bildschirm angezeigte Farbe kann leicht von der Farbe des Produkts in nat\u00fcrlichem Licht abweichen und h\u00e4ngt von den Bildschirmeinstellungen ab. <\/p>\n","protected":false},"excerpt":{"rendered":"<p>Zweifarbiges Baumwollgarn mit einer Wicklung von 100 Metern und einer St\u00e4rke von 12 Lagen, das eine ideale Erg\u00e4nzung f\u00fcr eine Vielzahl von Handarbeiten und Bastelarbeiten ist.<\/p>\n","protected":false},"featured_media":14020,"comment_status":"open","ping_status":"closed","template":"","meta":[],"product_brand":[],"product_cat":[340],"product_tag":[],"class_list":{"0":"post-17216","1":"product","2":"type-product","3":"status-publish","4":"has-post-thumbnail","6":"product_cat-sznurki","8":"first","9":"instock","10":"taxable","11":"shipping-taxable","12":"purchasable","13":"product-type-simple"},"_links":{"self":[{"href":"https:\/\/gltestm.webology.pl\/de\/wp-json\/wp\/v2\/product\/17216","targetHints":{"allow":["GET"]}}],"collection":[{"href":"https:\/\/gltestm.webology.pl\/de\/wp-json\/wp\/v2\/product"}],"about":[{"href":"https:\/\/gltestm.webology.pl\/de\/wp-json\/wp\/v2\/types\/product"}],"replies":[{"embeddable":true,"href":"https:\/\/gltestm.webology.pl\/de\/wp-json\/wp\/v2\/comments?post=17216"}],"version-history":[{"count":0,"href":"https:\/\/gltestm.webology.pl\/de\/wp-json\/wp\/v2\/product\/17216\/revisions"}],"wp:featuredmedia":[{"embeddable":true,"href":"https:\/\/gltestm.webology.pl\/de\/wp-json\/wp\/v2\/media\/14020"}],"wp:attachment":[{"href":"https:\/\/gltestm.webology.pl\/de\/wp-json\/wp\/v2\/media?parent=17216"}],"wp:term":[{"taxonomy":"product_brand","embeddable":true,"href":"https:\/\/gltestm.webology.pl\/de\/wp-json\/wp\/v2\/product_brand?post=17216"},{"taxonomy":"product_cat","embeddable":true,"href":"https:\/\/gltestm.webology.pl\/de\/wp-json\/wp\/v2\/product_cat?post=17216"},{"taxonomy":"product_tag","embeddable":true,"href":"https:\/\/gltestm.webology.pl\/de\/wp-json\/wp\/v2\/product_tag?post=17216"}],"curies":[{"name":"wp","href":"https:\/\/api.w.org\/{rel}","templated":true}]}}