{"id":17196,"date":"2026-03-18T22:04:23","date_gmt":"2026-03-18T21:04:23","guid":{"rendered":"https:\/\/gltestm.webology.pl\/produkt\/handnadelkissen\/"},"modified":"2026-03-22T21:57:38","modified_gmt":"2026-03-22T20:57:38","slug":"handnadelkissen","status":"publish","type":"product","link":"https:\/\/gltestm.webology.pl\/de\/produkt\/handnadelkissen\/","title":{"rendered":"Handnadelkissen"},"content":{"rendered":"<h2>Der perfekte Organizer f\u00fcr Stecknadeln<\/h2>\n<p>Das Nadelkissen ist ein sehr praktisches N\u00e4hzubeh\u00f6r. Dank des Gummibandes kann man es bequem am Handgelenk tragen und hat es so immer griffbereit. Es erleichtert vor allem das Schneidern von Anproben und Markierungskorrekturen.<\/p>\n<h2>Muster und Gr\u00f6\u00dfe<\/h2>\n<p>Das Motiv in einem dekorativen <strong>wei\u00df-blau karierten<\/strong> Muster mit einem Knopf auf einem roten Band, das sich um das Kissen wickelt, verleiht ihm einen zus\u00e4tzlichen \u00e4sthetischen Wert. Der Durchmesser des Kissens betr\u00e4gt <strong>60 mm<\/strong>.<\/p>\n","protected":false},"excerpt":{"rendered":"<p>Nadel- und Nadelkissen mit praktischem Gummizug am Handgelenk. Blaues Karo.<\/p>\n","protected":false},"featured_media":14142,"comment_status":"open","ping_status":"closed","template":"","meta":[],"product_brand":[],"product_cat":[740],"product_tag":[],"class_list":{"0":"post-17196","1":"product","2":"type-product","3":"status-publish","4":"has-post-thumbnail","6":"product_cat-szpilki-agrafki-i-poduszeczki","8":"first","9":"instock","10":"taxable","11":"shipping-taxable","12":"purchasable","13":"product-type-simple"},"_links":{"self":[{"href":"https:\/\/gltestm.webology.pl\/de\/wp-json\/wp\/v2\/product\/17196","targetHints":{"allow":["GET"]}}],"collection":[{"href":"https:\/\/gltestm.webology.pl\/de\/wp-json\/wp\/v2\/product"}],"about":[{"href":"https:\/\/gltestm.webology.pl\/de\/wp-json\/wp\/v2\/types\/product"}],"replies":[{"embeddable":true,"href":"https:\/\/gltestm.webology.pl\/de\/wp-json\/wp\/v2\/comments?post=17196"}],"version-history":[{"count":0,"href":"https:\/\/gltestm.webology.pl\/de\/wp-json\/wp\/v2\/product\/17196\/revisions"}],"wp:featuredmedia":[{"embeddable":true,"href":"https:\/\/gltestm.webology.pl\/de\/wp-json\/wp\/v2\/media\/14142"}],"wp:attachment":[{"href":"https:\/\/gltestm.webology.pl\/de\/wp-json\/wp\/v2\/media?parent=17196"}],"wp:term":[{"taxonomy":"product_brand","embeddable":true,"href":"https:\/\/gltestm.webology.pl\/de\/wp-json\/wp\/v2\/product_brand?post=17196"},{"taxonomy":"product_cat","embeddable":true,"href":"https:\/\/gltestm.webology.pl\/de\/wp-json\/wp\/v2\/product_cat?post=17196"},{"taxonomy":"product_tag","embeddable":true,"href":"https:\/\/gltestm.webology.pl\/de\/wp-json\/wp\/v2\/product_tag?post=17196"}],"curies":[{"name":"wp","href":"https:\/\/api.w.org\/{rel}","templated":true}]}}