{"id":17188,"date":"2026-03-18T22:04:22","date_gmt":"2026-03-18T21:04:22","guid":{"rendered":"https:\/\/gltestm.webology.pl\/produkt\/kuechenwaage-ks-205a\/"},"modified":"2026-03-22T21:55:56","modified_gmt":"2026-03-22T20:55:56","slug":"kuechenwaage-ks-205a","status":"publish","type":"product","link":"https:\/\/gltestm.webology.pl\/de\/produkt\/kuechenwaage-ks-205a\/","title":{"rendered":"K\u00fcchenwaage KS-205A"},"content":{"rendered":"<h2><span><strong>Abschraubbare Glasplattform<br \/><\/strong><\/span><\/h2>\n<p>DieKS-205<strong>Eine Waage<\/strong> mit <strong>einer<\/strong> <strong>abschraubbaren<\/strong> <strong>Glasplattform<\/strong> <strong>,<\/strong> damit Sie bei Ihrer Arbeit mehr Hygiene walten lassen und die Gegenst\u00e4nde nach dem Wiegen gr\u00fcndlich reinigen k\u00f6nnen. Eine ideale Waage f\u00fcr Ihre K\u00fcche. Sie ist sehr einfach im Aufbau und in der Bedienung, so dass jedes Haushaltsmitglied problemlos mit ihr umgehen kann.<\/p>\n<h2>Pr\u00e4ziser Punktsensor<\/h2>\n<p>Die<strong>WaageKS-205 A <\/strong>verf\u00fcgt \u00fcber<strong> einen pr\u00e4zisen Punktsensor<\/strong> und <strong>einen Hochleistungsprozessor<\/strong>, so dass die Messgenauigkeit bis zu <strong>1 Gramm<\/strong> betr\u00e4gt. Hervorragend geeignet <strong>zum Abwiegen von Lebensmitteln<\/strong> bei der Zubereitung <strong>von Speisen<\/strong>. Unverzichtbar zum Abmessen von Zutaten beim Kuchenbacken und f\u00fcr eine gesunde, ausgewogene Ern\u00e4hrung.<\/p>\n<h2>Wichtigste Merkmale<\/h2>\n<ul>\n<li><strong>Glasplattform<\/strong><strong>(abschraubbar<\/strong>)<\/li>\n<li>Leicht ablesbare <strong>LCD-Anzeige<\/strong><\/li>\n<li>Maximale Belastung: <strong>5 kg<\/strong><\/li>\n<li>Messgenauigkeit: <strong>1 g<\/strong><\/li>\n<li>Messbereich: 2-5000 g<\/li>\n<li>Ma\u00dfeinheiten: g, lb, oz, kg<\/li>\n<li><strong>Leicht zu reinigen<\/strong> (abgeschraubte Glasplattform)<\/li>\n<li>Batterie-Leerstandsanzeige<\/li>\n<li>Energieversorgung: 2 AAA-Batterien<strong>(im Lieferumfang enthalten<\/strong>)<\/li>\n<\/ul>\n<h2>24-monatige Garantie<\/h2>\n<p>Die Waage wird mit einer <strong>24-monatigen Garantie <\/strong>und einer Anleitung in polnischer und englischer Sprache geliefert, die vor der ersten Benutzung des Produkts gelesen werden sollte.<\/p>\n","protected":false},"excerpt":{"rendered":"<p>Genaue Skala mit Punktsensor<\/p>\n","protected":false},"featured_media":13005,"comment_status":"open","ping_status":"closed","template":"","meta":[],"product_brand":[],"product_cat":[565],"product_tag":[],"class_list":{"0":"post-17188","1":"product","2":"type-product","3":"status-publish","4":"has-post-thumbnail","6":"product_cat-wagi-kuchenne","8":"first","9":"instock","10":"taxable","11":"shipping-taxable","12":"purchasable","13":"product-type-simple"},"_links":{"self":[{"href":"https:\/\/gltestm.webology.pl\/de\/wp-json\/wp\/v2\/product\/17188","targetHints":{"allow":["GET"]}}],"collection":[{"href":"https:\/\/gltestm.webology.pl\/de\/wp-json\/wp\/v2\/product"}],"about":[{"href":"https:\/\/gltestm.webology.pl\/de\/wp-json\/wp\/v2\/types\/product"}],"replies":[{"embeddable":true,"href":"https:\/\/gltestm.webology.pl\/de\/wp-json\/wp\/v2\/comments?post=17188"}],"version-history":[{"count":0,"href":"https:\/\/gltestm.webology.pl\/de\/wp-json\/wp\/v2\/product\/17188\/revisions"}],"wp:featuredmedia":[{"embeddable":true,"href":"https:\/\/gltestm.webology.pl\/de\/wp-json\/wp\/v2\/media\/13005"}],"wp:attachment":[{"href":"https:\/\/gltestm.webology.pl\/de\/wp-json\/wp\/v2\/media?parent=17188"}],"wp:term":[{"taxonomy":"product_brand","embeddable":true,"href":"https:\/\/gltestm.webology.pl\/de\/wp-json\/wp\/v2\/product_brand?post=17188"},{"taxonomy":"product_cat","embeddable":true,"href":"https:\/\/gltestm.webology.pl\/de\/wp-json\/wp\/v2\/product_cat?post=17188"},{"taxonomy":"product_tag","embeddable":true,"href":"https:\/\/gltestm.webology.pl\/de\/wp-json\/wp\/v2\/product_tag?post=17188"}],"curies":[{"name":"wp","href":"https:\/\/api.w.org\/{rel}","templated":true}]}}