{"id":17180,"date":"2026-03-18T22:04:22","date_gmt":"2026-03-18T21:04:22","guid":{"rendered":"https:\/\/gltestm.webology.pl\/produkt\/elektrischer-toaster-zum-toasten-von-panini-sandwiches-3in1-lucznik-sm-2019-xl-1000w\/"},"modified":"2026-03-22T21:55:42","modified_gmt":"2026-03-22T20:55:42","slug":"elektrischer-toaster-zum-toasten-von-panini-sandwiches-3in1-lucznik-sm-2019-xl-1000w","status":"publish","type":"product","link":"https:\/\/gltestm.webology.pl\/de\/produkt\/elektrischer-toaster-zum-toasten-von-panini-sandwiches-3in1-lucznik-sm-2019-xl-1000w\/","title":{"rendered":"Elektrischer Toaster zum Toasten von Panini-Sandwiches 3in1 Lucznik SM-2019 XL 1000W"},"content":{"rendered":"<h2><strong>Multifunktionalit\u00e4t zum Greifen nah<\/strong><\/h2>\n<p><strong>Ein<\/strong> Ger\u00e4t, das <strong>drei verschiedene<\/strong> Ger\u00e4te <strong>ersetzt<\/strong>, ist eine praktische L\u00f6sung f\u00fcr alle, die Wert auf <strong>Platz in der K\u00fcche<\/strong> legen und Zeit und Energie sparen wollen. Mit unserem <strong>3-in-1-Toaster<\/strong> <strong>SM-2019-XL<\/strong> k\u00f6nnen Sie nicht nur knusprigen <strong>Toast<\/strong>, sondern auch saftige <strong>Grillgerichte<\/strong> oder Waffeln zubereiten &#8211; alles in einem Ger\u00e4t!<\/p>\n<h2><strong>Dreifache Leistung, dreifacher Genuss<\/strong><\/h2>\n<p>Mit <strong>1000 Watt<\/strong> Leistung ist jede Mahlzeit <strong>im Handumdrehen<\/strong> und ohne lange Wartezeiten fertig. Wie ein Meisterkoch, der auf Hochtouren arbeitet, bietet der Toaster <strong>drei verschiedene Platten<\/strong>, die <strong>schnell gewechselt<\/strong> werden k\u00f6nnen, um den Anforderungen Ihres Men\u00fcs gerecht zu werden.<\/p>\n<p><img fetchpriority=\"high\" decoding=\"async\" src=\"\/data\/include\/cms\/.product\/7\/3\/1037\/6.jpg\" alt=\"Opiekacz do tost\u00f3w kanapek panini 3w1 \u0141ucznik SM-2019 XL 1000 W\" width=\"750\" height=\"750\" \/><\/p>\n<h2><strong>Die wichtigsten Merkmale des Toasters SM-2019-XL<\/strong><\/h2>\n<ul>\n<li><strong>1000 Watt<\/strong> Leistung<\/li>\n<li><strong>drei austauschbare<\/strong>, gro\u00dfformatige<strong>Platten<\/strong> (28,5 x 15,5 cm) zum <strong>Grillen<\/strong>, <strong>Toasten, f\u00fcr Panini<\/strong> und Waffeln<\/li>\n<li>spezielle <strong>Antihaftbeschichtung <\/strong>auf den Platten f\u00fcr eine einfache Reinigung<\/li>\n<li><strong>rutschfeste F\u00fc\u00dfe<\/strong> f\u00fcr sicheren Stand bei der Benutzung<\/li>\n<li><strong>intuitive Steuerung<\/strong> und einfache Bedienung<\/li>\n<li>sicherheitsverriegelung<strong>zur<\/strong> Gew\u00e4hrleistung der Sicherheit beim Grillen<\/li>\n<li><strong>zwei Kontrollleuchten<\/strong> (gr\u00fcn und rot)<\/li>\n<li><strong>schnelles Aufheizen<\/strong> (ca. 5 Minuten)<\/li>\n<\/ul>\n<p><img decoding=\"async\" src=\"\/data\/include\/cms\/.product\/7\/3\/1037\/5.jpg\" alt=\"Opiekacz do tost\u00f3w kanapek panini 3w1 \u0141ucznik SM-2019 XL 1000 W\" width=\"750\" height=\"750\" \/><\/p>\n<h2><strong>Auswechselbare Platten &#8211; gro\u00dfe Geschmacksvielfalt<\/strong><\/h2>\n<p>Mit <strong>drei austauschbaren Platten<\/strong> <strong>von 28,5 x 15,5 cm<\/strong> sind die kulinarischen M\u00f6glichkeiten nahezu unbegrenzt.<\/p>\n<ul>\n<li><strong>Toastplatte <\/strong>&#8211; serviert Ihnen<strong>Toast <\/strong> mit verschiedenen F\u00fcllungen, ideal f\u00fcr ein schnelles Fr\u00fchst\u00fcck oder einen Snack.<\/li>\n<li><strong>Grillplatte<\/strong> &#8211; erm\u00f6glicht die Zubereitung von saftigen Fleischst\u00fccken, aromatischem Gem\u00fcse oder knusprigen Sandwiches mit gegrilltem Gem\u00fcse.<\/li>\n<li><strong>Waffelteller<\/strong> &#8211; eine Einladung ins Reich der S\u00fc\u00dfe &#8211; von klassischen Waffeln mit Ahornsirup bis hin zu originellen Fruchtkombinationen.<\/li>\n<\/ul>\n<p>Entdecken Sie neue Geschmacksrichtungen und bereiten Sie Ihre Lieblingsgerichte ganz einfach mit unserem 3-in-1-Toaster zu!<\/p>\n<p><img decoding=\"async\" src=\"\/data\/include\/cms\/.product\/7\/3\/1037\/7.jpg\" alt=\"Opiekacz do tost\u00f3w kanapek panini 3w1 \u0141ucznik SM-2019 XL 1000 W\" width=\"750\" height=\"750\" \/><\/p>\n<h2><strong>Sicherheit steht immer an erster Stelle<\/strong><\/h2>\n<p><strong>Der Komfort<\/strong> unseres Toasters SM-2019-XL geht Hand in Hand mit einem hohen Ma\u00df an <strong>Sicherheit<\/strong>. Dank der <strong>Sicherheitsverriegelung<\/strong> am Deckel k\u00f6nnen Sie sicher sein, dass beim Grillen oder Waffeln backen nichts Schlimmes passieren kann.<\/p>\n<p>Dar\u00fcber hinaus sorgen die <strong>rutschfesten F\u00fc\u00dfe<\/strong> daf\u00fcr, dass das Ger\u00e4t w\u00e4hrend des Gebrauchs <strong>stabil bleibt<\/strong> und nicht ausrutscht oder umkippt. Jetzt k\u00f6nnen Sie Ihre kulinarischen Experimente genie\u00dfen, ohne sich um die Sicherheit sorgen zu m\u00fcssen!<\/p>\n<h2><strong>Schnelle und einfache Vorbereitung zum Kochen<\/strong><\/h2>\n<p>Wenn der Toaster eingesteckt ist, leuchten <strong>zwei Lichter<\/strong> &#8211; gr\u00fcn und rot &#8211; auf, um den <strong>Beginn des Aufheizens<\/strong> zu signalisieren. Wenn <strong>das gr\u00fcne Licht<\/strong> erlischt, <strong>ist der Toaster einsatzbereit<\/strong>. Der gesamte Aufheizvorgang dauert in der Regel <strong>etwa 5 Minuten<\/strong>, so dass Sie <strong>schnell mit der <\/strong>Zubereitung Ihrer Lieblingsgerichte <strong>beginnen <\/strong>k\u00f6nnen. Einfach einstecken, kurz warten und losgrillen!<\/p>\n<h2><strong>Austausch der Kochplatten<\/strong><\/h2>\n<p>Tauschen Sie die Kochplatten erst aus, nachdem der Toaster SM-2019-XL <strong>vom Stromnetz getrennt wurde und abgek\u00fchlt ist<\/strong>. Mit diesem einfachen Schritt minimieren wir das Risiko von Verbrennungen. Ihre Sicherheit liegt uns am Herzen, also beachten Sie diesen Tipp, wenn Sie unseren Toaster benutzen!<\/p>\n<p>Mit unserem <strong>3-in-1-Toaster<\/strong> wird die Zubereitung Ihrer Lieblingsgerichte <strong>einfach<\/strong> und <strong>angenehm<\/strong> und macht jede Mahlzeit zu einem einzigartigen Kocherlebnis. Entdecken Sie eine neue Dimension des Kochens mit unserem vielseitigen Toaster SM-2019-XL!<\/p>\n<p><img loading=\"lazy\" decoding=\"async\" src=\"\/data\/include\/cms\/.product\/7\/3\/1037\/9.jpg\" alt=\"Opiekacz do tost\u00f3w kanapek panini 3w1 \u0141ucznik SM-2019 XL 1000 W\" width=\"750\" height=\"750\" \/><\/p>\n","protected":false},"excerpt":{"rendered":"<p>3-in-1-Toaster mit 1000 Watt Leistung. Drei austauschbare Platten mit gro\u00dfer Oberfl\u00e4che &#8211; f\u00fcr Grill oder Panini, f\u00fcr Toast, f\u00fcr Waffeln. Anti-Rutsch-F\u00fc\u00dfe. Antihaftbeschichtung. Schnelles Aufheizen &#8211; ca. 5 Min.<\/p>\n","protected":false},"featured_media":13385,"comment_status":"open","ping_status":"closed","template":"","meta":[],"product_brand":[],"product_cat":[585],"product_tag":[],"class_list":{"0":"post-17180","1":"product","2":"type-product","3":"status-publish","4":"has-post-thumbnail","6":"product_cat-tostery-i-opiekacze","8":"first","9":"instock","10":"taxable","11":"shipping-taxable","12":"purchasable","13":"product-type-simple"},"_links":{"self":[{"href":"https:\/\/gltestm.webology.pl\/de\/wp-json\/wp\/v2\/product\/17180","targetHints":{"allow":["GET"]}}],"collection":[{"href":"https:\/\/gltestm.webology.pl\/de\/wp-json\/wp\/v2\/product"}],"about":[{"href":"https:\/\/gltestm.webology.pl\/de\/wp-json\/wp\/v2\/types\/product"}],"replies":[{"embeddable":true,"href":"https:\/\/gltestm.webology.pl\/de\/wp-json\/wp\/v2\/comments?post=17180"}],"version-history":[{"count":0,"href":"https:\/\/gltestm.webology.pl\/de\/wp-json\/wp\/v2\/product\/17180\/revisions"}],"wp:featuredmedia":[{"embeddable":true,"href":"https:\/\/gltestm.webology.pl\/de\/wp-json\/wp\/v2\/media\/13385"}],"wp:attachment":[{"href":"https:\/\/gltestm.webology.pl\/de\/wp-json\/wp\/v2\/media?parent=17180"}],"wp:term":[{"taxonomy":"product_brand","embeddable":true,"href":"https:\/\/gltestm.webology.pl\/de\/wp-json\/wp\/v2\/product_brand?post=17180"},{"taxonomy":"product_cat","embeddable":true,"href":"https:\/\/gltestm.webology.pl\/de\/wp-json\/wp\/v2\/product_cat?post=17180"},{"taxonomy":"product_tag","embeddable":true,"href":"https:\/\/gltestm.webology.pl\/de\/wp-json\/wp\/v2\/product_tag?post=17180"}],"curies":[{"name":"wp","href":"https:\/\/api.w.org\/{rel}","templated":true}]}}