{"id":17172,"date":"2026-03-18T22:04:21","date_gmt":"2026-03-18T21:04:21","guid":{"rendered":"https:\/\/gltestm.webology.pl\/produkt\/lucznik-bt-2019-toaster-mit-zwei-schlitzen\/"},"modified":"2026-03-22T21:55:28","modified_gmt":"2026-03-22T20:55:28","slug":"lucznik-bt-2019-toaster-mit-zwei-schlitzen","status":"publish","type":"product","link":"https:\/\/gltestm.webology.pl\/de\/produkt\/lucznik-bt-2019-toaster-mit-zwei-schlitzen\/","title":{"rendered":"Lucznik BT-2019 Toaster mit zwei Schlitzen"},"content":{"rendered":"<h2>Hei\u00dfer Toast, genau wie Sie ihn m\u00f6gen!<\/h2>\n<p>Gibt es jemanden, der den Geruch von hei\u00dfem, knusprigem Toast am Morgen nicht liebt? Oder nicht nur am Morgen&#8230;. Mit ein wenig Butter, Marmelade oder Schokoladencreme&#8230;. Lecker! Ein guter Toaster ist eine <strong>Garantie f\u00fcr gut zubereitete, leckere<\/strong> Toasts, wann immer Sie Lust darauf haben. Mit einem guten Ger\u00e4t k\u00f6nnen Sie <strong>perfekt getoastete<\/strong> Croutons nicht nur f\u00fcr Sandwiches zubereiten, sondern auch als schmackhafte Erg\u00e4nzung zu einem Salat oder einer Cremesuppe.<\/p>\n<p>Der Lucznik BT-2019 Toaster ist <strong>leicht zu reinigen<\/strong> und verf\u00fcgt \u00fcber ein \u00e4u\u00dferst <strong>einfaches Bediensystem<\/strong>, so dass jeder leicht mit seiner <strong>Bedienung<\/strong> zurechtkommt.<\/p>\n<h2>Wesentliche Merkmale<\/h2>\n<ul>\n<li>Leistung: <strong>700 W<\/strong><\/li>\n<li>Toastet <strong>2 Toasts<\/strong> auf einmal<\/li>\n<li>mit<strong>dem 6-stufigen Toastregler<\/strong> k\u00f6nnen Sie die Toastbeschaffenheit <strong>perfekt<\/strong> an Ihre Vorlieben und aktuellen Bed\u00fcrfnisse anpassen.<\/li>\n<li>&#8222;<strong>STOP&#8220;-Taste<\/strong> &#8211; wenn Sie feststellen, dass das Brot zu stark getoastet ist, k\u00f6nnen Sie den Toastvorgang sofort abbrechen und die Scheiben zum Abk\u00fchlen herausnehmen<\/li>\n<li><strong>ausziehbare Kr\u00fcmelschublade<\/strong> &#8211; nach der Zubereitung eines solchen Fr\u00fchst\u00fccks m\u00fcssen Sie sich keine Gedanken \u00fcber das Aufr\u00e4umen machen<\/li>\n<li>geh\u00e4use aus<strong>rostfreiem Edelstahl<\/strong>, so dass es auf der K\u00fcchenarbeitsplatte sch\u00f6n aussieht<\/li>\n<li><strong>rutschfeste F\u00fc\u00dfe<\/strong> an der Unterseite, die f\u00fcr die n\u00f6tige Stabilit\u00e4t sorgen und ein Verrutschen verhindern<\/li>\n<\/ul>\n<h2>Problemlose Reinigung nach dem Fr\u00fchst\u00fcck<\/h2>\n<p>F\u00fcr Sauberkeit in Ihrer K\u00fcche und Hygiene bei der Zubereitung sorgt die <strong>ausziehbare Kr\u00fcmelschublade<\/strong> des Lucznik BT-2019 Toasters. Nach der Zubereitung eines solchen Fr\u00fchst\u00fccks m\u00fcssen Sie sich keine Gedanken \u00fcber das Aufr\u00e4umen machen &#8211; es wird so einfach wie nie zuvor.<\/p>\n<h2>Knuspriges Toastbrot &#8211; genau wie Sie es m\u00f6gen<\/h2>\n<p>Dank des <strong>6-stufigen Toastreglers<\/strong> k\u00f6nnen Sie den <strong>Grad der Toastung<\/strong> perfekt an Ihre W\u00fcnsche <strong>anpassen<\/strong>. Ob Sie einfach nur Brot f\u00fcr Sandwiches aufw\u00e4rmen, Toast zubereiten, der <strong>au\u00dfen knusprig und innen weich<\/strong> ist, perfekt zum Bestreichen mit Marmelade, oder maximal knusprigen Zwieback &#8211; mit dem BT-2019 Toaster gelingt Ihnen das garantiert. Es bedarf nur einiger Experimente in Form der Zubereitung verschiedener Toasts w\u00e4hrend eines k\u00f6stlichen Fr\u00fchst\u00fccks.<\/p>\n<h2>Nie mehr verbrannter Toast<\/h2>\n<p>Mit der im Lucznik BT-2019 Toaster eingebauten <strong>&#8222;STOP&#8220;<\/strong> -Taste k\u00f6nnen Sie den Toastvorgang jederzeit <strong>abbrechen<\/strong>. Wenn Sie bemerken, dass das Brot mehr als ausreichend getoastet wird, k\u00f6nnen Sie den Toastvorgang sofort abbrechen und die Scheiben zum <strong>Abk\u00fchlen<\/strong> herausnehmen.<\/p>\n<h2>Vielseitiger Stil, der in jede K\u00fcche passt<\/h2>\n<p>Es ist erw\u00e4hnenswert, dass der Lucznik BT-2019 Toaster ein <strong>Geh\u00e4use aus rostfreiem Edelstahl<\/strong> hat, so dass <strong>er auf der K\u00fcchentheke sch\u00f6n aussieht<\/strong> &#8211; nicht nur w\u00e4hrend einer Mahlzeit, sondern auch f\u00fcr eine lange Zeit ein tadelloses Aussehen bewahrt. <strong>Rutschfeste F\u00fc\u00dfe<\/strong> an der Unterseite sorgen f\u00fcr die n\u00f6tige Stabilit\u00e4t und verhindern ein Verrutschen, was Ihre <strong>Sicherheit<\/strong> erh\u00f6ht.<\/p>\n<h2>24-monatige Garantie<\/h2>\n<p>Der Lucznik BT-2019 Toaster wird mit <strong>einer zweij\u00e4hrigen Garantie<\/strong> und einer Bedienungsanleitung in <strong>polnischer<\/strong> und <strong>englischer<\/strong> Sprache geliefert. Wir empfehlen, diese vor der Verwendung des Ger\u00e4ts zu lesen.<\/p>\n","protected":false},"excerpt":{"rendered":"<p>Zwei-Scheiben-Toaster mit 6-stufiger Toaststufenregelung und 700 Watt Leistung<\/p>\n","protected":false},"featured_media":12996,"comment_status":"open","ping_status":"closed","template":"","meta":[],"product_brand":[],"product_cat":[585],"product_tag":[],"class_list":{"0":"post-17172","1":"product","2":"type-product","3":"status-publish","4":"has-post-thumbnail","6":"product_cat-tostery-i-opiekacze","8":"first","9":"instock","10":"taxable","11":"shipping-taxable","12":"purchasable","13":"product-type-simple"},"_links":{"self":[{"href":"https:\/\/gltestm.webology.pl\/de\/wp-json\/wp\/v2\/product\/17172","targetHints":{"allow":["GET"]}}],"collection":[{"href":"https:\/\/gltestm.webology.pl\/de\/wp-json\/wp\/v2\/product"}],"about":[{"href":"https:\/\/gltestm.webology.pl\/de\/wp-json\/wp\/v2\/types\/product"}],"replies":[{"embeddable":true,"href":"https:\/\/gltestm.webology.pl\/de\/wp-json\/wp\/v2\/comments?post=17172"}],"version-history":[{"count":0,"href":"https:\/\/gltestm.webology.pl\/de\/wp-json\/wp\/v2\/product\/17172\/revisions"}],"wp:featuredmedia":[{"embeddable":true,"href":"https:\/\/gltestm.webology.pl\/de\/wp-json\/wp\/v2\/media\/12996"}],"wp:attachment":[{"href":"https:\/\/gltestm.webology.pl\/de\/wp-json\/wp\/v2\/media?parent=17172"}],"wp:term":[{"taxonomy":"product_brand","embeddable":true,"href":"https:\/\/gltestm.webology.pl\/de\/wp-json\/wp\/v2\/product_brand?post=17172"},{"taxonomy":"product_cat","embeddable":true,"href":"https:\/\/gltestm.webology.pl\/de\/wp-json\/wp\/v2\/product_cat?post=17172"},{"taxonomy":"product_tag","embeddable":true,"href":"https:\/\/gltestm.webology.pl\/de\/wp-json\/wp\/v2\/product_tag?post=17172"}],"curies":[{"name":"wp","href":"https:\/\/api.w.org\/{rel}","templated":true}]}}