{"id":17168,"date":"2026-03-18T22:04:21","date_gmt":"2026-03-18T21:04:21","guid":{"rendered":"https:\/\/gltestm.webology.pl\/produkt\/sf-2019-plus-ferngesteuerter-stehventilator\/"},"modified":"2026-03-22T21:12:55","modified_gmt":"2026-03-22T20:12:55","slug":"sf-2019-plus-ferngesteuerter-stehventilator","status":"publish","type":"product","link":"https:\/\/gltestm.webology.pl\/de\/produkt\/sf-2019-plus-ferngesteuerter-stehventilator\/","title":{"rendered":"SF-2019 Plus Ferngesteuerter Stehventilator"},"content":{"rendered":"<h2><strong>Fan SF 2019 Plus<\/strong> &#8211; Komfort und Erfrischung in Ihrer Wohnung<\/h2>\n<p>Die f\u00fcr den Durchschnittsmenschen angenehmste Raumtemperatur schwankt in der Regel zwischen 18 und 24\u00baC. Bei sommerlichen Hitzewellen in unseren Wohnungen kann sie diesen Wert jedoch weit \u00fcberschreiten &#8211; und bis zu 30 Grad erreichen! Wenn Sie auf der Suche nach Abk\u00fchlung und mehr Komfort sind, sind Sie bei uns genau richtig. Der Archer <strong>SF-2019 Plus Standventilator <\/strong>wird Sie begeistern und Ihr Zuhause schnell und effizient in einen Ort der Ruhe und Entspannung verwandeln.<\/p>\n<p> <img fetchpriority=\"high\" decoding=\"async\" src=\"\/data\/include\/cms\/.product\/3\/3\/1033\/1.jpg\" alt=\"Wentylator stoj\u0105cy SF-2019 Plus zdalnie sterowany\" width=\"768\" height=\"480\" \/><\/p>\n<h2>Hauptmerkmale:<\/h2>\n<ul>\n<li><strong>fernbedienung<\/strong> mit <strong>Remotecontrol<\/strong><\/li>\n<li><strong>leiser Betrieb<\/strong> ungest\u00f6rtes Arbeiten und Schlafen<\/li>\n<li>eingebauter <strong>Programmierer <\/strong><\/li>\n<li><strong>langlebiger<\/strong> Motor<\/li>\n<li><strong>3 Gebl\u00e4sestufen<\/strong><\/li>\n<li><strong>2 gemischte Betriebsarten<\/strong><\/li>\n<li><strong>auto-Rotationsfunktion<\/strong> (rechts und links in 45 Grad)<\/li>\n<li><strong>stufenlose<\/strong>  <strong> H\u00f6henverstellung <\/strong> (bis zu 130 cm)<\/li>\n<li><strong>doppelseitiges Metallgitter<\/strong> Schutz<\/li>\n<li>stabile Konstruktion<\/li>\n<li><strong>TIMER<\/strong> (von 0,5 bis 7 Stunden)<\/li>\n<\/ul>\n<h2><strong>Fernbedienung<\/strong><strong>byFernbedienung<\/strong> <\/h2>\n<p>DerLucznik<strong>SF 2019 Plus Stehventilator <\/strong>verf\u00fcgt \u00fcber eine <strong>Fernbedienung<\/strong>, mit der Sie die Zufuhr und gleichzeitig die Temperatur des Raumes aus der Ferne steuern k\u00f6nnen, ohne vom Bett oder der Couch aufstehen zu m\u00fcssen. <\/p>\n<h2>Modus-Programmierer<\/h2>\n<p>Au\u00dferdem k\u00f6nnen Sie mit dem eingebauten<strong>Programmierer<\/strong> die gew\u00fcnschte Gebl\u00e4sezeit einstellen, z. B. nachts oder wenn wir nicht zu Hause sind. Die Spanne reicht <strong>von 30 Minuten bis zu 7,5 Stunden<\/strong> planm\u00e4\u00dfigem Betrieb. <\/p>\n<p> <img decoding=\"async\" src=\"\/data\/include\/cms\/.product\/3\/3\/1033\/21.jpg\" alt=\"Wentylator stoj\u0105cy SF-2019 Plus zdalnie sterowany\" width=\"768\" height=\"480\" \/><\/p>\n<h2>3 Ventilatorgeschwindigkeiten und 2 Betriebsmodi<\/h2>\n<p>F\u00fcr eine effiziente und schnelle K\u00fchlung beheizter R\u00e4ume sorgen vor allem der <strong>gro\u00dfe Durchmesser<\/strong> des Ventilators, das optimale Design der Propeller und <strong>der langlebige Motor aus 100% Kupfer. <\/strong>Es dauert nur einen Moment, bis Sie den erfrischend k\u00fchlen Wind auf Ihrem Gesicht sp\u00fcren. Die Intensit\u00e4t des Windes kann mit den <strong>3 Geschwindigkeitsstufen und den 2 gemischten Modi<\/strong> bequem an die aktuellen Bed\u00fcrfnisse angepasst werden.<\/p>\n<p>Unter den verf\u00fcgbaren Einstellungen kann unter anderem die <strong>automatische Rotationsfunktion<\/strong> gew\u00e4hlt werden, die es dem Ventilator erm\u00f6glicht, die Luft im Raum zu bewegen und gleichzeitig den Innenraum noch effektiver zu k\u00fchlen.<\/p>\n<p><img decoding=\"async\" src=\"\/data\/include\/cms\/.product\/3\/3\/1033\/4.jpg\" alt=\"Wentylator stoj\u0105cy SF-2019 Plus zdalnie sterowany\" width=\"768\" height=\"480\" \/><\/p>\n<h2>Leiser Betrieb im Hintergrund<\/h2>\n<p>Sie werden \u00fcberrascht sein, wie <strong>leise<\/strong> der Ventilator <strong>arbeitet<\/strong>, wenn Sie einen dieser Modi w\u00e4hlen &#8211; er erm\u00f6glicht es Ihnen, frei und bequem jede T\u00e4tigkeit im Haushalt auszuf\u00fchren, ohne Gespr\u00e4che und Alltagsger\u00e4usche zu \u00fcbert\u00f6nen.<\/p>\n<p><img loading=\"lazy\" decoding=\"async\" src=\"https:\/\/galerialucznik.pl\/data\/include\/cms\/.product\/3\/3\/1033\/8.jpg\" alt=\"Wentylator stoj\u0105cy SF-2019 Plus zdalnie sterowany\" width=\"768\" height=\"480\" \/><\/p>\n<h2><strong>90\u00b0 Drehbereich<\/strong><\/h2>\n<p>Dank der Funktion der Rotationsbewegung kann <strong>der Ventilator <\/strong>die Luftbewegung im Raum noch intensiver unterst\u00fctzen, was die Raumtemperatur weiter senkt und eine effizientere K\u00fchlung eines noch gr\u00f6\u00dferen Raumes erm\u00f6glicht, indem der erzeugte Wind gleichm\u00e4\u00dfig verteilt wird.  Der Drehwinkel des<strong>Ventilators<\/strong> betr\u00e4gt bis zu<strong>45\u00b0 nach links und rechts<\/strong>. <\/p>\n<p><img loading=\"lazy\" decoding=\"async\" src=\"\/data\/include\/cms\/.product\/3\/3\/1033\/12.jpg\" alt=\"Wentylator stoj\u0105cy SF-2019 Plus zdalnie sterowany\" width=\"768\" height=\"480\" \/><\/p>\n<h2>Stufenlos einstellbar bis zu 130 cm in der H\u00f6he<\/h2>\n<p>Sie k\u00f6nnen den ArcherSF<strong>2019 Plus Standventilator <\/strong>jederzeit in jeder beliebigen H\u00f6he aufstellen, dank des <strong>ausziehbaren Teleskopfu\u00dfes <\/strong>, mit dem Sie ihn stufenlos anheben und absenken k\u00f6nnen. So k\u00f6nnen Sie sich problemlos abk\u00fchlen, egal ob Sie bei der Zubereitung des Abendessens an der K\u00fcchentheke stehen, sich auf der Couch entspannen oder im Bett liegen.<\/p>\n<p><img loading=\"lazy\" decoding=\"async\" src=\"\/data\/include\/cms\/.product\/3\/3\/1033\/16.jpg\" alt=\"Wentylator stoj\u0105cy SF-2019 Plus zdalnie sterowany\" width=\"768\" height=\"480\" \/> <\/p>\n<h2>Sicheres Design mit breit abgeschirmten Propellern<\/h2>\n<p>Um <strong>Sie und Ihre Lieben<\/strong> so sicher wie m\u00f6glich zu halten, sind die Propeller des Ventilators durch ein Metallgitter gesch\u00fctzt. Die <strong>stabile<\/strong> Konstruktion verhindert, dass er bei den lustigen Spielen Ihrer Kinder oder Enkelkinder unbeabsichtigt umgesto\u00dfen wird.<\/p>\n<p><img loading=\"lazy\" decoding=\"async\" src=\"\/data\/include\/cms\/.product\/3\/3\/1033\/20.jpg\" alt=\"Wentylator stoj\u0105cy SF-2019 Plus zdalnie sterowany\" width=\"768\" height=\"480\" \/><\/p>\n<h2>Elegantes und modernes Design<\/h2>\n<p>Es ist<strong>nicht zu \u00fcbersehen, dass sich der Archer SF 2019 Plus Standventilator <\/strong>dank seines \u00e4u\u00dferst \u00e4sthetischen, eleganten Designs in schwarzer Farbe perfekt in die Einrichtung Ihres Hauses einf\u00fcgt.<\/p>\n<p> <img loading=\"lazy\" decoding=\"async\" src=\"\/data\/include\/cms\/.product\/3\/3\/1033\/2.jpg\" alt=\"Wentylator stoj\u0105cy SF-2019 Plus zdalnie sterowany\" width=\"768\" height=\"480\" \/><\/p>\n<h2>24 Monate Herstellergarantie<\/h2>\n<p><strong>Der Ventilator <\/strong>wird mit einer 24-monatigen Garantie und einer Bedienungsanleitung in polnischer und englischer Sprache geliefert, die Sie vor dem Gebrauch lesen sollten.<\/p>\n","protected":false},"excerpt":{"rendered":"<p>Idealer Ventilator f\u00fcr Haus und B\u00fcro. 3 Gebl\u00e4sestufen. 2 Betriebsarten. 130 cm H\u00f6he. durchmesser 40 cm. Rotationsbereich von 90\u00b0 (links-rechts).<\/p>\n","protected":false},"featured_media":12932,"comment_status":"open","ping_status":"closed","template":"","meta":[],"product_brand":[],"product_cat":[640],"product_tag":[],"class_list":{"0":"post-17168","1":"product","2":"type-product","3":"status-publish","4":"has-post-thumbnail","6":"product_cat-wentylatory","8":"first","9":"instock","10":"taxable","11":"shipping-taxable","12":"purchasable","13":"product-type-simple"},"_links":{"self":[{"href":"https:\/\/gltestm.webology.pl\/de\/wp-json\/wp\/v2\/product\/17168","targetHints":{"allow":["GET"]}}],"collection":[{"href":"https:\/\/gltestm.webology.pl\/de\/wp-json\/wp\/v2\/product"}],"about":[{"href":"https:\/\/gltestm.webology.pl\/de\/wp-json\/wp\/v2\/types\/product"}],"replies":[{"embeddable":true,"href":"https:\/\/gltestm.webology.pl\/de\/wp-json\/wp\/v2\/comments?post=17168"}],"version-history":[{"count":0,"href":"https:\/\/gltestm.webology.pl\/de\/wp-json\/wp\/v2\/product\/17168\/revisions"}],"wp:featuredmedia":[{"embeddable":true,"href":"https:\/\/gltestm.webology.pl\/de\/wp-json\/wp\/v2\/media\/12932"}],"wp:attachment":[{"href":"https:\/\/gltestm.webology.pl\/de\/wp-json\/wp\/v2\/media?parent=17168"}],"wp:term":[{"taxonomy":"product_brand","embeddable":true,"href":"https:\/\/gltestm.webology.pl\/de\/wp-json\/wp\/v2\/product_brand?post=17168"},{"taxonomy":"product_cat","embeddable":true,"href":"https:\/\/gltestm.webology.pl\/de\/wp-json\/wp\/v2\/product_cat?post=17168"},{"taxonomy":"product_tag","embeddable":true,"href":"https:\/\/gltestm.webology.pl\/de\/wp-json\/wp\/v2\/product_tag?post=17168"}],"curies":[{"name":"wp","href":"https:\/\/api.w.org\/{rel}","templated":true}]}}