{"id":17160,"date":"2026-03-18T22:04:20","date_gmt":"2026-03-18T21:04:20","guid":{"rendered":"https:\/\/gltestm.webology.pl\/produkt\/hd-212-satin-hair-premium-haartrockner\/"},"modified":"2026-03-22T21:55:27","modified_gmt":"2026-03-22T20:55:27","slug":"hd-212-satin-hair-premium-haartrockner","status":"publish","type":"product","link":"https:\/\/gltestm.webology.pl\/de\/produkt\/hd-212-satin-hair-premium-haartrockner\/","title":{"rendered":"HD-212 Satin Hair Premium Haartrockner"},"content":{"rendered":"<h2>Lucznik Haartrockner HD &#8211; 212<\/h2>\n<p><strong>Ein kleiner<\/strong> Haartrockner ist bei jeder Art von <strong>Reise<\/strong> sehr n\u00fctzlich &#8211; bei Sightseeing-Touren mit Freunden, Gesch\u00e4ftsreisen und Fernreisen. Es lohnt sich auch, ihn in der Sporttasche zu haben, wenn Sie ins Schwimmbad, ins Fitnessstudio oder zu einem anderen Sporttraining gehen.<\/p>\n<h2>Wichtigste Merkmale<\/h2>\n<ul>\n<li>Maximale Leistung: 1200 W<\/li>\n<li>2 Gebl\u00e4segeschwindigkeiten<\/li>\n<li>Zusammenklappbarer Griff<\/li>\n<li>Kompakte Gr\u00f6\u00dfe und geringes Gewicht<\/li>\n<li>Inklusive Konzentrator<\/li>\n<li>Funktioneller Griff zum Aufh\u00e4ngen des Trockners<\/li>\n<\/ul>\n<h2>Kompakte Gr\u00f6\u00dfe und geringes Gewicht<\/h2>\n<p>Der Lucznik HD &#8211; <strong>212compact<\/strong> Haartrockner ist ideal, um ihn in einen Koffer, eine Reisetasche oder einen Rucksack zu packen. Dank seines <strong>geringen Gewichts<\/strong> und seiner <strong>geringen Gr\u00f6\u00dfe<\/strong> nimmt er nicht viel Platz f\u00fcr anderes Gep\u00e4ck ein.<\/p>\n<h2>Klappbarer Griff<\/h2>\n<p>Der Trockner Lucznik HD &#8211; 212 verf\u00fcgt \u00fcber einen <strong>klappbaren<\/strong> <strong>Griff<\/strong>, mit dem Sie ihn bequem in die Tasche eines Rucksacks oder einer Sporttasche stecken k\u00f6nnen.<\/p>\n<h2>2 Gebl\u00e4sestufen und 1200 Watt Leistung<\/h2>\n<p>Bei diesem Modell k\u00f6nnen Sie zwischen <strong>2 Ge<\/strong>bl\u00e4segeschwindigkeiten w\u00e4hlen und so die Trockenleistung an Ihre aktuellen Bed\u00fcrfnisse anpassen. Die maximale Leistung des Trockners betr\u00e4gt bis zu <strong>1200 Watt<\/strong>. Egal, ob Sie Ihr Haar nach dem Waschen modellieren oder ein Kleid trocknen m\u00fcssen, das nach einem Zusammensto\u00df mit Eiscreme gewaschen wurde, der Lucznik HD &#8211; 212 Trockner wird die Aufgabe immer erf\u00fcllen.<\/p>\n<h2>Der Luftkonzentrator macht das Modellieren einfacher<\/h2>\n<p>Der Trockner Lucznik HD &#8211; 212 ist au\u00dferdem mit einem <strong>Luftkonzentrator<\/strong> ausgestattet, der das <strong>Modellieren<\/strong> Ihrer Frisur erleichtert und den hei\u00dfen Luftstrom auf einen bestimmten Punkt lenkt.<\/p>\n<h2>Elegantes und funktionelles Design<\/h2>\n<p>Das sehr elegante und komfortable Design des Trocknergeh\u00e4uses macht die Benutzung zu einem wahren Vergn\u00fcgen. Nach getaner Arbeit k\u00f6nnen Sie den HD &#8211; 212 Haartrockner mit Hilfe der im Griff befindlichen <strong>Aufh\u00e4ngevorrichtung<\/strong> ganz einfach an einen Kleiderb\u00fcgel oder Haken h\u00e4ngen.<\/p>\n<h2>24-monatige Garantie<\/h2>\n<p>Der Trockner wird mit einer <strong>24-monatigen Garantie<\/strong> und einer Bedienungsanleitung in polnischer Sprache geliefert, die Sie vor der Benutzung lesen sollten.<\/p>\n","protected":false},"excerpt":{"rendered":"<p>Kompakter Reisehaartrockner mit Luftkonzentrator<\/p>\n","protected":false},"featured_media":12929,"comment_status":"open","ping_status":"closed","template":"","meta":[],"product_brand":[],"product_cat":[680],"product_tag":[],"class_list":{"0":"post-17160","1":"product","2":"type-product","3":"status-publish","4":"has-post-thumbnail","6":"product_cat-suszarki-do-wlosow","8":"first","9":"instock","10":"taxable","11":"shipping-taxable","12":"purchasable","13":"product-type-simple"},"_links":{"self":[{"href":"https:\/\/gltestm.webology.pl\/de\/wp-json\/wp\/v2\/product\/17160","targetHints":{"allow":["GET"]}}],"collection":[{"href":"https:\/\/gltestm.webology.pl\/de\/wp-json\/wp\/v2\/product"}],"about":[{"href":"https:\/\/gltestm.webology.pl\/de\/wp-json\/wp\/v2\/types\/product"}],"replies":[{"embeddable":true,"href":"https:\/\/gltestm.webology.pl\/de\/wp-json\/wp\/v2\/comments?post=17160"}],"version-history":[{"count":0,"href":"https:\/\/gltestm.webology.pl\/de\/wp-json\/wp\/v2\/product\/17160\/revisions"}],"wp:featuredmedia":[{"embeddable":true,"href":"https:\/\/gltestm.webology.pl\/de\/wp-json\/wp\/v2\/media\/12929"}],"wp:attachment":[{"href":"https:\/\/gltestm.webology.pl\/de\/wp-json\/wp\/v2\/media?parent=17160"}],"wp:term":[{"taxonomy":"product_brand","embeddable":true,"href":"https:\/\/gltestm.webology.pl\/de\/wp-json\/wp\/v2\/product_brand?post=17160"},{"taxonomy":"product_cat","embeddable":true,"href":"https:\/\/gltestm.webology.pl\/de\/wp-json\/wp\/v2\/product_cat?post=17160"},{"taxonomy":"product_tag","embeddable":true,"href":"https:\/\/gltestm.webology.pl\/de\/wp-json\/wp\/v2\/product_tag?post=17160"}],"curies":[{"name":"wp","href":"https:\/\/api.w.org\/{rel}","templated":true}]}}