{"id":17152,"date":"2026-03-18T22:04:20","date_gmt":"2026-03-18T21:04:20","guid":{"rendered":"https:\/\/gltestm.webology.pl\/produkt\/elektrische-bohnenkaffeemuehle-cg-2019\/"},"modified":"2026-03-22T21:54:38","modified_gmt":"2026-03-22T20:54:38","slug":"elektrische-bohnenkaffeemuehle-cg-2019","status":"publish","type":"product","link":"https:\/\/gltestm.webology.pl\/de\/produkt\/elektrische-bohnenkaffeemuehle-cg-2019\/","title":{"rendered":"Elektrische Bohnenkaffeem\u00fchle CG-2019"},"content":{"rendered":"<h2><strong>Elektrische Kaffeem\u00fchle Lucznik CG-2019 &#8211; werden Sie zum Barista in Ihrem Zuhause!<strong><br \/><\/strong><\/strong><\/h2>\n<p>Mit der <strong>Lucznik CG-2019<\/strong> Kaffeem\u00fchle bereiten Sie den perfekten Kaffee zu &#8211; genau so, wie Sie ihn m\u00f6gen. Die Mahlst\u00e4rke eignet sich f\u00fcr alle Arten der Kaffeezubereitung: sowohl f\u00fcr die traditionelle als auch f\u00fcr die Zubereitung in Druck-, Pour-over- und alternativen Kaffeemaschinen. French Press? Chemex? Drip? Aeropress? Kein Problem! Die achtzehnstufige Mahlgradabstufung erm\u00f6glicht es Ihnen, die richtige Gr\u00f6\u00dfe der Kaffeepartikel f\u00fcr Ihre bevorzugte Br\u00fchmethode zu w\u00e4hlen, und gibt Ihnen die M\u00f6glichkeit, wild mit verschiedenen Kaffeesorten aus aller Welt zu experimentieren. Egal, ob Sie einen doppelten Espresso, einen klassischen schwarzen Pour-over-Kaffee oder einen samtigen Milchkaffee bevorzugen, es ist ganz einfach, Ihren Kaffee richtig f\u00fcr die Zubereitung vorzubereiten.<\/p>\n<p>Der<strong>Lucznik CG-2019 Coffee Gr<\/strong> inder ist ein Ger\u00e4t f\u00fcr wirklich anspruchsvolle Kaffeeliebhaber. Sie erm\u00f6glicht das professionelle Mahlen von Kaffee f\u00fcr eine Vielzahl von Br\u00fchmethoden und bietet Ihnen die Wahl zwischen <strong>18 Mahlgraden<\/strong>. Die praktische Skala zeigt deutlich an, welche Br\u00fchmethode dem jeweiligen Mahlgrad entspricht.<\/p>\n<p>Die Metallmechanik der M\u00fchle sorgt f\u00fcr einen pr\u00e4zisen und effizienten Betrieb unter allen Bedingungen. Dank ihrer Pr\u00e4zision und Langlebigkeit wird sie zum Zeugen unz\u00e4hliger Kaffeetreffen mit Freunden und knackiger Morgende.<\/p>\n<p><span>Die<strong>Lucznik CG-2019 Kaffeem\u00fchle<\/strong> verf\u00fcgt \u00fcber <strong>ein intelligentes Dosiersystem<\/strong>, mit dem Sie genau dosierten Kaffee f\u00fcr mehrere Personen &#8211; <strong>bis zu 14 Tassen<\/strong>&#8211; zubereiten k\u00f6nnen. Familienfeiern oder unerwartete Besuche von Freunden werden Sie nicht erschrecken. Zumal das Fassungsverm\u00f6gen des Beh\u00e4lters f\u00fcr gemahlenen Kaffee bis zu<strong> 240 g <\/strong>Kaffee fassen kann<strong>. <\/strong>Der Bohnenbeh\u00e4lter selbst fasst<strong> 95 g davon<\/strong>. Die Lucznik <strong>CG-2019<\/strong> Kaffeem\u00fchle ist au\u00dferdem energieeffizient und schaltet sich <strong>nach dem Mahlen automatisch ab<\/strong>, um uns unn\u00f6tige M\u00fche zu ersparen. <\/span><\/p>\n<p><span>Die Lucznik CG-2019Coffee<strong>Gr<\/strong> inder sieht auf jeder K\u00fcchenarbeitsplatte <strong>stilvoll und professionell<\/strong> aus. Die <strong>rutschfesten F\u00fc\u00dfe<\/strong> an der Unterseite sch\u00fctzen das Ger\u00e4t vor versehentlichen Bewegungen. Apropos Sicherheit: Diese Kaffeem\u00fchle ist <strong>TUI-zertifiziert<\/strong> &#8211; dank dieser Bezeichnung k\u00f6nnen wir sicher sein, dass das Ger\u00e4t umfassend auf elektrische, mechanische, toxische und sogar thermische und radiologische Auswirkungen getestet wurde. Au\u00dferdem wurde es auf Druckbest\u00e4ndigkeit, elektrische Isolationseigenschaften und andere Faktoren gepr\u00fcft, die sich direkt auf die Sicherheit des Benutzers w\u00e4hrend des Betriebs auswirken.<\/span><\/p>\n<p><span>DerLucznik<strong>CG-2019 Coffee Gr<\/strong> inder wird mit einer zweij\u00e4hrigen Garantie und einer Bedienungsanleitung in polnischer Sprache geliefert, die vor der Benutzung gelesen werden sollte.<\/span><\/p>\n","protected":false},"excerpt":{"rendered":"<p>Mit der Lucznik CG-2019 Kaffeem\u00fchle bereiten Sie den perfekten Kaffee zu &#8211; genau so, wie Sie ihn m\u00f6gen. Der Mahlgrad entspricht den verschiedenen Arten der Kaffeezubereitung: traditionell, mit Druck, Pour-over und alternativen Kaffeemaschinen<\/p>\n","protected":false},"featured_media":13553,"comment_status":"open","ping_status":"closed","template":"","meta":[],"product_brand":[],"product_cat":[590],"product_tag":[],"class_list":{"0":"post-17152","1":"product","2":"type-product","3":"status-publish","4":"has-post-thumbnail","6":"product_cat-mlynki","8":"first","9":"instock","10":"taxable","11":"shipping-taxable","12":"purchasable","13":"product-type-simple"},"_links":{"self":[{"href":"https:\/\/gltestm.webology.pl\/de\/wp-json\/wp\/v2\/product\/17152","targetHints":{"allow":["GET"]}}],"collection":[{"href":"https:\/\/gltestm.webology.pl\/de\/wp-json\/wp\/v2\/product"}],"about":[{"href":"https:\/\/gltestm.webology.pl\/de\/wp-json\/wp\/v2\/types\/product"}],"replies":[{"embeddable":true,"href":"https:\/\/gltestm.webology.pl\/de\/wp-json\/wp\/v2\/comments?post=17152"}],"version-history":[{"count":0,"href":"https:\/\/gltestm.webology.pl\/de\/wp-json\/wp\/v2\/product\/17152\/revisions"}],"wp:featuredmedia":[{"embeddable":true,"href":"https:\/\/gltestm.webology.pl\/de\/wp-json\/wp\/v2\/media\/13553"}],"wp:attachment":[{"href":"https:\/\/gltestm.webology.pl\/de\/wp-json\/wp\/v2\/media?parent=17152"}],"wp:term":[{"taxonomy":"product_brand","embeddable":true,"href":"https:\/\/gltestm.webology.pl\/de\/wp-json\/wp\/v2\/product_brand?post=17152"},{"taxonomy":"product_cat","embeddable":true,"href":"https:\/\/gltestm.webology.pl\/de\/wp-json\/wp\/v2\/product_cat?post=17152"},{"taxonomy":"product_tag","embeddable":true,"href":"https:\/\/gltestm.webology.pl\/de\/wp-json\/wp\/v2\/product_tag?post=17152"}],"curies":[{"name":"wp","href":"https:\/\/api.w.org\/{rel}","templated":true}]}}