{"id":17144,"date":"2026-03-18T22:04:19","date_gmt":"2026-03-18T21:04:19","guid":{"rendered":"https:\/\/gltestm.webology.pl\/produkt\/fingerschutz-fuer-mini-und-lena-maschinen\/"},"modified":"2026-03-22T21:54:26","modified_gmt":"2026-03-22T20:54:26","slug":"fingerschutz-fuer-mini-und-lena-maschinen","status":"publish","type":"product","link":"https:\/\/gltestm.webology.pl\/de\/produkt\/fingerschutz-fuer-mini-und-lena-maschinen\/","title":{"rendered":"Fingerschutz f\u00fcr Mini und Lena Maschinen"},"content":{"rendered":"<p><strong>Ersatzteil f\u00fcr Lucznik Mini und Lena N\u00e4hmaschinen &#8211; Fingerschutz<\/strong><\/p>\n<p>Der Fingerschutz der Modelle Mini und Lena ist am Griff der Maschine befestigt.<\/p>\n","protected":false},"excerpt":{"rendered":"<p>Ersatzteil f\u00fcr Lucznik Mini und Lena N\u00e4hmaschinen<\/p>\n","protected":false},"featured_media":14675,"comment_status":"open","ping_status":"closed","template":"","meta":[],"product_brand":[],"product_cat":[550],"product_tag":[],"class_list":{"0":"post-17144","1":"product","2":"type-product","3":"status-publish","4":"has-post-thumbnail","6":"product_cat-oslonki-na-palce","8":"first","9":"instock","10":"taxable","11":"shipping-taxable","12":"purchasable","13":"product-type-simple"},"_links":{"self":[{"href":"https:\/\/gltestm.webology.pl\/de\/wp-json\/wp\/v2\/product\/17144","targetHints":{"allow":["GET"]}}],"collection":[{"href":"https:\/\/gltestm.webology.pl\/de\/wp-json\/wp\/v2\/product"}],"about":[{"href":"https:\/\/gltestm.webology.pl\/de\/wp-json\/wp\/v2\/types\/product"}],"replies":[{"embeddable":true,"href":"https:\/\/gltestm.webology.pl\/de\/wp-json\/wp\/v2\/comments?post=17144"}],"version-history":[{"count":0,"href":"https:\/\/gltestm.webology.pl\/de\/wp-json\/wp\/v2\/product\/17144\/revisions"}],"wp:featuredmedia":[{"embeddable":true,"href":"https:\/\/gltestm.webology.pl\/de\/wp-json\/wp\/v2\/media\/14675"}],"wp:attachment":[{"href":"https:\/\/gltestm.webology.pl\/de\/wp-json\/wp\/v2\/media?parent=17144"}],"wp:term":[{"taxonomy":"product_brand","embeddable":true,"href":"https:\/\/gltestm.webology.pl\/de\/wp-json\/wp\/v2\/product_brand?post=17144"},{"taxonomy":"product_cat","embeddable":true,"href":"https:\/\/gltestm.webology.pl\/de\/wp-json\/wp\/v2\/product_cat?post=17144"},{"taxonomy":"product_tag","embeddable":true,"href":"https:\/\/gltestm.webology.pl\/de\/wp-json\/wp\/v2\/product_tag?post=17144"}],"curies":[{"name":"wp","href":"https:\/\/api.w.org\/{rel}","templated":true}]}}