{"id":17136,"date":"2026-03-18T22:04:19","date_gmt":"2026-03-18T21:04:19","guid":{"rendered":"https:\/\/gltestm.webology.pl\/produkt\/gewindedorn-fuer-mini-maschine\/"},"modified":"2026-03-22T21:54:25","modified_gmt":"2026-03-22T20:54:25","slug":"gewindedorn-fuer-mini-maschine","status":"publish","type":"product","link":"https:\/\/gltestm.webology.pl\/de\/produkt\/gewindedorn-fuer-mini-maschine\/","title":{"rendered":"Gewindedorn f\u00fcr Mini-Maschine"},"content":{"rendered":"<p><strong>Fadendorn f\u00fcr die Lucznik Mini Kindern\u00e4hmaschine<\/strong><\/p>\n<p><strong>Kleine, herausnehmbare Gegenst\u00e4nde<\/strong> verschwinden oft auf unerkl\u00e4rliche Weise &#8211; vor allem in Kinderzimmern. Wahrscheinlich verschwinden sie dort, wo all die fehlenden Puzzles, Baukl\u00f6tze und Barbiepuppenschuhe hingeh\u00f6ren&#8230;. Deshalb ist es besser, ein paar solcher Teile in Reserve zu haben. <\/p>\n<p><strong>Mit dem Fadendorn<\/strong> k\u00f6nnen Sie die Spule senkrecht in der Maschine befestigen, so dass sie sich nicht verheddert, an ihrem Platz bleibt, richtig durch die F\u00fchrungen l\u00e4uft und die richtige Spannung hat. <\/p>\n<p>Dieser Artikel passt zu der <a href=\"https:\/\/galerialucznik.pl\/pl\/menu\/dla-dzieci\/maszyny-dla-dzieci-687.html\" target=\"_blank\" rel=\"noopener\"><strong>Kindern\u00e4hmaschine<\/strong> <\/a> Lucznik<strong>Mini<\/strong> <a href=\"https:\/\/galerialucznik.pl\/pl\/menu\/dla-dzieci\/maszyny-dla-dzieci-687.html\" target=\"_blank\" rel=\"noopener\">. <\/a><\/p>\n","protected":false},"excerpt":{"rendered":"<p>Abnehmbarer Gewindesockel, montiert im Geh\u00e4use des Lucznik Mini Modells<\/p>\n","protected":false},"featured_media":14241,"comment_status":"open","ping_status":"closed","template":"","meta":[],"product_brand":[],"product_cat":[510],"product_tag":[],"class_list":{"0":"post-17136","1":"product","2":"type-product","3":"status-publish","4":"has-post-thumbnail","6":"product_cat-trzpienie-do-maszyn","8":"first","9":"instock","10":"taxable","11":"shipping-taxable","12":"purchasable","13":"product-type-simple"},"_links":{"self":[{"href":"https:\/\/gltestm.webology.pl\/de\/wp-json\/wp\/v2\/product\/17136","targetHints":{"allow":["GET"]}}],"collection":[{"href":"https:\/\/gltestm.webology.pl\/de\/wp-json\/wp\/v2\/product"}],"about":[{"href":"https:\/\/gltestm.webology.pl\/de\/wp-json\/wp\/v2\/types\/product"}],"replies":[{"embeddable":true,"href":"https:\/\/gltestm.webology.pl\/de\/wp-json\/wp\/v2\/comments?post=17136"}],"version-history":[{"count":0,"href":"https:\/\/gltestm.webology.pl\/de\/wp-json\/wp\/v2\/product\/17136\/revisions"}],"wp:featuredmedia":[{"embeddable":true,"href":"https:\/\/gltestm.webology.pl\/de\/wp-json\/wp\/v2\/media\/14241"}],"wp:attachment":[{"href":"https:\/\/gltestm.webology.pl\/de\/wp-json\/wp\/v2\/media?parent=17136"}],"wp:term":[{"taxonomy":"product_brand","embeddable":true,"href":"https:\/\/gltestm.webology.pl\/de\/wp-json\/wp\/v2\/product_brand?post=17136"},{"taxonomy":"product_cat","embeddable":true,"href":"https:\/\/gltestm.webology.pl\/de\/wp-json\/wp\/v2\/product_cat?post=17136"},{"taxonomy":"product_tag","embeddable":true,"href":"https:\/\/gltestm.webology.pl\/de\/wp-json\/wp\/v2\/product_tag?post=17136"}],"curies":[{"name":"wp","href":"https:\/\/api.w.org\/{rel}","templated":true}]}}