{"id":17124,"date":"2026-03-18T22:04:18","date_gmt":"2026-03-18T21:04:18","guid":{"rendered":"https:\/\/gltestm.webology.pl\/produkt\/pedalkabel-fuer-u-118-naehmaschine\/"},"modified":"2026-03-22T21:54:16","modified_gmt":"2026-03-22T20:54:16","slug":"pedalkabel-fuer-u-118-naehmaschine","status":"publish","type":"product","link":"https:\/\/gltestm.webology.pl\/de\/produkt\/pedalkabel-fuer-u-118-naehmaschine\/","title":{"rendered":"Pedalkabel f\u00fcr U-118 N\u00e4hmaschine"},"content":{"rendered":"<p>Das Anschlusskabel Typ 11-1 ist f\u00fcr den Anschluss des TUR2-Motors der N\u00e4hmaschine mit Rotationsregler U118 und 230V-Steckdose bestimmt<\/p>\n<p>Funktioniert mit Motoren der Typen: KN4, ASM. <\/p>\n<p>Passt zu \u0141ucznik Maschinen: cl. 400, 700, 800<\/p>\n","protected":false},"excerpt":{"rendered":"<p>Kabel, das zum Fu\u00dfanlasser Modell U-118 passt.<\/p>\n","protected":false},"featured_media":15398,"comment_status":"open","ping_status":"closed","template":"","meta":[],"product_brand":[],"product_cat":[480],"product_tag":[],"class_list":{"0":"post-17124","1":"product","2":"type-product","3":"status-publish","4":"has-post-thumbnail","6":"product_cat-pedaly-do-maszyn-i-regulatory-obrotow","8":"first","9":"instock","10":"taxable","11":"shipping-taxable","12":"purchasable","13":"product-type-simple"},"_links":{"self":[{"href":"https:\/\/gltestm.webology.pl\/de\/wp-json\/wp\/v2\/product\/17124","targetHints":{"allow":["GET"]}}],"collection":[{"href":"https:\/\/gltestm.webology.pl\/de\/wp-json\/wp\/v2\/product"}],"about":[{"href":"https:\/\/gltestm.webology.pl\/de\/wp-json\/wp\/v2\/types\/product"}],"replies":[{"embeddable":true,"href":"https:\/\/gltestm.webology.pl\/de\/wp-json\/wp\/v2\/comments?post=17124"}],"version-history":[{"count":0,"href":"https:\/\/gltestm.webology.pl\/de\/wp-json\/wp\/v2\/product\/17124\/revisions"}],"wp:featuredmedia":[{"embeddable":true,"href":"https:\/\/gltestm.webology.pl\/de\/wp-json\/wp\/v2\/media\/15398"}],"wp:attachment":[{"href":"https:\/\/gltestm.webology.pl\/de\/wp-json\/wp\/v2\/media?parent=17124"}],"wp:term":[{"taxonomy":"product_brand","embeddable":true,"href":"https:\/\/gltestm.webology.pl\/de\/wp-json\/wp\/v2\/product_brand?post=17124"},{"taxonomy":"product_cat","embeddable":true,"href":"https:\/\/gltestm.webology.pl\/de\/wp-json\/wp\/v2\/product_cat?post=17124"},{"taxonomy":"product_tag","embeddable":true,"href":"https:\/\/gltestm.webology.pl\/de\/wp-json\/wp\/v2\/product_tag?post=17124"}],"curies":[{"name":"wp","href":"https:\/\/api.w.org\/{rel}","templated":true}]}}