{"id":17112,"date":"2026-03-18T22:04:17","date_gmt":"2026-03-18T21:04:17","guid":{"rendered":"https:\/\/gltestm.webology.pl\/produkt\/obermesser-fuer-lucznik-overlockmaschine-820d5-und-720d4\/"},"modified":"2026-03-22T21:53:57","modified_gmt":"2026-03-22T20:53:57","slug":"obermesser-fuer-lucznik-overlockmaschine-820d5-und-720d4","status":"publish","type":"product","link":"https:\/\/gltestm.webology.pl\/de\/produkt\/obermesser-fuer-lucznik-overlockmaschine-820d5-und-720d4\/","title":{"rendered":"Obermesser f\u00fcr Lucznik Overlockmaschine 820D5 und 720D4"},"content":{"rendered":"<p>Spitzenmesser zur Verwendung mit den Overlockmaschinen 820D5 und 720D4. Dieses<strong> hochwertige Messer<\/strong> ist ein unverzichtbarer Artikel, der eine<strong> hervorragende<\/strong><strong> Kantenqualit\u00e4t<\/strong> und <strong>Langlebigkeit<\/strong> w\u00e4hrend des Gebrauchs garantiert.<br \/><strong><br \/><\/strong><\/p>\n<h2>Hauptmerkmale<\/h2>\n<ol>\n<li>\n<p><strong>Hochwertiger Stahl:<\/strong> Das Messer wird aus den hochwertigsten Materialien hergestellt, was es extrem stark und haltbar macht. Dadurch zeichnet es sich durch eine lange Lebensdauer aus, was sich in der Effizienz und Effektivit\u00e4t der Overlockmaschine niederschl\u00e4gt.<\/p>\n<\/li>\n<li>\n<p><strong>Hervorragende Verarbeitung:<\/strong> Das Messer wurde sorgf\u00e4ltig verarbeitet, um eine glatte Oberfl\u00e4che ohne Grate zu gew\u00e4hrleisten. Dies ist wichtig, um eine Besch\u00e4digung der Materialien w\u00e4hrend des N\u00e4hvorgangs zu vermeiden und eine hohe Qualit\u00e4t der Verarbeitung zu gew\u00e4hrleisten.<\/p>\n<\/li>\n<li>\n<p><strong>Einfache Installation und Bedienung:<\/strong> Dieses Messer ist ein idealer Ersatz f\u00fcr ein altes oder abgenutztes St\u00fcck. Dank der einfachen und intuitiven Installation k\u00f6nnen auch unerfahrene Benutzer das Messer problemlos austauschen. So bleibt die Overlock immer voll funktionsf\u00e4hig.<\/p>\n<\/li>\n<li>\n<p><strong>Korrosionsbest\u00e4ndigkeit, hohe Festigkeit und Langlebigkeit:<\/strong> Das Overlock-Obermesser zeichnet sich durch eine hervorragende Korrosionsbest\u00e4ndigkeit aus, die seine langfristige Nutzung gew\u00e4hrleistet. Die au\u00dfergew\u00f6hnliche Haltbarkeit dieses Messers macht es zu einem zuverl\u00e4ssigen Werkzeug, das auch starker Beanspruchung standh\u00e4lt.<\/p>\n<\/li>\n<\/ol>\n<p>Das Overlock-Obermesser ist ein unverzichtbares Werkzeug f\u00fcr Besitzer von <strong>Lucznik<\/strong> <strong>820D5<\/strong> und <strong>720D4<\/strong> Overlock-Maschinen. Dank seiner hochwertigen Verarbeitung und Langlebigkeit garantiert dieses Messer nicht nur exzellente N\u00e4hergebnisse, sondern auch lang anhaltende Zufriedenheit bei der Benutzung. Das Messer passt auch f\u00fcr 620D, FN 2-9, FN 2-8 und Arka Overlocks.<\/p>\n","protected":false},"excerpt":{"rendered":"<p>Obermesser f\u00fcr die Lucznik-Overlockmaschinen 820D5 und 720D4. Au\u00dfergew\u00f6hnlicher Stahl garantiert Haltbarkeit und lange Lebensdauer. Gratfrei, einfach zu installieren. Korrosionsbest\u00e4ndig, bietet hervorragende Haltbarkeit.<\/p>\n","protected":false},"featured_media":15029,"comment_status":"open","ping_status":"closed","template":"","meta":[],"product_brand":[],"product_cat":[500],"product_tag":[],"class_list":{"0":"post-17112","1":"product","2":"type-product","3":"status-publish","4":"has-post-thumbnail","6":"product_cat-noze-do-overlockow","8":"first","9":"instock","10":"taxable","11":"shipping-taxable","12":"purchasable","13":"product-type-simple"},"_links":{"self":[{"href":"https:\/\/gltestm.webology.pl\/de\/wp-json\/wp\/v2\/product\/17112","targetHints":{"allow":["GET"]}}],"collection":[{"href":"https:\/\/gltestm.webology.pl\/de\/wp-json\/wp\/v2\/product"}],"about":[{"href":"https:\/\/gltestm.webology.pl\/de\/wp-json\/wp\/v2\/types\/product"}],"replies":[{"embeddable":true,"href":"https:\/\/gltestm.webology.pl\/de\/wp-json\/wp\/v2\/comments?post=17112"}],"version-history":[{"count":0,"href":"https:\/\/gltestm.webology.pl\/de\/wp-json\/wp\/v2\/product\/17112\/revisions"}],"wp:featuredmedia":[{"embeddable":true,"href":"https:\/\/gltestm.webology.pl\/de\/wp-json\/wp\/v2\/media\/15029"}],"wp:attachment":[{"href":"https:\/\/gltestm.webology.pl\/de\/wp-json\/wp\/v2\/media?parent=17112"}],"wp:term":[{"taxonomy":"product_brand","embeddable":true,"href":"https:\/\/gltestm.webology.pl\/de\/wp-json\/wp\/v2\/product_brand?post=17112"},{"taxonomy":"product_cat","embeddable":true,"href":"https:\/\/gltestm.webology.pl\/de\/wp-json\/wp\/v2\/product_cat?post=17112"},{"taxonomy":"product_tag","embeddable":true,"href":"https:\/\/gltestm.webology.pl\/de\/wp-json\/wp\/v2\/product_tag?post=17112"}],"curies":[{"name":"wp","href":"https:\/\/api.w.org\/{rel}","templated":true}]}}