{"id":17096,"date":"2026-03-18T22:04:16","date_gmt":"2026-03-18T21:04:16","guid":{"rendered":"https:\/\/gltestm.webology.pl\/produkt\/kantenfuehrung\/"},"modified":"2026-03-22T21:53:54","modified_gmt":"2026-03-22T20:53:54","slug":"kantenfuehrung","status":"publish","type":"product","link":"https:\/\/gltestm.webology.pl\/de\/produkt\/kantenfuehrung\/","title":{"rendered":"Kantenf\u00fchrung"},"content":{"rendered":"<p><strong>Kantenf\u00fchrung (Quilting Guide)<\/strong><\/p>\n<p><span>Erleichtert das N\u00e4hen parallel und in einem bestimmten Abstand zur Kante. Sie eignet sich auch hervorragend f\u00fcr Stepparbeiten wie Jacken, Westen, Tagesdecken oder Decken. Die F\u00fchrung muss nicht demontiert werden, wenn andere Arbeiten, wie z. B. normales N\u00e4hen, durchgef\u00fchrt werden, sie kann gekippt werden. L\u00e4nge der F\u00fchrung 6 cm. <\/span><\/p>\n<p><span><strong>Einfach zu installieren<\/strong> &#8211; um die F\u00fchrung zu benutzen, stecken Sie ihr l\u00e4ngeres Ende in das entsprechende Loch im Fu\u00dfhalter, von der rechten hinteren Seite des Matic-Halters nach links.<\/span><\/p>\n<p><span><strong>Die Kantenf\u00fchrung (Quilting Guide) <\/strong>ist f\u00fcr MATIC-Halter geeignet. Passend f\u00fcr alle Lucznik-N\u00e4hmaschinenmodelle der aktuellen Serie. <\/span><\/p>\n","protected":false},"excerpt":{"rendered":"<p>F\u00fchrung f\u00fcr einfaches Quilten, passend f\u00fcr alle Matic-Griffe<\/p>\n","protected":false},"featured_media":13805,"comment_status":"open","ping_status":"closed","template":"","meta":[],"product_brand":[],"product_cat":[530],"product_tag":[],"class_list":{"0":"post-17096","1":"product","2":"type-product","3":"status-publish","4":"has-post-thumbnail","6":"product_cat-prowadniki","8":"first","9":"instock","10":"taxable","11":"shipping-taxable","12":"purchasable","13":"product-type-simple"},"_links":{"self":[{"href":"https:\/\/gltestm.webology.pl\/de\/wp-json\/wp\/v2\/product\/17096","targetHints":{"allow":["GET"]}}],"collection":[{"href":"https:\/\/gltestm.webology.pl\/de\/wp-json\/wp\/v2\/product"}],"about":[{"href":"https:\/\/gltestm.webology.pl\/de\/wp-json\/wp\/v2\/types\/product"}],"replies":[{"embeddable":true,"href":"https:\/\/gltestm.webology.pl\/de\/wp-json\/wp\/v2\/comments?post=17096"}],"version-history":[{"count":0,"href":"https:\/\/gltestm.webology.pl\/de\/wp-json\/wp\/v2\/product\/17096\/revisions"}],"wp:featuredmedia":[{"embeddable":true,"href":"https:\/\/gltestm.webology.pl\/de\/wp-json\/wp\/v2\/media\/13805"}],"wp:attachment":[{"href":"https:\/\/gltestm.webology.pl\/de\/wp-json\/wp\/v2\/media?parent=17096"}],"wp:term":[{"taxonomy":"product_brand","embeddable":true,"href":"https:\/\/gltestm.webology.pl\/de\/wp-json\/wp\/v2\/product_brand?post=17096"},{"taxonomy":"product_cat","embeddable":true,"href":"https:\/\/gltestm.webology.pl\/de\/wp-json\/wp\/v2\/product_cat?post=17096"},{"taxonomy":"product_tag","embeddable":true,"href":"https:\/\/gltestm.webology.pl\/de\/wp-json\/wp\/v2\/product_tag?post=17096"}],"curies":[{"name":"wp","href":"https:\/\/api.w.org\/{rel}","templated":true}]}}