{"id":17092,"date":"2026-03-18T22:04:16","date_gmt":"2026-03-18T21:04:16","guid":{"rendered":"https:\/\/gltestm.webology.pl\/produkt\/tisch-fuer-die-naehmaschine-lucznik-malwina-2070\/"},"modified":"2026-03-22T21:53:43","modified_gmt":"2026-03-22T20:53:43","slug":"tisch-fuer-die-naehmaschine-lucznik-malwina-2070","status":"publish","type":"product","link":"https:\/\/gltestm.webology.pl\/de\/produkt\/tisch-fuer-die-naehmaschine-lucznik-malwina-2070\/","title":{"rendered":"Tisch f\u00fcr die N\u00e4hmaschine \u0141ucznik Malwina 2070"},"content":{"rendered":"<p><strong>Tisch zur Erweiterung des Arbeitsfeldes<\/strong> f\u00fcr die Maschine <strong>Malwina 2070<\/strong>. Ideal, um das Quilten oder N\u00e4hen von Materialien mit einer gro\u00dfen Oberfl\u00e4che zu erleichtern, wie z.B. Gardinen, Tischdecken, Vorh\u00e4nge oder Bettzeug. Der<strong>Tisch, der das Arbeitsfeld vergr\u00f6\u00dfert<\/strong>, ist auch eine geeignete Stabilisierung beim N\u00e4hen von Stoffen<strong>. Der Tisch <\/strong>ist aus Kunststoff hergestellt, was ideal f\u00fcr die Manipulation und das Bewegen verschiedener Arten von Materialien auf ihm ist. In unserem Angebot finden Sie auch <strong>Tische f\u00fcr N\u00e4hmaschinen <\/strong>f\u00fcr die Maschinen <strong>Martyna 2080<\/strong>, <strong>Patrycja 2090, Karolina 2040 <\/strong>und <strong>Balladyna 2020<\/strong><\/p>\n","protected":false},"excerpt":{"rendered":"<p>Ein Tisch, der die Arbeitsfl\u00e4che des Modells Malwina 2070 erweitert &#8211; ideal, um das Quilten oder N\u00e4hen von gro\u00dffl\u00e4chigen Stoffen wie Gardinen, Tischt\u00fcchern, Vorh\u00e4ngen oder Bettw\u00e4sche zu erleichtern. Wenn er f\u00fcr diesen Zweck verwendet wird, verbessert er d<\/p>\n","protected":false},"featured_media":15332,"comment_status":"open","ping_status":"closed","template":"","meta":[],"product_brand":[],"product_cat":[545],"product_tag":[],"class_list":{"0":"post-17092","1":"product","2":"type-product","3":"status-publish","4":"has-post-thumbnail","6":"product_cat-stoliki-do-maszyn","8":"first","9":"instock","10":"taxable","11":"shipping-taxable","12":"purchasable","13":"product-type-simple"},"_links":{"self":[{"href":"https:\/\/gltestm.webology.pl\/de\/wp-json\/wp\/v2\/product\/17092","targetHints":{"allow":["GET"]}}],"collection":[{"href":"https:\/\/gltestm.webology.pl\/de\/wp-json\/wp\/v2\/product"}],"about":[{"href":"https:\/\/gltestm.webology.pl\/de\/wp-json\/wp\/v2\/types\/product"}],"replies":[{"embeddable":true,"href":"https:\/\/gltestm.webology.pl\/de\/wp-json\/wp\/v2\/comments?post=17092"}],"version-history":[{"count":0,"href":"https:\/\/gltestm.webology.pl\/de\/wp-json\/wp\/v2\/product\/17092\/revisions"}],"wp:featuredmedia":[{"embeddable":true,"href":"https:\/\/gltestm.webology.pl\/de\/wp-json\/wp\/v2\/media\/15332"}],"wp:attachment":[{"href":"https:\/\/gltestm.webology.pl\/de\/wp-json\/wp\/v2\/media?parent=17092"}],"wp:term":[{"taxonomy":"product_brand","embeddable":true,"href":"https:\/\/gltestm.webology.pl\/de\/wp-json\/wp\/v2\/product_brand?post=17092"},{"taxonomy":"product_cat","embeddable":true,"href":"https:\/\/gltestm.webology.pl\/de\/wp-json\/wp\/v2\/product_cat?post=17092"},{"taxonomy":"product_tag","embeddable":true,"href":"https:\/\/gltestm.webology.pl\/de\/wp-json\/wp\/v2\/product_tag?post=17092"}],"curies":[{"name":"wp","href":"https:\/\/api.w.org\/{rel}","templated":true}]}}