{"id":17080,"date":"2026-03-18T22:04:15","date_gmt":"2026-03-18T21:04:15","guid":{"rendered":"https:\/\/gltestm.webology.pl\/produkt\/schlitzdruck-niedrig\/"},"modified":"2026-03-22T21:53:17","modified_gmt":"2026-03-22T20:53:17","slug":"schlitzdruck-niedrig","status":"publish","type":"product","link":"https:\/\/gltestm.webology.pl\/de\/produkt\/schlitzdruck-niedrig\/","title":{"rendered":"Schlitzdruck Niedrig"},"content":{"rendered":"<h2>Sockeldruck <\/h2>\n<p>Der Sockeldruck ist ein Bauteil, das den Greifermechanismus einer N\u00e4hmaschine h\u00e4lt. Passend f\u00fcr Lucznik N\u00e4hmaschinen: Ewa II 2014, Milena 419, Milena II 419, Karina 910, Weronika 2008, Weronika II 2008, Kornelia 2004, Zofia I 2015, Diana 417, Olga 418 und andere.<\/p>\n<p>Es passt auch f\u00fcr Lucznik-Maschinen der Klassen 400 und 700.<\/p>\n<p>Das Set enth\u00e4lt den Presser selbst, aber keinen Satz Schrauben und Federn. <\/p>\n<p>Passt nicht f\u00fcr Laura 555, Sophia II 2015 und Natalia 2007 Maschine.<\/p>\n","protected":false},"excerpt":{"rendered":"<p>Niedriger Muffendruck &#8211; rechts und links<\/p>\n","protected":false},"featured_media":14931,"comment_status":"open","ping_status":"closed","template":"","meta":[],"product_brand":[],"product_cat":[485],"product_tag":[],"class_list":{"0":"post-17080","1":"product","2":"type-product","3":"status-publish","4":"has-post-thumbnail","6":"product_cat-kosze-gniazda-i-dociski","8":"first","9":"instock","10":"sale","11":"taxable","12":"shipping-taxable","13":"purchasable","14":"product-type-simple"},"_links":{"self":[{"href":"https:\/\/gltestm.webology.pl\/de\/wp-json\/wp\/v2\/product\/17080","targetHints":{"allow":["GET"]}}],"collection":[{"href":"https:\/\/gltestm.webology.pl\/de\/wp-json\/wp\/v2\/product"}],"about":[{"href":"https:\/\/gltestm.webology.pl\/de\/wp-json\/wp\/v2\/types\/product"}],"replies":[{"embeddable":true,"href":"https:\/\/gltestm.webology.pl\/de\/wp-json\/wp\/v2\/comments?post=17080"}],"version-history":[{"count":0,"href":"https:\/\/gltestm.webology.pl\/de\/wp-json\/wp\/v2\/product\/17080\/revisions"}],"wp:featuredmedia":[{"embeddable":true,"href":"https:\/\/gltestm.webology.pl\/de\/wp-json\/wp\/v2\/media\/14931"}],"wp:attachment":[{"href":"https:\/\/gltestm.webology.pl\/de\/wp-json\/wp\/v2\/media?parent=17080"}],"wp:term":[{"taxonomy":"product_brand","embeddable":true,"href":"https:\/\/gltestm.webology.pl\/de\/wp-json\/wp\/v2\/product_brand?post=17080"},{"taxonomy":"product_cat","embeddable":true,"href":"https:\/\/gltestm.webology.pl\/de\/wp-json\/wp\/v2\/product_cat?post=17080"},{"taxonomy":"product_tag","embeddable":true,"href":"https:\/\/gltestm.webology.pl\/de\/wp-json\/wp\/v2\/product_tag?post=17080"}],"curies":[{"name":"wp","href":"https:\/\/api.w.org\/{rel}","templated":true}]}}