{"id":17024,"date":"2026-03-18T22:04:11","date_gmt":"2026-03-18T21:04:11","guid":{"rendered":"https:\/\/gltestm.webology.pl\/produkt\/pedalgeschwindigkeitsregler-fuer-lucznik-naehmaschine-modell-u-118-1\/"},"modified":"2026-03-22T21:52:30","modified_gmt":"2026-03-22T20:52:30","slug":"pedalgeschwindigkeitsregler-fuer-lucznik-naehmaschine-modell-u-118-1","status":"publish","type":"product","link":"https:\/\/gltestm.webology.pl\/de\/produkt\/pedalgeschwindigkeitsregler-fuer-lucznik-naehmaschine-modell-u-118-1\/","title":{"rendered":"Pedalgeschwindigkeitsregler f\u00fcr Lucznik-N\u00e4hmaschine, Modell U-118\/1"},"content":{"rendered":"<h2>Geschwindigkeitsregler f\u00fcr Lucznik-N\u00e4hmaschine, Modell U-118\/1<\/h2>\n<p><strong>N\u00e4hgeschwindigkeitsregler<\/strong> f\u00fcr <strong>Lucznik-Maschinen<\/strong>. Regelt die Geschwindigkeit von Motoren in <strong>N\u00e4hmaschinen<\/strong>. Beachten Sie, der U-118\/1 Geschwindigkeitsregler ist der &#8222;Fu\u00df&#8220; selbst &#8211; ohne Stromkabel.<\/p>\n<p>Das Netzkabel kann <a href=\"https:\/\/galerialucznik.pl\/pl\/products\/czesci-i-akcesoria\/czesci-zamienne-do-maszyn-do-szycia\/pedaly-do-maszyn-i-regulatory-obrotow\/kabel-do-pedala-do-maszyny-do-szycia-u-118-989.html\" target=\"_blank\" rel=\"noopener\"><strong>hier<\/strong><\/a> erworben werden.<\/p>\n<h2><strong>Maschinen, zu denen der U-118\/1-Regler passt<\/strong><\/h2>\n<p><strong>Archer-Maschinen<\/strong>, die mit diesem Regler kompatibel sind:<\/p>\n<ul>\n<li>Archer \/ Singer Klasse 400<\/li>\n<li>Bogensch\u00fctze \/ Singer Klasse 700<\/li>\n<li>Bogensch\u00fctze \/ Singer Klasse 800<\/li>\n<\/ul>\n","protected":false},"excerpt":{"rendered":"<p>N\u00e4hgeschwindigkeitsregler geeignet f\u00fcr Lucznik-Maschinen. Regelt die Geschwindigkeit von Motoren in N\u00e4hmaschinen.<\/p>\n","protected":false},"featured_media":13057,"comment_status":"open","ping_status":"closed","template":"","meta":[],"product_brand":[],"product_cat":[480],"product_tag":[],"class_list":{"0":"post-17024","1":"product","2":"type-product","3":"status-publish","4":"has-post-thumbnail","6":"product_cat-pedaly-do-maszyn-i-regulatory-obrotow","8":"first","9":"instock","10":"taxable","11":"shipping-taxable","12":"purchasable","13":"product-type-simple"},"_links":{"self":[{"href":"https:\/\/gltestm.webology.pl\/de\/wp-json\/wp\/v2\/product\/17024","targetHints":{"allow":["GET"]}}],"collection":[{"href":"https:\/\/gltestm.webology.pl\/de\/wp-json\/wp\/v2\/product"}],"about":[{"href":"https:\/\/gltestm.webology.pl\/de\/wp-json\/wp\/v2\/types\/product"}],"replies":[{"embeddable":true,"href":"https:\/\/gltestm.webology.pl\/de\/wp-json\/wp\/v2\/comments?post=17024"}],"version-history":[{"count":0,"href":"https:\/\/gltestm.webology.pl\/de\/wp-json\/wp\/v2\/product\/17024\/revisions"}],"wp:featuredmedia":[{"embeddable":true,"href":"https:\/\/gltestm.webology.pl\/de\/wp-json\/wp\/v2\/media\/13057"}],"wp:attachment":[{"href":"https:\/\/gltestm.webology.pl\/de\/wp-json\/wp\/v2\/media?parent=17024"}],"wp:term":[{"taxonomy":"product_brand","embeddable":true,"href":"https:\/\/gltestm.webology.pl\/de\/wp-json\/wp\/v2\/product_brand?post=17024"},{"taxonomy":"product_cat","embeddable":true,"href":"https:\/\/gltestm.webology.pl\/de\/wp-json\/wp\/v2\/product_cat?post=17024"},{"taxonomy":"product_tag","embeddable":true,"href":"https:\/\/gltestm.webology.pl\/de\/wp-json\/wp\/v2\/product_tag?post=17024"}],"curies":[{"name":"wp","href":"https:\/\/api.w.org\/{rel}","templated":true}]}}