{"id":17012,"date":"2026-03-18T22:04:10","date_gmt":"2026-03-18T21:04:10","guid":{"rendered":"https:\/\/gltestm.webology.pl\/produkt\/kutter\/"},"modified":"2026-03-22T21:51:57","modified_gmt":"2026-03-22T20:51:57","slug":"kutter","status":"publish","type":"product","link":"https:\/\/gltestm.webology.pl\/de\/produkt\/kutter\/","title":{"rendered":"Kutter"},"content":{"rendered":"<h2>Zweck<\/h2>\n<p>Das Skalpell ist zum Schneiden von komplizierten Mustern aus Papier, d\u00fcnnen Kunststoff- und Metallfolien, Leder und anderen Materialien bestimmt. Die Arbeit mit dem Skalpell ist sehr sicher. Die Klinge hat ein Aufbewahrungsfach f\u00fcr eine sichere und einfache Aufbewahrung. Mit dieser Spezialausr\u00fcstung gelingen uns die perfektesten Schnitte.<\/p>\n<p>Durch die ger\u00e4ndelte Oberfl\u00e4che des Griffs liegt das Messer sehr gut in der Hand und rutscht nicht aus der Hand.<\/p>\n<h2>Das Set enth\u00e4lt<\/h2>\n<p>12 austauschbare 4&#215;22-mm-Klingen, mit 7-mm-Klingen, einem stiftf\u00f6rmigen Kunststoffgriff mit einem Durchmesser von 0,9 cm und einer L\u00e4nge von 14 cm sowie Schrauben zur Befestigung des Metallklingengeh\u00e4uses.<\/p>\n","protected":false},"excerpt":{"rendered":"<p>Pr\u00e4zisionsmesser zum Schneiden verschiedener Formen mit auswechselbaren Klingen.<\/p>\n","protected":false},"featured_media":15728,"comment_status":"open","ping_status":"closed","template":"","meta":[],"product_brand":[],"product_cat":[760],"product_tag":[],"class_list":{"0":"post-17012","1":"product","2":"type-product","3":"status-publish","4":"has-post-thumbnail","6":"product_cat-noze-noze-krazkowe-i-przecinaki","8":"first","9":"instock","10":"taxable","11":"shipping-taxable","12":"purchasable","13":"product-type-simple"},"_links":{"self":[{"href":"https:\/\/gltestm.webology.pl\/de\/wp-json\/wp\/v2\/product\/17012","targetHints":{"allow":["GET"]}}],"collection":[{"href":"https:\/\/gltestm.webology.pl\/de\/wp-json\/wp\/v2\/product"}],"about":[{"href":"https:\/\/gltestm.webology.pl\/de\/wp-json\/wp\/v2\/types\/product"}],"replies":[{"embeddable":true,"href":"https:\/\/gltestm.webology.pl\/de\/wp-json\/wp\/v2\/comments?post=17012"}],"version-history":[{"count":0,"href":"https:\/\/gltestm.webology.pl\/de\/wp-json\/wp\/v2\/product\/17012\/revisions"}],"wp:featuredmedia":[{"embeddable":true,"href":"https:\/\/gltestm.webology.pl\/de\/wp-json\/wp\/v2\/media\/15728"}],"wp:attachment":[{"href":"https:\/\/gltestm.webology.pl\/de\/wp-json\/wp\/v2\/media?parent=17012"}],"wp:term":[{"taxonomy":"product_brand","embeddable":true,"href":"https:\/\/gltestm.webology.pl\/de\/wp-json\/wp\/v2\/product_brand?post=17012"},{"taxonomy":"product_cat","embeddable":true,"href":"https:\/\/gltestm.webology.pl\/de\/wp-json\/wp\/v2\/product_cat?post=17012"},{"taxonomy":"product_tag","embeddable":true,"href":"https:\/\/gltestm.webology.pl\/de\/wp-json\/wp\/v2\/product_tag?post=17012"}],"curies":[{"name":"wp","href":"https:\/\/api.w.org\/{rel}","templated":true}]}}