{"id":17008,"date":"2026-03-18T22:04:10","date_gmt":"2026-03-18T21:04:10","guid":{"rendered":"https:\/\/gltestm.webology.pl\/produkt\/vaselineoel-80-ml\/"},"modified":"2026-03-22T21:51:27","modified_gmt":"2026-03-22T20:51:27","slug":"vaselineoel-80-ml","status":"publish","type":"product","link":"https:\/\/gltestm.webology.pl\/de\/produkt\/vaselineoel-80-ml\/","title":{"rendered":"Vaseline\u00f6l 80 ml"},"content":{"rendered":"<p><span><span><span><strong><span><span>Es ist ein Vaseline-\u00d6l, das zum \u00d6len der Mechanismen von N\u00e4hmaschinen aller Art geeignet ist. <\/span><\/span><\/strong><\/span><\/span><\/span><\/p>\n<p><span><span><span><strong><span><span>Es schmiert und konserviert. Es ist nicht f\u00e4rbend, farblos und geruchsneutral. Das Fassungsverm\u00f6gen der Flasche betr\u00e4gt 80 ml. <\/span><\/span><\/strong><\/span><\/span><\/span><\/p>\n<p><span><span><span><strong><span><span>Verwendung bei Temperaturen bis zu 50\u00b0C.<br \/><\/span><\/span><\/strong><\/span><\/span><\/span><\/p>\n<p><span><span><span><strong><span><span>Vor dem Gebrauch die Spitze der Flasche durchstechen. Nach dem Gebrauch die Flasche mit einem Deckel verschlie\u00dfen, um ein Auslaufen des \u00d6ls zu verhindern.<\/span><\/span><\/strong><\/span><\/span><\/span><\/p>\n<p><span><span><span><strong><span><span>Hinweis: Derzeit wird das \u00d6l in einer Flasche mit rotem Verschluss verkauft.<\/span><\/span><\/strong><\/span><\/span><\/span><\/p>\n","protected":false},"excerpt":{"rendered":"<p>Es ist ein Vaseline\u00f6l, das zum \u00d6len der Mechanismen von N\u00e4hmaschinen aller Art geeignet ist. Verwendung bei Temperaturen bis zu 50\u00b0C<\/p>\n","protected":false},"featured_media":15943,"comment_status":"open","ping_status":"closed","template":"","meta":[],"product_brand":[],"product_cat":[535],"product_tag":[],"class_list":{"0":"post-17008","1":"product","2":"type-product","3":"status-publish","4":"has-post-thumbnail","6":"product_cat-oleje-do-maszyn","8":"first","9":"instock","10":"taxable","11":"shipping-taxable","12":"purchasable","13":"product-type-simple"},"_links":{"self":[{"href":"https:\/\/gltestm.webology.pl\/de\/wp-json\/wp\/v2\/product\/17008","targetHints":{"allow":["GET"]}}],"collection":[{"href":"https:\/\/gltestm.webology.pl\/de\/wp-json\/wp\/v2\/product"}],"about":[{"href":"https:\/\/gltestm.webology.pl\/de\/wp-json\/wp\/v2\/types\/product"}],"replies":[{"embeddable":true,"href":"https:\/\/gltestm.webology.pl\/de\/wp-json\/wp\/v2\/comments?post=17008"}],"version-history":[{"count":0,"href":"https:\/\/gltestm.webology.pl\/de\/wp-json\/wp\/v2\/product\/17008\/revisions"}],"wp:featuredmedia":[{"embeddable":true,"href":"https:\/\/gltestm.webology.pl\/de\/wp-json\/wp\/v2\/media\/15943"}],"wp:attachment":[{"href":"https:\/\/gltestm.webology.pl\/de\/wp-json\/wp\/v2\/media?parent=17008"}],"wp:term":[{"taxonomy":"product_brand","embeddable":true,"href":"https:\/\/gltestm.webology.pl\/de\/wp-json\/wp\/v2\/product_brand?post=17008"},{"taxonomy":"product_cat","embeddable":true,"href":"https:\/\/gltestm.webology.pl\/de\/wp-json\/wp\/v2\/product_cat?post=17008"},{"taxonomy":"product_tag","embeddable":true,"href":"https:\/\/gltestm.webology.pl\/de\/wp-json\/wp\/v2\/product_tag?post=17008"}],"curies":[{"name":"wp","href":"https:\/\/api.w.org\/{rel}","templated":true}]}}