{"id":16996,"date":"2026-03-18T22:04:09","date_gmt":"2026-03-18T21:04:09","guid":{"rendered":"https:\/\/gltestm.webology.pl\/produkt\/pedal-fuer-elektronische-maschinen-c-9000\/"},"modified":"2026-03-22T21:51:06","modified_gmt":"2026-03-22T20:51:06","slug":"pedal-fuer-elektronische-maschinen-c-9000","status":"publish","type":"product","link":"https:\/\/gltestm.webology.pl\/de\/produkt\/pedal-fuer-elektronische-maschinen-c-9000\/","title":{"rendered":"Pedal f\u00fcr elektronische Maschinen C-9000"},"content":{"rendered":"<h2>Geschwindigkeitsregler C-9000<\/h2>\n<p>Geschwindigkeitsregler (Pedal) f\u00fcr die Steuerung der N\u00e4hgeschwindigkeit. Der graue Regler ist f\u00fcr die elektronischen N\u00e4hmaschinen von Lucznik bestimmt. Erm\u00f6glicht eine bequeme und sanfte Einstellung der N\u00e4hgeschwindigkeit.<\/p>\n<p>Passt zu den Modellen der Lucznik-N\u00e4hmaschinen:<\/p>\n<ul>\n<li><strong>Malwina 2070<\/strong><\/li>\n<li><strong>Helena 2060<\/strong><\/li>\n<li><strong>Balladyna 2020<\/strong><\/li>\n<\/ul>\n<p><strong>HINWEIS: <\/strong>Der Anlasser hat KEIN Kabel f\u00fcr die Netzspannung.<\/p>\n","protected":false},"excerpt":{"rendered":"<p>Geschwindigkeitsregler C-9000 f\u00fcr elektronische N\u00e4hmaschinen von Lucznik: Helena 2060, Malwina 2070, Balladyna 2020. Antriebseinheit f\u00fcr elektronische Lucznik-N\u00e4hmaschinen. Regelt die Geschwindigkeit der Motoren in N\u00e4hmaschinen.<\/p>\n","protected":false},"featured_media":14418,"comment_status":"open","ping_status":"closed","template":"","meta":[],"product_brand":[],"product_cat":[480],"product_tag":[],"class_list":{"0":"post-16996","1":"product","2":"type-product","3":"status-publish","4":"has-post-thumbnail","6":"product_cat-pedaly-do-maszyn-i-regulatory-obrotow","8":"first","9":"instock","10":"taxable","11":"shipping-taxable","12":"purchasable","13":"product-type-simple"},"_links":{"self":[{"href":"https:\/\/gltestm.webology.pl\/de\/wp-json\/wp\/v2\/product\/16996","targetHints":{"allow":["GET"]}}],"collection":[{"href":"https:\/\/gltestm.webology.pl\/de\/wp-json\/wp\/v2\/product"}],"about":[{"href":"https:\/\/gltestm.webology.pl\/de\/wp-json\/wp\/v2\/types\/product"}],"replies":[{"embeddable":true,"href":"https:\/\/gltestm.webology.pl\/de\/wp-json\/wp\/v2\/comments?post=16996"}],"version-history":[{"count":0,"href":"https:\/\/gltestm.webology.pl\/de\/wp-json\/wp\/v2\/product\/16996\/revisions"}],"wp:featuredmedia":[{"embeddable":true,"href":"https:\/\/gltestm.webology.pl\/de\/wp-json\/wp\/v2\/media\/14418"}],"wp:attachment":[{"href":"https:\/\/gltestm.webology.pl\/de\/wp-json\/wp\/v2\/media?parent=16996"}],"wp:term":[{"taxonomy":"product_brand","embeddable":true,"href":"https:\/\/gltestm.webology.pl\/de\/wp-json\/wp\/v2\/product_brand?post=16996"},{"taxonomy":"product_cat","embeddable":true,"href":"https:\/\/gltestm.webology.pl\/de\/wp-json\/wp\/v2\/product_cat?post=16996"},{"taxonomy":"product_tag","embeddable":true,"href":"https:\/\/gltestm.webology.pl\/de\/wp-json\/wp\/v2\/product_tag?post=16996"}],"curies":[{"name":"wp","href":"https:\/\/api.w.org\/{rel}","templated":true}]}}