{"id":16984,"date":"2026-03-18T22:04:08","date_gmt":"2026-03-18T21:04:08","guid":{"rendered":"https:\/\/gltestm.webology.pl\/produkt\/aufbuegelbares-kleidungsetikett-mit-markierstift\/"},"modified":"2026-03-22T21:51:04","modified_gmt":"2026-03-22T20:51:04","slug":"aufbuegelbares-kleidungsetikett-mit-markierstift","status":"publish","type":"product","link":"https:\/\/gltestm.webology.pl\/de\/produkt\/aufbuegelbares-kleidungsetikett-mit-markierstift\/","title":{"rendered":"Aufb\u00fcgelbares Kleidungsetikett mit Markierstift"},"content":{"rendered":"<h2>Kleidungsetiketten &#8211; wie verwendet man sie?<\/h2>\n<p>Wir bringen Kleidungsetiketten an der Kleidung an, wenn wir sie kennzeichnen m\u00fcssen, um zu wissen, wem sie geh\u00f6ren. Sie sind vor allem in Kinderkrippen, Kinderg\u00e4rten, Schulen oder Krankenh\u00e4usern n\u00fctzlich. Sie eignen sich auch zur Kennzeichnung von Bettw\u00e4sche, die in die W\u00e4scherei kommt. Wir k\u00f6nnen sie f\u00fcr alle Textilien verwenden.<\/p>\n<p>F\u00fcr die Kennzeichnung sollten nur Textilmarker verwendet werden. Ein solcher Marker ist im Set enthalten.<\/p>\n<p>Wir empfehlen Ihnen, das Etikett zus\u00e4tzlich zu vern\u00e4hen, damit es sich beim Waschen nicht abl\u00f6st.<\/p>\n<h2>Abmessungen<\/h2>\n<p>Ein Produkt enth\u00e4lt 45 Namensschilder in englischer Sprache (Name).<\/p>\n<p>Gr\u00f6\u00dfe eines Namensschildes: Breite 5,5 cm x H\u00f6he 1,5 cm.<\/p>\n<p>Gr\u00f6\u00dfe des gesamten Etiketts: Breite 5,5 cm x H\u00f6he 10,5 cm.<\/p>\n<h2>Wartung<\/h2>\n<p><img decoding=\"async\" src=\"https:\/\/www.stoklasa.pl\/obr_praci_symboly.php?symbol=70-3-46-48-21\" alt=\"\" \/><\/p>\n","protected":false},"excerpt":{"rendered":"<p>Namensetiketten zur Kennzeichnung von Kleidung, Bettzeug und anderen Textilien.<\/p>\n","protected":false},"featured_media":13883,"comment_status":"open","ping_status":"closed","template":"","meta":[],"product_brand":[],"product_cat":[775],"product_tag":[],"class_list":{"0":"post-16984","1":"product","2":"type-product","3":"status-publish","4":"has-post-thumbnail","6":"product_cat-inne-narzedzia-i-akcesoria","8":"first","9":"instock","10":"taxable","11":"shipping-taxable","12":"purchasable","13":"product-type-simple"},"_links":{"self":[{"href":"https:\/\/gltestm.webology.pl\/de\/wp-json\/wp\/v2\/product\/16984","targetHints":{"allow":["GET"]}}],"collection":[{"href":"https:\/\/gltestm.webology.pl\/de\/wp-json\/wp\/v2\/product"}],"about":[{"href":"https:\/\/gltestm.webology.pl\/de\/wp-json\/wp\/v2\/types\/product"}],"replies":[{"embeddable":true,"href":"https:\/\/gltestm.webology.pl\/de\/wp-json\/wp\/v2\/comments?post=16984"}],"version-history":[{"count":0,"href":"https:\/\/gltestm.webology.pl\/de\/wp-json\/wp\/v2\/product\/16984\/revisions"}],"wp:featuredmedia":[{"embeddable":true,"href":"https:\/\/gltestm.webology.pl\/de\/wp-json\/wp\/v2\/media\/13883"}],"wp:attachment":[{"href":"https:\/\/gltestm.webology.pl\/de\/wp-json\/wp\/v2\/media?parent=16984"}],"wp:term":[{"taxonomy":"product_brand","embeddable":true,"href":"https:\/\/gltestm.webology.pl\/de\/wp-json\/wp\/v2\/product_brand?post=16984"},{"taxonomy":"product_cat","embeddable":true,"href":"https:\/\/gltestm.webology.pl\/de\/wp-json\/wp\/v2\/product_cat?post=16984"},{"taxonomy":"product_tag","embeddable":true,"href":"https:\/\/gltestm.webology.pl\/de\/wp-json\/wp\/v2\/product_tag?post=16984"}],"curies":[{"name":"wp","href":"https:\/\/api.w.org\/{rel}","templated":true}]}}