{"id":16980,"date":"2026-03-18T22:04:08","date_gmt":"2026-03-18T21:04:08","guid":{"rendered":"https:\/\/gltestm.webology.pl\/produkt\/kausche-mit-fadenschneider\/"},"modified":"2026-03-22T21:51:02","modified_gmt":"2026-03-22T20:51:02","slug":"kausche-mit-fadenschneider","status":"publish","type":"product","link":"https:\/\/gltestm.webology.pl\/de\/produkt\/kausche-mit-fadenschneider\/","title":{"rendered":"Kausche mit Fadenschneider"},"content":{"rendered":"<h2>Fingerhut mit Messer<\/h2>\n<p>Der Fingerhut mit Messer ist ein \u00e4u\u00dferst praktisches Ger\u00e4t, das Ihre Arbeit mit Faden, wie N\u00e4hen oder Sticken, verbessert. Die Klinge ist ein fester Bestandteil des Fingerhuts und befindet sich oberhalb des Fingerlochs. So m\u00fcssen Sie Ihre Arbeit nicht unterbrechen, um nach der auf dem Tisch liegenden Schere zu greifen &#8211; Sie ziehen den Faden einfach in einer Bewegung an der Klinge entlang. Der Fingerhut aus Kunststoff ist mit einem Schlitz versehen, der es erm\u00f6glicht, ihn an die Gr\u00f6\u00dfe Ihres Fingers anzupassen.<\/p>\n<h2>Abmessungen<\/h2>\n<p>Der Durchmesser des Fingerhuts ohne Erweiterung betr\u00e4gt 16 mm. Die L\u00e4nge der Klinge betr\u00e4gt 10 mm.<\/p>\n","protected":false},"excerpt":{"rendered":"<p>Ein praktischer und handlicher Fingerhut mit Fadenschneider.<\/p>\n","protected":false},"featured_media":13948,"comment_status":"open","ping_status":"closed","template":"","meta":[],"product_brand":[],"product_cat":[760],"product_tag":[],"class_list":{"0":"post-16980","1":"product","2":"type-product","3":"status-publish","4":"has-post-thumbnail","6":"product_cat-noze-noze-krazkowe-i-przecinaki","8":"first","9":"instock","10":"taxable","11":"shipping-taxable","12":"purchasable","13":"product-type-simple"},"_links":{"self":[{"href":"https:\/\/gltestm.webology.pl\/de\/wp-json\/wp\/v2\/product\/16980","targetHints":{"allow":["GET"]}}],"collection":[{"href":"https:\/\/gltestm.webology.pl\/de\/wp-json\/wp\/v2\/product"}],"about":[{"href":"https:\/\/gltestm.webology.pl\/de\/wp-json\/wp\/v2\/types\/product"}],"replies":[{"embeddable":true,"href":"https:\/\/gltestm.webology.pl\/de\/wp-json\/wp\/v2\/comments?post=16980"}],"version-history":[{"count":0,"href":"https:\/\/gltestm.webology.pl\/de\/wp-json\/wp\/v2\/product\/16980\/revisions"}],"wp:featuredmedia":[{"embeddable":true,"href":"https:\/\/gltestm.webology.pl\/de\/wp-json\/wp\/v2\/media\/13948"}],"wp:attachment":[{"href":"https:\/\/gltestm.webology.pl\/de\/wp-json\/wp\/v2\/media?parent=16980"}],"wp:term":[{"taxonomy":"product_brand","embeddable":true,"href":"https:\/\/gltestm.webology.pl\/de\/wp-json\/wp\/v2\/product_brand?post=16980"},{"taxonomy":"product_cat","embeddable":true,"href":"https:\/\/gltestm.webology.pl\/de\/wp-json\/wp\/v2\/product_cat?post=16980"},{"taxonomy":"product_tag","embeddable":true,"href":"https:\/\/gltestm.webology.pl\/de\/wp-json\/wp\/v2\/product_tag?post=16980"}],"curies":[{"name":"wp","href":"https:\/\/api.w.org\/{rel}","templated":true}]}}