{"id":16976,"date":"2026-03-18T22:04:07","date_gmt":"2026-03-18T21:04:07","guid":{"rendered":"https:\/\/gltestm.webology.pl\/produkt\/filznadel-mit-holzgriff\/"},"modified":"2026-03-22T21:51:01","modified_gmt":"2026-03-22T20:51:01","slug":"filznadel-mit-holzgriff","status":"publish","type":"product","link":"https:\/\/gltestm.webology.pl\/de\/produkt\/filznadel-mit-holzgriff\/","title":{"rendered":"Filznadel mit Holzgriff"},"content":{"rendered":"<p><strong>Filznadeln<\/strong><span> sind ein Muss f\u00fcr diese Technik. <\/span><br \/><span>Sie sind dreieckig, an den Seiten <\/span><strong>haben feine Rillen, um die Wolle zu greifen.<span>Ihre <\/span><strong>mittlere Gr\u00f6\u00dfe<\/strong><span>ist ideal vom Beginn der Arbeit mit Filz bis zur endg\u00fcltigen Formgebung.Sie k\u00f6nnen die Nadeln in den Griffen leicht ersetzen<\/span><\/strong>.<\/p>\n<p><strong>Gebrauchsanweisung:<br \/><span>Nehmen Sie ein St\u00fcck Vlies und formen Sie mit Ihren Fingern die gew\u00fcnschte Form. Verwenden Sie die Filznadel, um den Filz gleichm\u00e4\u00dfig auf jeder Seite einzustechen. Die Filznadel hat an den Seiten kleine Rillen, in denen die Wollfasern h\u00e4ngen bleiben, und durch das Einstechen in die Wolle verweben sich die Fasern miteinander. <\/span><\/strong><\/p>\n<p><strong>Achtung!<\/strong><\/p>\n<p><strong>Die Nadeln werden einzeln verkauft!<\/strong><\/p>\n","protected":false},"excerpt":{"rendered":"<p>Eine bequeme und praktische Nadel, die zum Filzen unerl\u00e4sslich ist.<\/p>\n","protected":false},"featured_media":14609,"comment_status":"open","ping_status":"closed","template":"","meta":[],"product_brand":[],"product_cat":[360],"product_tag":[],"class_list":{"0":"post-16976","1":"product","2":"type-product","3":"status-publish","4":"has-post-thumbnail","6":"product_cat-igly","8":"first","9":"instock","10":"taxable","11":"shipping-taxable","12":"purchasable","13":"product-type-simple"},"_links":{"self":[{"href":"https:\/\/gltestm.webology.pl\/de\/wp-json\/wp\/v2\/product\/16976","targetHints":{"allow":["GET"]}}],"collection":[{"href":"https:\/\/gltestm.webology.pl\/de\/wp-json\/wp\/v2\/product"}],"about":[{"href":"https:\/\/gltestm.webology.pl\/de\/wp-json\/wp\/v2\/types\/product"}],"replies":[{"embeddable":true,"href":"https:\/\/gltestm.webology.pl\/de\/wp-json\/wp\/v2\/comments?post=16976"}],"version-history":[{"count":0,"href":"https:\/\/gltestm.webology.pl\/de\/wp-json\/wp\/v2\/product\/16976\/revisions"}],"wp:featuredmedia":[{"embeddable":true,"href":"https:\/\/gltestm.webology.pl\/de\/wp-json\/wp\/v2\/media\/14609"}],"wp:attachment":[{"href":"https:\/\/gltestm.webology.pl\/de\/wp-json\/wp\/v2\/media?parent=16976"}],"wp:term":[{"taxonomy":"product_brand","embeddable":true,"href":"https:\/\/gltestm.webology.pl\/de\/wp-json\/wp\/v2\/product_brand?post=16976"},{"taxonomy":"product_cat","embeddable":true,"href":"https:\/\/gltestm.webology.pl\/de\/wp-json\/wp\/v2\/product_cat?post=16976"},{"taxonomy":"product_tag","embeddable":true,"href":"https:\/\/gltestm.webology.pl\/de\/wp-json\/wp\/v2\/product_tag?post=16976"}],"curies":[{"name":"wp","href":"https:\/\/api.w.org\/{rel}","templated":true}]}}