{"id":16972,"date":"2026-03-18T22:04:07","date_gmt":"2026-03-18T21:04:07","guid":{"rendered":"https:\/\/gltestm.webology.pl\/produkt\/filznadel\/"},"modified":"2026-03-22T21:51:00","modified_gmt":"2026-03-22T20:51:00","slug":"filznadel","status":"publish","type":"product","link":"https:\/\/gltestm.webology.pl\/de\/produkt\/filznadel\/","title":{"rendered":"Filznadel"},"content":{"rendered":"<p><strong>Nadeln zum Filzen<\/strong><span> sind ein Muss f\u00fcr diese Technik. <\/span><\/p>\n<p><span>Sie sind dreieckig, an den Seiten von <\/span><strong>haben feine Rillen, um die Wolle zu greifen.<\/strong><\/p>\n<p><strong>Anleitung zur Anwendung:<\/strong><\/p>\n<p>Nehmen Sie ein St\u00fcck Vlies und formen Sie mit Ihren Fingern die gew\u00fcnschte Form. Stechen Sie mit einer Filznadel gleichm\u00e4\u00dfig auf jeder Seite in den Filz ein. Die Filznadel hat an den Seiten kleine Rillen, in denen sich die Wollfasern verfangen, und durch das Einstechen in die Wolle verweben sich die Fasern.  <\/p>\n<p><strong>Hinweis: <\/strong>Die Nadeln werden einzeln verkauft!<\/p>\n","protected":false},"excerpt":{"rendered":"<p>Eine f\u00fcr das Filzen unerl\u00e4ssliche Grundnadel.<\/p>\n","protected":false},"featured_media":15882,"comment_status":"open","ping_status":"closed","template":"","meta":[],"product_brand":[],"product_cat":[360],"product_tag":[],"class_list":{"0":"post-16972","1":"product","2":"type-product","3":"status-publish","4":"has-post-thumbnail","6":"product_cat-igly","8":"first","9":"instock","10":"taxable","11":"shipping-taxable","12":"purchasable","13":"product-type-simple"},"_links":{"self":[{"href":"https:\/\/gltestm.webology.pl\/de\/wp-json\/wp\/v2\/product\/16972","targetHints":{"allow":["GET"]}}],"collection":[{"href":"https:\/\/gltestm.webology.pl\/de\/wp-json\/wp\/v2\/product"}],"about":[{"href":"https:\/\/gltestm.webology.pl\/de\/wp-json\/wp\/v2\/types\/product"}],"replies":[{"embeddable":true,"href":"https:\/\/gltestm.webology.pl\/de\/wp-json\/wp\/v2\/comments?post=16972"}],"version-history":[{"count":0,"href":"https:\/\/gltestm.webology.pl\/de\/wp-json\/wp\/v2\/product\/16972\/revisions"}],"wp:featuredmedia":[{"embeddable":true,"href":"https:\/\/gltestm.webology.pl\/de\/wp-json\/wp\/v2\/media\/15882"}],"wp:attachment":[{"href":"https:\/\/gltestm.webology.pl\/de\/wp-json\/wp\/v2\/media?parent=16972"}],"wp:term":[{"taxonomy":"product_brand","embeddable":true,"href":"https:\/\/gltestm.webology.pl\/de\/wp-json\/wp\/v2\/product_brand?post=16972"},{"taxonomy":"product_cat","embeddable":true,"href":"https:\/\/gltestm.webology.pl\/de\/wp-json\/wp\/v2\/product_cat?post=16972"},{"taxonomy":"product_tag","embeddable":true,"href":"https:\/\/gltestm.webology.pl\/de\/wp-json\/wp\/v2\/product_tag?post=16972"}],"curies":[{"name":"wp","href":"https:\/\/api.w.org\/{rel}","templated":true}]}}