{"id":16956,"date":"2026-03-18T22:04:06","date_gmt":"2026-03-18T21:04:06","guid":{"rendered":"https:\/\/gltestm.webology.pl\/produkt\/reise-naehzubehoerset\/"},"modified":"2026-03-22T21:50:49","modified_gmt":"2026-03-22T20:50:49","slug":"reise-naehzubehoerset","status":"publish","type":"product","link":"https:\/\/gltestm.webology.pl\/de\/produkt\/reise-naehzubehoerset\/","title":{"rendered":"Reise-N\u00e4hzubeh\u00f6rset"},"content":{"rendered":"<h2>N\u00fctzlicher Werkzeugkasten<\/h2>\n<p>Ein Set von Mini-N\u00e4hprodukten in einem praktischen Etui ist nicht nur auf Reisen, sondern auch zu Hause sehr n\u00fctzlich.<\/p>\n<p>Dank seiner geringen Gr\u00f6\u00dfe passt er sogar in eine kleine Handtasche, und dank der \u00d6se k\u00f6nnen wir ihn an unseren Schl\u00fcsseln befestigen. Es wird uns retten, wenn wir Kleidung schnell reparieren m\u00fcssen. Es ist gut, es zu einer Hochzeit oder einer anderen Feier mitzunehmen.<\/p>\n<h2>Woraus besteht das Set?<\/h2>\n<p>Es handelt sich um einen sehr praktischen Werkzeugkasten, der alles enth\u00e4lt, was man f\u00fcr schnelle Reparaturen braucht:<\/p>\n<ul>\n<li>8 Spulen Garn in verschiedenen Farben,<\/li>\n<li>ein Satz Handn\u00e4hnadeln,<\/li>\n<li>fingerhut,<\/li>\n<li>schneider-Zentimeter,<\/li>\n<li>nadelkissen,<\/li>\n<li>schere.<\/li>\n<\/ul>\n<p>Ein cleveres transparentes Etui, das sich mit einem Rei\u00dfverschluss schlie\u00dfen l\u00e4sst, so dass Sie den gesuchten Gegenstand leicht finden k\u00f6nnen.<\/p>\n<p>Die Verzierung des Werkzeugkoffers und der Rei\u00dfverschluss sind in Blau gehalten.<\/p>\n<p>Der Werkzeugkasten hat einen Durchmesser von 8 cm und eine H\u00f6he von etwa 4 cm.<\/p>\n","protected":false},"excerpt":{"rendered":"<p>Ein praktisches Set mit unentbehrlichem N\u00e4hzubeh\u00f6r.<\/p>\n","protected":false},"featured_media":13282,"comment_status":"open","ping_status":"closed","template":"","meta":[],"product_brand":[],"product_cat":[765],"product_tag":[],"class_list":{"0":"post-16956","1":"product","2":"type-product","3":"status-publish","4":"has-post-thumbnail","6":"product_cat-przyborniki-i-zestawy-do-szycia","8":"first","9":"instock","10":"taxable","11":"shipping-taxable","12":"purchasable","13":"product-type-simple"},"_links":{"self":[{"href":"https:\/\/gltestm.webology.pl\/de\/wp-json\/wp\/v2\/product\/16956","targetHints":{"allow":["GET"]}}],"collection":[{"href":"https:\/\/gltestm.webology.pl\/de\/wp-json\/wp\/v2\/product"}],"about":[{"href":"https:\/\/gltestm.webology.pl\/de\/wp-json\/wp\/v2\/types\/product"}],"replies":[{"embeddable":true,"href":"https:\/\/gltestm.webology.pl\/de\/wp-json\/wp\/v2\/comments?post=16956"}],"version-history":[{"count":0,"href":"https:\/\/gltestm.webology.pl\/de\/wp-json\/wp\/v2\/product\/16956\/revisions"}],"wp:featuredmedia":[{"embeddable":true,"href":"https:\/\/gltestm.webology.pl\/de\/wp-json\/wp\/v2\/media\/13282"}],"wp:attachment":[{"href":"https:\/\/gltestm.webology.pl\/de\/wp-json\/wp\/v2\/media?parent=16956"}],"wp:term":[{"taxonomy":"product_brand","embeddable":true,"href":"https:\/\/gltestm.webology.pl\/de\/wp-json\/wp\/v2\/product_brand?post=16956"},{"taxonomy":"product_cat","embeddable":true,"href":"https:\/\/gltestm.webology.pl\/de\/wp-json\/wp\/v2\/product_cat?post=16956"},{"taxonomy":"product_tag","embeddable":true,"href":"https:\/\/gltestm.webology.pl\/de\/wp-json\/wp\/v2\/product_tag?post=16956"}],"curies":[{"name":"wp","href":"https:\/\/api.w.org\/{rel}","templated":true}]}}