{"id":16928,"date":"2026-03-18T22:04:05","date_gmt":"2026-03-18T21:04:05","guid":{"rendered":"https:\/\/gltestm.webology.pl\/produkt\/dfsp-810-buegelstaender\/"},"modified":"2026-03-22T21:50:18","modified_gmt":"2026-03-22T20:50:18","slug":"dfsp-810-buegelstaender","status":"publish","type":"product","link":"https:\/\/gltestm.webology.pl\/de\/produkt\/dfsp-810-buegelstaender\/","title":{"rendered":"DFSP-810 B\u00fcgelst\u00e4nder"},"content":{"rendered":"<h2>B\u00fcgeleisenst\u00e4nder DFSP-810<\/h2>\n<p>Beine, mit denen Sie die B\u00fcgelmaschine auf einer freien Fl\u00e4che aufstellen k\u00f6nnen, um einen bequemen Platz zum B\u00fcgeln zu w\u00e4hlen. <\/p>\n<p>Abmessungen des St\u00e4nders: 49cm x 17cm x 71,5cm<\/p>\n<p>Gewicht des St\u00e4nders: 7kg<\/p>\n<p>Auf<strong>den B\u00fcgeleisenst\u00e4nder DFSP-810 <\/strong>wird<strong> eine 24-monatige<\/strong> <strong>Garantie<\/strong> gew\u00e4hrt.<\/p>\n","protected":false},"excerpt":{"rendered":"<p>Beine, die es erm\u00f6glichen, die B\u00fcgelmaschine auf eine freie Fl\u00e4che zu stellen.<\/p>\n","protected":false},"featured_media":14129,"comment_status":"open","ping_status":"closed","template":"","meta":[],"product_brand":[],"product_cat":[620],"product_tag":[],"class_list":{"0":"post-16928","1":"product","2":"type-product","3":"status-publish","4":"has-post-thumbnail","6":"product_cat-prasowalnice","8":"first","9":"instock","10":"taxable","11":"shipping-taxable","12":"purchasable","13":"product-type-simple"},"_links":{"self":[{"href":"https:\/\/gltestm.webology.pl\/de\/wp-json\/wp\/v2\/product\/16928","targetHints":{"allow":["GET"]}}],"collection":[{"href":"https:\/\/gltestm.webology.pl\/de\/wp-json\/wp\/v2\/product"}],"about":[{"href":"https:\/\/gltestm.webology.pl\/de\/wp-json\/wp\/v2\/types\/product"}],"replies":[{"embeddable":true,"href":"https:\/\/gltestm.webology.pl\/de\/wp-json\/wp\/v2\/comments?post=16928"}],"version-history":[{"count":0,"href":"https:\/\/gltestm.webology.pl\/de\/wp-json\/wp\/v2\/product\/16928\/revisions"}],"wp:featuredmedia":[{"embeddable":true,"href":"https:\/\/gltestm.webology.pl\/de\/wp-json\/wp\/v2\/media\/14129"}],"wp:attachment":[{"href":"https:\/\/gltestm.webology.pl\/de\/wp-json\/wp\/v2\/media?parent=16928"}],"wp:term":[{"taxonomy":"product_brand","embeddable":true,"href":"https:\/\/gltestm.webology.pl\/de\/wp-json\/wp\/v2\/product_brand?post=16928"},{"taxonomy":"product_cat","embeddable":true,"href":"https:\/\/gltestm.webology.pl\/de\/wp-json\/wp\/v2\/product_cat?post=16928"},{"taxonomy":"product_tag","embeddable":true,"href":"https:\/\/gltestm.webology.pl\/de\/wp-json\/wp\/v2\/product_tag?post=16928"}],"curies":[{"name":"wp","href":"https:\/\/api.w.org\/{rel}","templated":true}]}}