{"id":16916,"date":"2026-03-18T22:04:04","date_gmt":"2026-03-18T21:04:04","guid":{"rendered":"https:\/\/gltestm.webology.pl\/produkt\/strick-und-haekelnadel-groesse-4\/"},"modified":"2026-03-22T21:50:15","modified_gmt":"2026-03-22T20:50:15","slug":"strick-und-haekelnadel-groesse-4","status":"publish","type":"product","link":"https:\/\/gltestm.webology.pl\/de\/produkt\/strick-und-haekelnadel-groesse-4\/","title":{"rendered":"Strick- und H\u00e4kelnadel Gr\u00f6\u00dfe 4"},"content":{"rendered":"<p><span>Ein Werkzeug, das zum Handstricken verwendet wird, indem man den Faden durch die Maschen zieht. <\/span>Praktischer Kunststoffgriff, erleichtert die Bewegungen beim H\u00e4keln. <span>Bei dieser Art des H\u00e4kelns gilt die Regel: je kleiner die H\u00e4kelnummer, desto dicker der Haken. <\/span><span>F\u00fcr diese Art des H\u00e4kelns empfehlen <\/span>wir Snehurkawool<span>. <\/span><span> Sie k\u00f6nnen auch <\/span>Kordonek<span> verwenden <\/span><span>.<\/span><\/p>\n<h2><span>Abmessungen der H\u00e4kelnadel<\/span><\/h2>\n<ul>\n<li><span>Gr\u00f6\u00dfe des H\u00e4kelkopfes: 1,1 x 1,7 mm<\/span><\/li>\n<li>L\u00e4nge der H\u00e4kelnadel: <strong>12,5 cm<\/strong><\/li>\n<li>Durchmesser des Griffs:  <strong>9mm<\/strong><\/li>\n<\/ul>\n","protected":false},"excerpt":{"rendered":"<p>Handstrickwerkzeug<\/p>\n","protected":false},"featured_media":15600,"comment_status":"open","ping_status":"closed","template":"","meta":[],"product_brand":[],"product_cat":[370],"product_tag":[],"class_list":{"0":"post-16916","1":"product","2":"type-product","3":"status-publish","4":"has-post-thumbnail","6":"product_cat-narzedzia-i-akcesoria","8":"first","9":"instock","10":"taxable","11":"shipping-taxable","12":"purchasable","13":"product-type-simple"},"_links":{"self":[{"href":"https:\/\/gltestm.webology.pl\/de\/wp-json\/wp\/v2\/product\/16916","targetHints":{"allow":["GET"]}}],"collection":[{"href":"https:\/\/gltestm.webology.pl\/de\/wp-json\/wp\/v2\/product"}],"about":[{"href":"https:\/\/gltestm.webology.pl\/de\/wp-json\/wp\/v2\/types\/product"}],"replies":[{"embeddable":true,"href":"https:\/\/gltestm.webology.pl\/de\/wp-json\/wp\/v2\/comments?post=16916"}],"version-history":[{"count":0,"href":"https:\/\/gltestm.webology.pl\/de\/wp-json\/wp\/v2\/product\/16916\/revisions"}],"wp:featuredmedia":[{"embeddable":true,"href":"https:\/\/gltestm.webology.pl\/de\/wp-json\/wp\/v2\/media\/15600"}],"wp:attachment":[{"href":"https:\/\/gltestm.webology.pl\/de\/wp-json\/wp\/v2\/media?parent=16916"}],"wp:term":[{"taxonomy":"product_brand","embeddable":true,"href":"https:\/\/gltestm.webology.pl\/de\/wp-json\/wp\/v2\/product_brand?post=16916"},{"taxonomy":"product_cat","embeddable":true,"href":"https:\/\/gltestm.webology.pl\/de\/wp-json\/wp\/v2\/product_cat?post=16916"},{"taxonomy":"product_tag","embeddable":true,"href":"https:\/\/gltestm.webology.pl\/de\/wp-json\/wp\/v2\/product_tag?post=16916"}],"curies":[{"name":"wp","href":"https:\/\/api.w.org\/{rel}","templated":true}]}}