{"id":16892,"date":"2026-03-18T22:04:02","date_gmt":"2026-03-18T21:04:02","guid":{"rendered":"https:\/\/gltestm.webology.pl\/produkt\/spulenkasten-aus-kunststoff-fuer-naehmaschinen\/"},"modified":"2026-03-22T21:50:07","modified_gmt":"2026-03-22T20:50:07","slug":"spulenkasten-aus-kunststoff-fuer-naehmaschinen","status":"publish","type":"product","link":"https:\/\/gltestm.webology.pl\/de\/produkt\/spulenkasten-aus-kunststoff-fuer-naehmaschinen\/","title":{"rendered":"Spulenkasten aus Kunststoff f\u00fcr N\u00e4hmaschinen"},"content":{"rendered":"<p>Unverzichtbar in jeder Schneiderei, und oft \u00fcbersehenes kleines Detail, das die Arbeit und die Ordnung unglaublich erleichtert. Jetzt kommt nichts mehr durcheinander oder verheddert sich! Sie nehmen einfach den aufgewickelten Faden aus der Box und legen ihn in die Maschine, um mit dem N\u00e4hen zu beginnen. Lassen Sie Ihrer k\u00fcnstlerischen Ader freien Lauf, indem Sie verschiedenfarbige Spulen aufwickeln und sie auf interessante Weise anordnen .<\/p>\n<p>In der Schachtel finden 25 Spulen Platz. Jetzt k\u00f6nnen Sie alle Spulen an einem Ort aufbewahren (in der Theorie &#8211; wir wissen alle, wie es in der Praxis aussieht&#8230; ;)).<\/p>\n<p>Dank des transparenten Deckels kann man die Farben der auf die Spulen aufgewickelten F\u00e4den sehen.<\/p>\n","protected":false},"excerpt":{"rendered":"<p>Ein 10 x 12 cm gro\u00dfer Spulenkasten, der 25 Standard-N\u00e4hmaschinenspulen aufnimmt. Hilft, Ihr N\u00e4hstudio zu organisieren.<\/p>\n","protected":false},"featured_media":15205,"comment_status":"open","ping_status":"closed","template":"","meta":[],"product_brand":[],"product_cat":[525],"product_tag":[],"class_list":{"0":"post-16892","1":"product","2":"type-product","3":"status-publish","4":"has-post-thumbnail","6":"product_cat-szpulki-na-nici","8":"first","9":"instock","10":"taxable","11":"shipping-taxable","12":"purchasable","13":"product-type-simple"},"_links":{"self":[{"href":"https:\/\/gltestm.webology.pl\/de\/wp-json\/wp\/v2\/product\/16892","targetHints":{"allow":["GET"]}}],"collection":[{"href":"https:\/\/gltestm.webology.pl\/de\/wp-json\/wp\/v2\/product"}],"about":[{"href":"https:\/\/gltestm.webology.pl\/de\/wp-json\/wp\/v2\/types\/product"}],"replies":[{"embeddable":true,"href":"https:\/\/gltestm.webology.pl\/de\/wp-json\/wp\/v2\/comments?post=16892"}],"version-history":[{"count":0,"href":"https:\/\/gltestm.webology.pl\/de\/wp-json\/wp\/v2\/product\/16892\/revisions"}],"wp:featuredmedia":[{"embeddable":true,"href":"https:\/\/gltestm.webology.pl\/de\/wp-json\/wp\/v2\/media\/15205"}],"wp:attachment":[{"href":"https:\/\/gltestm.webology.pl\/de\/wp-json\/wp\/v2\/media?parent=16892"}],"wp:term":[{"taxonomy":"product_brand","embeddable":true,"href":"https:\/\/gltestm.webology.pl\/de\/wp-json\/wp\/v2\/product_brand?post=16892"},{"taxonomy":"product_cat","embeddable":true,"href":"https:\/\/gltestm.webology.pl\/de\/wp-json\/wp\/v2\/product_cat?post=16892"},{"taxonomy":"product_tag","embeddable":true,"href":"https:\/\/gltestm.webology.pl\/de\/wp-json\/wp\/v2\/product_tag?post=16892"}],"curies":[{"name":"wp","href":"https:\/\/api.w.org\/{rel}","templated":true}]}}