{"id":16880,"date":"2026-03-18T22:04:02","date_gmt":"2026-03-18T21:04:02","guid":{"rendered":"https:\/\/gltestm.webology.pl\/produkt\/kunststoffspule-fuer-lucznik-naehmaschinen\/"},"modified":"2026-03-22T21:49:59","modified_gmt":"2026-03-22T20:49:59","slug":"kunststoffspule-fuer-lucznik-naehmaschinen","status":"publish","type":"product","link":"https:\/\/gltestm.webology.pl\/de\/produkt\/kunststoffspule-fuer-lucznik-naehmaschinen\/","title":{"rendered":"Kunststoffspule f\u00fcr Lucznik-N\u00e4hmaschinen"},"content":{"rendered":"<p>Es lohnt sich, mehr Spulen zu haben als die paar, die mit der Maschine geliefert werden. Dann spulen Sie die Fadenfarben, die Sie haben, auf sie auf und ziehen sie bei Bedarf bequem heraus.<\/p>\n<p>Die Spule passt auf alle Lucznik-N\u00e4hmaschinen aus dem aktuellen Verkaufsangebot sowie auf Maschinen der 400er- und 700er-Serie (z.B. 466, 451).<\/p>\n<p><span>Genaue Ma\u00dfe der Spule:<\/span><\/p>\n<ul>\n<li>durchmesser der Spule: 2 cm, <\/li>\n<li>innendurchmesser: 0,6 cm<\/li>\n<li>au\u00dfenh\u00f6he: 1,05 cm<\/li>\n<li>innere H\u00f6he: 0,85 cm<\/li>\n<\/ul>\n<p><span>Spule f\u00fcr Maschine:<\/span> Archer Alicia 420, Archer Amelia II, Archer Anna 510, Archer Balladyna II 2020, Archer Carmen, Archer Diana 417, Archer Dorota, Archer Ewa II 2014, Archer Gabriela 875, Archer Helena 2060, Archer Izabella 888, Archer Jagoda 787, Bogensch\u00fctzin Julia 2009, Bogensch\u00fctzin Julita 777, Bogensch\u00fctzin Justina 2010, Bogensch\u00fctzin Karina 910, Bogensch\u00fctzin Karolina 2040, Bogensch\u00fctzin Katarzyna 444, Bogensch\u00fctzin Kinga 2011, Bogensch\u00fctzin Kornelia II 2004, Bogensch\u00fctzin Laura 555, Bogensch\u00fctzin Lidia 2016, Bogensch\u00fctzin Magdalena 2050, Bogensch\u00fctzen Maja 827, Bogensch\u00fctzen Malwina 2070, Bogensch\u00fctzen Maria 418, Bogensch\u00fctzen Marilyn 2018, Bogensch\u00fctzen Marta 712, Bogensch\u00fctzen Martyna 2080, Bogensch\u00fctzen Milena 419, Bogensch\u00fctzen Natalia 2007, Bogensch\u00fctzen Ola 803, Bogensch\u00fctzen Olga 418, Bogensch\u00fctzen Otylia 2006, Archer Patrycja 2090, Archer Paulina 511, Archer Paulina 512, Archer Polonia 2018, Archer Telimena II 2030, Archer Teresa, Archer Veronica 2008, Archer Sophia I 2015, Archer Sophia II 2015, Archer Hope 2019, Sylvie, Mia, Ivonne.<\/p>\n<p>Die Spule passt nicht zu den Maschinen: Mini, Lena und Everyday, sowie die fr\u00fcher produzierten N\u00e4hmaschinen mit einem Drehschaft f\u00fcr Lentikularspulen, d.h. die Maschinen der 800er Serie. Beispiele f\u00fcr Modelle, f\u00fcr die die Spule NICHT passt: 834, 814, 864, 884.<\/p>\n","protected":false},"excerpt":{"rendered":"<p>Standard-Kunststoffspule f\u00fcr Lucznik-N\u00e4hmaschinen. Entwickelt f\u00fcr den Einsatz in Lucznik-N\u00e4hmaschinen und vielen anderen Herstellern.<\/p>\n","protected":false},"featured_media":14058,"comment_status":"open","ping_status":"closed","template":"","meta":[],"product_brand":[],"product_cat":[525],"product_tag":[],"class_list":{"0":"post-16880","1":"product","2":"type-product","3":"status-publish","4":"has-post-thumbnail","6":"product_cat-szpulki-na-nici","8":"first","9":"instock","10":"taxable","11":"shipping-taxable","12":"purchasable","13":"product-type-simple"},"_links":{"self":[{"href":"https:\/\/gltestm.webology.pl\/de\/wp-json\/wp\/v2\/product\/16880","targetHints":{"allow":["GET"]}}],"collection":[{"href":"https:\/\/gltestm.webology.pl\/de\/wp-json\/wp\/v2\/product"}],"about":[{"href":"https:\/\/gltestm.webology.pl\/de\/wp-json\/wp\/v2\/types\/product"}],"replies":[{"embeddable":true,"href":"https:\/\/gltestm.webology.pl\/de\/wp-json\/wp\/v2\/comments?post=16880"}],"version-history":[{"count":0,"href":"https:\/\/gltestm.webology.pl\/de\/wp-json\/wp\/v2\/product\/16880\/revisions"}],"wp:featuredmedia":[{"embeddable":true,"href":"https:\/\/gltestm.webology.pl\/de\/wp-json\/wp\/v2\/media\/14058"}],"wp:attachment":[{"href":"https:\/\/gltestm.webology.pl\/de\/wp-json\/wp\/v2\/media?parent=16880"}],"wp:term":[{"taxonomy":"product_brand","embeddable":true,"href":"https:\/\/gltestm.webology.pl\/de\/wp-json\/wp\/v2\/product_brand?post=16880"},{"taxonomy":"product_cat","embeddable":true,"href":"https:\/\/gltestm.webology.pl\/de\/wp-json\/wp\/v2\/product_cat?post=16880"},{"taxonomy":"product_tag","embeddable":true,"href":"https:\/\/gltestm.webology.pl\/de\/wp-json\/wp\/v2\/product_tag?post=16880"}],"curies":[{"name":"wp","href":"https:\/\/api.w.org\/{rel}","templated":true}]}}