{"id":16876,"date":"2026-03-18T22:04:01","date_gmt":"2026-03-18T21:04:01","guid":{"rendered":"https:\/\/gltestm.webology.pl\/produkt\/universal-schneiderlineal-bogen\/"},"modified":"2026-03-22T21:49:51","modified_gmt":"2026-03-22T20:49:51","slug":"universal-schneiderlineal-bogen","status":"publish","type":"product","link":"https:\/\/gltestm.webology.pl\/de\/produkt\/universal-schneiderlineal-bogen\/","title":{"rendered":"Universal-Schneiderlineal Bogen"},"content":{"rendered":"<h2>Anwendung des Lineals<\/h2>\n<p>Das Schneiderlineal in Form eines Bogens eignet sich hervorragend zum Kopieren und Zeichnen ungew\u00f6hnlicher, unregelm\u00e4\u00dfiger Linien. Mit ihm k\u00f6nnen wir leicht einen Schnitt mit einer abgerundeten Kontur machen. Das Schneiderlineal hilft uns auch, die Seiten gleichm\u00e4\u00dfig abzurunden, und kann auch zum Abstecken der Seiten von R\u00f6cken oder Hosen verwendet werden.<\/p>\n<h2>Verarbeitung und Ma\u00dfstab<\/h2>\n<p>Das Universal-Schneiderlineal besteht aus transparentem Kunststoff, so dass man die Linien unter dem Lineal sehen kann. Es hat eine Zentimeterskala bis zu 60 cm.<\/p>\n","protected":false},"excerpt":{"rendered":"<p>Professionelles flexibles Schneiderlineal in Form eines Bogens f\u00fcr die Bekleidungskonstruktion.<\/p>\n","protected":false},"featured_media":15208,"comment_status":"open","ping_status":"closed","template":"","meta":[],"product_brand":[],"product_cat":[755],"product_tag":[],"class_list":{"0":"post-16876","1":"product","2":"type-product","3":"status-publish","4":"has-post-thumbnail","6":"product_cat-miary-linijki-i-cyrkle","8":"first","9":"instock","10":"taxable","11":"shipping-taxable","12":"purchasable","13":"product-type-simple"},"_links":{"self":[{"href":"https:\/\/gltestm.webology.pl\/de\/wp-json\/wp\/v2\/product\/16876","targetHints":{"allow":["GET"]}}],"collection":[{"href":"https:\/\/gltestm.webology.pl\/de\/wp-json\/wp\/v2\/product"}],"about":[{"href":"https:\/\/gltestm.webology.pl\/de\/wp-json\/wp\/v2\/types\/product"}],"replies":[{"embeddable":true,"href":"https:\/\/gltestm.webology.pl\/de\/wp-json\/wp\/v2\/comments?post=16876"}],"version-history":[{"count":0,"href":"https:\/\/gltestm.webology.pl\/de\/wp-json\/wp\/v2\/product\/16876\/revisions"}],"wp:featuredmedia":[{"embeddable":true,"href":"https:\/\/gltestm.webology.pl\/de\/wp-json\/wp\/v2\/media\/15208"}],"wp:attachment":[{"href":"https:\/\/gltestm.webology.pl\/de\/wp-json\/wp\/v2\/media?parent=16876"}],"wp:term":[{"taxonomy":"product_brand","embeddable":true,"href":"https:\/\/gltestm.webology.pl\/de\/wp-json\/wp\/v2\/product_brand?post=16876"},{"taxonomy":"product_cat","embeddable":true,"href":"https:\/\/gltestm.webology.pl\/de\/wp-json\/wp\/v2\/product_cat?post=16876"},{"taxonomy":"product_tag","embeddable":true,"href":"https:\/\/gltestm.webology.pl\/de\/wp-json\/wp\/v2\/product_tag?post=16876"}],"curies":[{"name":"wp","href":"https:\/\/api.w.org\/{rel}","templated":true}]}}