{"id":16864,"date":"2026-03-18T22:04:01","date_gmt":"2026-03-18T21:04:01","guid":{"rendered":"https:\/\/gltestm.webology.pl\/produkt\/gewindeschneider\/"},"modified":"2026-03-22T21:49:45","modified_gmt":"2026-03-22T20:49:45","slug":"gewindeschneider","status":"publish","type":"product","link":"https:\/\/gltestm.webology.pl\/de\/produkt\/gewindeschneider\/","title":{"rendered":"Gewindeschneider"},"content":{"rendered":"<h2><strong>Wozu werden Fadenschneider verwendet?<\/strong><\/h2>\n<p>Fadenschneider sind ein n\u00fctzliches kleines Ger\u00e4t, das Sie immer zur Hand haben k\u00f6nnen. Mit ihnen lassen sich F\u00e4den, Garne, Schn\u00fcre oder Schn\u00fcre schnell und pr\u00e4zise abschneiden. Sie eignen sich auch perfekt f\u00fcr alle N\u00e4harbeiten beim Stricken, denn sie helfen beim Durchtrennen von L\u00f6chern, N\u00e4hten und Taschen.<\/p>\n<h2><strong>Scharfes Ende<\/strong><\/h2>\n<p>Dank der Tatsache, dass sie mit einem scharfen Schnitt fertig sind, k\u00f6nnen sie unsere R\u00fcsche ersetzen. Wir k\u00f6nnen auch das Messer im B\u00fcro, Angeln oder jede andere Notwendigkeit, wenn eine Schere zu grob sind zu verwenden.<\/p>\n<h2><strong>Design und Gr\u00f6\u00dfe der Schere<\/strong><\/h2>\n<p>Sie besteht aus Metall und ist daher sehr haltbar. Der scharfe Schnitt am Ende erm\u00f6glicht ein einfaches und pr\u00e4zises Schneiden.<\/p>\n<p>Die Metallschere ist 10,6 cm lang.<\/p>\n<p>Die Scheren sind mit \u00d6l gesch\u00fctzt, daher sollten Sie sie vor dem Gebrauch mit einem Tuch abwischen.<\/p>\n<p>Die Scheren sind in drei Farben erh\u00e4ltlich: blau, rot und schwarz. Die Farbe wird zuf\u00e4llig verschickt!<\/p>\n","protected":false},"excerpt":{"rendered":"<p>Praktische Schere in einer von drei Farben zum Schneiden von F\u00e4den. Sie kann auch zu Hause und im B\u00fcro n\u00fctzlich sein.<\/p>\n","protected":false},"featured_media":14484,"comment_status":"open","ping_status":"closed","template":"","meta":[],"product_brand":[],"product_cat":[770],"product_tag":[],"class_list":{"0":"post-16864","1":"product","2":"type-product","3":"status-publish","4":"has-post-thumbnail","6":"product_cat-nozyce-i-obcinaczki","8":"first","9":"instock","10":"taxable","11":"shipping-taxable","12":"purchasable","13":"product-type-simple"},"_links":{"self":[{"href":"https:\/\/gltestm.webology.pl\/de\/wp-json\/wp\/v2\/product\/16864","targetHints":{"allow":["GET"]}}],"collection":[{"href":"https:\/\/gltestm.webology.pl\/de\/wp-json\/wp\/v2\/product"}],"about":[{"href":"https:\/\/gltestm.webology.pl\/de\/wp-json\/wp\/v2\/types\/product"}],"replies":[{"embeddable":true,"href":"https:\/\/gltestm.webology.pl\/de\/wp-json\/wp\/v2\/comments?post=16864"}],"version-history":[{"count":0,"href":"https:\/\/gltestm.webology.pl\/de\/wp-json\/wp\/v2\/product\/16864\/revisions"}],"wp:featuredmedia":[{"embeddable":true,"href":"https:\/\/gltestm.webology.pl\/de\/wp-json\/wp\/v2\/media\/14484"}],"wp:attachment":[{"href":"https:\/\/gltestm.webology.pl\/de\/wp-json\/wp\/v2\/media?parent=16864"}],"wp:term":[{"taxonomy":"product_brand","embeddable":true,"href":"https:\/\/gltestm.webology.pl\/de\/wp-json\/wp\/v2\/product_brand?post=16864"},{"taxonomy":"product_cat","embeddable":true,"href":"https:\/\/gltestm.webology.pl\/de\/wp-json\/wp\/v2\/product_cat?post=16864"},{"taxonomy":"product_tag","embeddable":true,"href":"https:\/\/gltestm.webology.pl\/de\/wp-json\/wp\/v2\/product_tag?post=16864"}],"curies":[{"name":"wp","href":"https:\/\/api.w.org\/{rel}","templated":true}]}}