{"id":16852,"date":"2026-03-18T22:04:00","date_gmt":"2026-03-18T21:04:00","guid":{"rendered":"https:\/\/gltestm.webology.pl\/produkt\/stift-des-schneiders\/"},"modified":"2026-03-22T21:49:27","modified_gmt":"2026-03-22T20:49:27","slug":"stift-des-schneiders","status":"publish","type":"product","link":"https:\/\/gltestm.webology.pl\/de\/produkt\/stift-des-schneiders\/","title":{"rendered":"Stift des Schneiders"},"content":{"rendered":"<p>Schneiderstift zum <strong>Markieren von Nahtlinien<\/strong> mit <strong>Kreide (Feder)<\/strong>. <\/p>\n<p><span>Die Sichtbarkeit der Markierungen des Stifts h\u00e4ngt von der Farbe des Stoffes ab.<\/span><\/p>\n<p>Der Stift ist aus PVC und hat einen speziellen Schieber, mit dem man die L\u00e4nge der Kreide einstellen kann. <\/p>\n<p>Die Patronen k\u00f6nnen ersetzt werden, wenn sie abgenutzt sind. <\/p>\n<p><strong>Achtung!<\/strong><\/p>\n<p><span><strong>Der Stift wird ohne Mine verkauft (leerer K\u00f6rper). Minen f\u00fcr den Stift m\u00fcssen zus\u00e4tzlich gekauft werden! <\/strong><\/span><\/p>\n","protected":false},"excerpt":{"rendered":"<p>Stift zum Markieren von Linien auf Stoffen und Textilien<\/p>\n","protected":false},"featured_media":15363,"comment_status":"open","ping_status":"closed","template":"","meta":[],"product_brand":[],"product_cat":[745],"product_tag":[],"class_list":{"0":"post-16852","1":"product","2":"type-product","3":"status-publish","4":"has-post-thumbnail","6":"product_cat-mydelka-krawieckie-i-ich-zamienniki","8":"first","9":"instock","10":"taxable","11":"shipping-taxable","12":"purchasable","13":"product-type-simple"},"_links":{"self":[{"href":"https:\/\/gltestm.webology.pl\/de\/wp-json\/wp\/v2\/product\/16852","targetHints":{"allow":["GET"]}}],"collection":[{"href":"https:\/\/gltestm.webology.pl\/de\/wp-json\/wp\/v2\/product"}],"about":[{"href":"https:\/\/gltestm.webology.pl\/de\/wp-json\/wp\/v2\/types\/product"}],"replies":[{"embeddable":true,"href":"https:\/\/gltestm.webology.pl\/de\/wp-json\/wp\/v2\/comments?post=16852"}],"version-history":[{"count":0,"href":"https:\/\/gltestm.webology.pl\/de\/wp-json\/wp\/v2\/product\/16852\/revisions"}],"wp:featuredmedia":[{"embeddable":true,"href":"https:\/\/gltestm.webology.pl\/de\/wp-json\/wp\/v2\/media\/15363"}],"wp:attachment":[{"href":"https:\/\/gltestm.webology.pl\/de\/wp-json\/wp\/v2\/media?parent=16852"}],"wp:term":[{"taxonomy":"product_brand","embeddable":true,"href":"https:\/\/gltestm.webology.pl\/de\/wp-json\/wp\/v2\/product_brand?post=16852"},{"taxonomy":"product_cat","embeddable":true,"href":"https:\/\/gltestm.webology.pl\/de\/wp-json\/wp\/v2\/product_cat?post=16852"},{"taxonomy":"product_tag","embeddable":true,"href":"https:\/\/gltestm.webology.pl\/de\/wp-json\/wp\/v2\/product_tag?post=16852"}],"curies":[{"name":"wp","href":"https:\/\/api.w.org\/{rel}","templated":true}]}}