{"id":16848,"date":"2026-03-18T22:04:00","date_gmt":"2026-03-18T21:04:00","guid":{"rendered":"https:\/\/gltestm.webology.pl\/produkt\/pedal-fuer-maschine-modell-hkt-72-c-trapezfoermiger-stecker\/"},"modified":"2026-03-22T21:49:23","modified_gmt":"2026-03-22T20:49:23","slug":"pedal-fuer-maschine-modell-hkt-72-c-trapezfoermiger-stecker","status":"publish","type":"product","link":"https:\/\/gltestm.webology.pl\/de\/produkt\/pedal-fuer-maschine-modell-hkt-72-c-trapezfoermiger-stecker\/","title":{"rendered":"Pedal f\u00fcr Maschine Modell HKT-72 C &#8211; trapezf\u00f6rmiger Stecker"},"content":{"rendered":"<p><strong>N\u00e4hgeschwindigkeitsregler<\/strong>, geeignet f\u00fcr <strong>Lucznik-Maschinen<\/strong>. Er steuert die Geschwindigkeit der Motoren in den <strong>N\u00e4hmaschinen<\/strong>. <strong>Der Starter <\/strong>hat auch ein Kabel, um die Maschine zum Starten an das Stromnetz anzuschlie\u00dfen.<\/p>\n<p><strong>Hinweis<\/strong>: fr\u00fchere Bezeichnung des Reglers <strong>HKT-7<\/strong><\/p>\n<h2>Kompatibilit\u00e4t mit Maschinen<\/h2>\n<p><strong>Lucznik-Maschinen und Overlocks<\/strong>, die mit diesem Regler HKT-72 C kompatibel sind<\/p>\n<ul>\n<li>Milena 419, Milena II 419<\/li>\n<li>Karina 910<\/li>\n<li>Weronika 2008, Weronika II 2008<\/li>\n<li>Ewa 2014, Ewa II 2014<\/li>\n<li>Sylvie<\/li>\n<li>Mia<\/li>\n<li>Ivonne<\/li>\n<li>Otylia 2006<\/li>\n<li>Julia 2009<\/li>\n<li>Verriegelung: 720D4, 820D5, 820D3, 620D<\/li>\n<\/ul>\n<h2>Kompatibilit\u00e4t mit anderen Modellen<\/h2>\n<ul>\n<li>Bernette Modell 320, 330<\/li>\n<li>Euro Pro, Omega Modell 373, 473<\/li>\n<li>Husqvarna Viking Modell Huskylock 901, Huskylock 905, Huskylock 910<\/li>\n<li>Singer Modell 3503, 3507, 3514, 3515, 14U12A, 14U13A<\/li>\n<li>Riccar Modell 410, 420, 430, 440<\/li>\n<li>Wei\u00df, Modell 234DE.<\/li>\n<\/ul>\n<p><strong>Hinweis<\/strong>: Je nach Hersteller und Modell k\u00f6nnen die Typenschilder der Regulatoren unterschiedlich sein. \u00dcberpr\u00fcfen Sie vor dem Kauf, ob das Modell oben aufgef\u00fchrt ist und vergleichen Sie die Abbildung mit dem Stecker des werkseitig gelieferten Reglers oder der Maschinensteckdose. <span>Bei der Auswahl sollten Sie sich an der Form des Steckers orientieren.<\/span><\/p>\n","protected":false},"excerpt":{"rendered":"<p>N\u00e4hgeschwindigkeitsregler geeignet f\u00fcr Lucznik, Singer, Husqvarna, Bernette und andere Maschinen. Wird mit einem Kabel geliefert, mit dem die Maschine zur Inbetriebnahme an das Stromnetz angeschlossen werden kann.  Trapezf\u00f6rmiger Stecker. Fr\u00fchere Bezeichn<\/p>\n","protected":false},"featured_media":13233,"comment_status":"open","ping_status":"closed","template":"","meta":[],"product_brand":[],"product_cat":[480],"product_tag":[],"class_list":{"0":"post-16848","1":"product","2":"type-product","3":"status-publish","4":"has-post-thumbnail","6":"product_cat-pedaly-do-maszyn-i-regulatory-obrotow","8":"first","9":"instock","10":"taxable","11":"shipping-taxable","12":"purchasable","13":"product-type-simple"},"_links":{"self":[{"href":"https:\/\/gltestm.webology.pl\/de\/wp-json\/wp\/v2\/product\/16848","targetHints":{"allow":["GET"]}}],"collection":[{"href":"https:\/\/gltestm.webology.pl\/de\/wp-json\/wp\/v2\/product"}],"about":[{"href":"https:\/\/gltestm.webology.pl\/de\/wp-json\/wp\/v2\/types\/product"}],"replies":[{"embeddable":true,"href":"https:\/\/gltestm.webology.pl\/de\/wp-json\/wp\/v2\/comments?post=16848"}],"version-history":[{"count":0,"href":"https:\/\/gltestm.webology.pl\/de\/wp-json\/wp\/v2\/product\/16848\/revisions"}],"wp:featuredmedia":[{"embeddable":true,"href":"https:\/\/gltestm.webology.pl\/de\/wp-json\/wp\/v2\/media\/13233"}],"wp:attachment":[{"href":"https:\/\/gltestm.webology.pl\/de\/wp-json\/wp\/v2\/media?parent=16848"}],"wp:term":[{"taxonomy":"product_brand","embeddable":true,"href":"https:\/\/gltestm.webology.pl\/de\/wp-json\/wp\/v2\/product_brand?post=16848"},{"taxonomy":"product_cat","embeddable":true,"href":"https:\/\/gltestm.webology.pl\/de\/wp-json\/wp\/v2\/product_cat?post=16848"},{"taxonomy":"product_tag","embeddable":true,"href":"https:\/\/gltestm.webology.pl\/de\/wp-json\/wp\/v2\/product_tag?post=16848"}],"curies":[{"name":"wp","href":"https:\/\/api.w.org\/{rel}","templated":true}]}}